{"id":4652,"date":"2023-05-09T09:33:50","date_gmt":"2023-05-09T07:33:50","guid":{"rendered":"http:\/\/cedrat-technologies.com\/produit\/ecs75\/"},"modified":"2023-08-08T16:04:11","modified_gmt":"2023-08-08T14:04:11","slug":"ecs75","status":"publish","type":"product","link":"https:\/\/cedrat-technologies.com\/fr\/produit\/ecs75\/","title":{"rendered":"ECS75"},"content":{"rendered":"<p>Le conditionneur de sonde de courant de Foucault ECS75 est impl\u00e9ment\u00e9 sur une carte 19&prime; et peut inclure jusqu\u2019\u00e0 3 canaux ind\u00e9pendants. Le gain de chaque canal est g\u00e9n\u00e9ralement d\u00e9fini lorsque le capteur de courant de Foucault est int\u00e9gr\u00e9 dans le m\u00e9canisme pi\u00e9zo\u00e9lectrique.<\/p>\n","protected":false},"excerpt":{"rendered":"<p>Le conditionneur de sonde de courant de Foucault ECS75 est impl\u00e9ment\u00e9 sur une carte 19&prime; et peut inclure jusqu\u2019\u00e0 3 canaux ind\u00e9pendants. Le gain de chaque canal est g\u00e9n\u00e9ralement d\u00e9fini lorsque le capteur de courant de Foucault est int\u00e9gr\u00e9 dans le m\u00e9canisme pi\u00e9zo\u00e9lectrique.<\/p>\n","protected":false},"featured_media":8267,"comment_status":"closed","ping_status":"closed","template":"","meta":{"_acf_changed":false,"_seopress_robots_primary_cat":"none","_seopress_titles_title":"","_seopress_titles_desc":"","_seopress_robots_index":""},"product_brand":[],"product_cat":[1369,1371],"product_tag":[],"class_list":{"0":"post-4652","1":"product","2":"type-product","3":"status-publish","4":"has-post-thumbnail","6":"product_cat-capteurs","7":"product_cat-capteurs-de-courant-de-foucault-capteurs","8":"pa_derive-thermique-005-fs-c","9":"pa_largeur-de-bande-de-sortie-20-khz","10":"pa_nombre-de-canaux-334","11":"pa_resolution-0003-de-la-pleine-echelle","12":"pa_statut-standard","13":"pa_tension-de-sortie-1010-v","15":"first","16":"instock","17":"product-type-simple"},"acf":[],"_links":{"self":[{"href":"https:\/\/cedrat-technologies.com\/fr\/wp-json\/wp\/v2\/product\/4652","targetHints":{"allow":["GET"]}}],"collection":[{"href":"https:\/\/cedrat-technologies.com\/fr\/wp-json\/wp\/v2\/product"}],"about":[{"href":"https:\/\/cedrat-technologies.com\/fr\/wp-json\/wp\/v2\/types\/product"}],"replies":[{"embeddable":true,"href":"https:\/\/cedrat-technologies.com\/fr\/wp-json\/wp\/v2\/comments?post=4652"}],"version-history":[{"count":0,"href":"https:\/\/cedrat-technologies.com\/fr\/wp-json\/wp\/v2\/product\/4652\/revisions"}],"wp:featuredmedia":[{"embeddable":true,"href":"https:\/\/cedrat-technologies.com\/fr\/wp-json\/wp\/v2\/media\/8267"}],"wp:attachment":[{"href":"https:\/\/cedrat-technologies.com\/fr\/wp-json\/wp\/v2\/media?parent=4652"}],"wp:term":[{"taxonomy":"product_brand","embeddable":true,"href":"https:\/\/cedrat-technologies.com\/fr\/wp-json\/wp\/v2\/product_brand?post=4652"},{"taxonomy":"product_cat","embeddable":true,"href":"https:\/\/cedrat-technologies.com\/fr\/wp-json\/wp\/v2\/product_cat?post=4652"},{"taxonomy":"product_tag","embeddable":true,"href":"https:\/\/cedrat-technologies.com\/fr\/wp-json\/wp\/v2\/product_tag?post=4652"}],"curies":[{"name":"wp","href":"https:\/\/api.w.org\/{rel}","templated":true}]}}