{"id":4647,"date":"2023-05-09T09:33:50","date_gmt":"2023-05-09T07:33:50","guid":{"rendered":"http:\/\/cedrat-technologies.com\/produit\/ecp1000\/"},"modified":"2024-02-08T11:22:14","modified_gmt":"2024-02-08T10:22:14","slug":"ecp1000","status":"publish","type":"product","link":"https:\/\/cedrat-technologies.com\/fr\/produit\/ecp1000\/","title":{"rendered":"ECP1000"},"content":{"rendered":"<p>La sonde de courant de Foucault ECP1000 est un capteur sans contact capable de mesurer la distance sur une plage de 1000um. Possibilit\u00e9 de port\u00e9e \u00e9tendue jusqu\u2019\u00e0 2000um.<\/p>\n","protected":false},"excerpt":{"rendered":"<p>La sonde de courant de Foucault ECP1000 est un capteur sans contact capable de mesurer la distance sur une plage de 1000um. Possibilit\u00e9 de port\u00e9e \u00e9tendue jusqu\u2019\u00e0 2000um.<\/p>\n","protected":false},"featured_media":8265,"comment_status":"closed","ping_status":"closed","template":"","meta":{"_acf_changed":false,"_seopress_robots_primary_cat":"none","_seopress_titles_title":"","_seopress_titles_desc":"","_seopress_robots_index":""},"product_brand":[],"product_cat":[1369,1371],"product_tag":[],"class_list":{"0":"post-4647","1":"product","2":"type-product","3":"status-publish","4":"has-post-thumbnail","6":"product_cat-capteurs","7":"product_cat-capteurs-de-courant-de-foucault-capteurs","8":"pa_options-disponibles-paquets-de-cables-droits-a-angle-droit","9":"pa_plage-nominale-1000-m","10":"pa_resolution-bw1khz-0003-de-la-pleine-echelle","11":"pa_statut-produit-integre","13":"first","14":"instock","15":"product-type-simple"},"acf":[],"_links":{"self":[{"href":"https:\/\/cedrat-technologies.com\/fr\/wp-json\/wp\/v2\/product\/4647","targetHints":{"allow":["GET"]}}],"collection":[{"href":"https:\/\/cedrat-technologies.com\/fr\/wp-json\/wp\/v2\/product"}],"about":[{"href":"https:\/\/cedrat-technologies.com\/fr\/wp-json\/wp\/v2\/types\/product"}],"replies":[{"embeddable":true,"href":"https:\/\/cedrat-technologies.com\/fr\/wp-json\/wp\/v2\/comments?post=4647"}],"version-history":[{"count":0,"href":"https:\/\/cedrat-technologies.com\/fr\/wp-json\/wp\/v2\/product\/4647\/revisions"}],"wp:featuredmedia":[{"embeddable":true,"href":"https:\/\/cedrat-technologies.com\/fr\/wp-json\/wp\/v2\/media\/8265"}],"wp:attachment":[{"href":"https:\/\/cedrat-technologies.com\/fr\/wp-json\/wp\/v2\/media?parent=4647"}],"wp:term":[{"taxonomy":"product_brand","embeddable":true,"href":"https:\/\/cedrat-technologies.com\/fr\/wp-json\/wp\/v2\/product_brand?post=4647"},{"taxonomy":"product_cat","embeddable":true,"href":"https:\/\/cedrat-technologies.com\/fr\/wp-json\/wp\/v2\/product_cat?post=4647"},{"taxonomy":"product_tag","embeddable":true,"href":"https:\/\/cedrat-technologies.com\/fr\/wp-json\/wp\/v2\/product_tag?post=4647"}],"curies":[{"name":"wp","href":"https:\/\/api.w.org\/{rel}","templated":true}]}}