{"id":4623,"date":"2023-05-09T09:33:50","date_gmt":"2023-05-09T07:33:50","guid":{"rendered":"http:\/\/cedrat-technologies.com\/produit\/strain-gauge-sensor\/"},"modified":"2024-02-08T11:23:09","modified_gmt":"2024-02-08T10:23:09","slug":"strain-gauge-sensor","status":"publish","type":"product","link":"https:\/\/cedrat-technologies.com\/fr\/produit\/strain-gauge-sensor\/","title":{"rendered":"Strain Gauge Sensor"},"content":{"rendered":"<p>Le capteur de jauge de contrainte SG est un capteur de contact qui est li\u00e9 \u00e0 la c\u00e9ramique afin de mesurer leur d\u00e9formation.<\/p>\n","protected":false},"excerpt":{"rendered":"<p>Le capteur de jauge de contrainte SG est un capteur de contact qui est li\u00e9 \u00e0 la c\u00e9ramique afin de mesurer leur d\u00e9formation.<\/p>\n","protected":false},"featured_media":8261,"comment_status":"closed","ping_status":"closed","template":"","meta":{"_acf_changed":false,"_seopress_robots_primary_cat":"none","_seopress_titles_title":"","_seopress_titles_desc":"","_seopress_robots_index":""},"product_brand":[],"product_cat":[1369,1370],"product_tag":[],"class_list":{"0":"post-4623","1":"product","2":"type-product","3":"status-publish","4":"has-post-thumbnail","6":"product_cat-capteurs","7":"product_cat-jauges-de-contrainte-capteurs","8":"pa_compatibilite-vide-oui","9":"pa_options-disponibles-autres-interfaces-sur-demande","10":"pa_pont-de-sensibilite-133-uv-ppm-v","11":"pa_pont-dimpedance-350-ohms","12":"pa_statut-produit-integre","14":"first","15":"instock","16":"product-type-simple"},"acf":[],"_links":{"self":[{"href":"https:\/\/cedrat-technologies.com\/fr\/wp-json\/wp\/v2\/product\/4623","targetHints":{"allow":["GET"]}}],"collection":[{"href":"https:\/\/cedrat-technologies.com\/fr\/wp-json\/wp\/v2\/product"}],"about":[{"href":"https:\/\/cedrat-technologies.com\/fr\/wp-json\/wp\/v2\/types\/product"}],"replies":[{"embeddable":true,"href":"https:\/\/cedrat-technologies.com\/fr\/wp-json\/wp\/v2\/comments?post=4623"}],"version-history":[{"count":0,"href":"https:\/\/cedrat-technologies.com\/fr\/wp-json\/wp\/v2\/product\/4623\/revisions"}],"wp:featuredmedia":[{"embeddable":true,"href":"https:\/\/cedrat-technologies.com\/fr\/wp-json\/wp\/v2\/media\/8261"}],"wp:attachment":[{"href":"https:\/\/cedrat-technologies.com\/fr\/wp-json\/wp\/v2\/media?parent=4623"}],"wp:term":[{"taxonomy":"product_brand","embeddable":true,"href":"https:\/\/cedrat-technologies.com\/fr\/wp-json\/wp\/v2\/product_brand?post=4623"},{"taxonomy":"product_cat","embeddable":true,"href":"https:\/\/cedrat-technologies.com\/fr\/wp-json\/wp\/v2\/product_cat?post=4623"},{"taxonomy":"product_tag","embeddable":true,"href":"https:\/\/cedrat-technologies.com\/fr\/wp-json\/wp\/v2\/product_tag?post=4623"}],"curies":[{"name":"wp","href":"https:\/\/api.w.org\/{rel}","templated":true}]}}