{"id":4615,"date":"2023-05-09T09:33:50","date_gmt":"2023-05-09T07:33:50","guid":{"rendered":"http:\/\/cedrat-technologies.com\/produit\/cmau10\/"},"modified":"2025-02-14T10:40:56","modified_gmt":"2025-02-14T09:40:56","slug":"cmau10","status":"publish","type":"product","link":"https:\/\/cedrat-technologies.com\/fr\/produit\/cmau10\/","title":{"rendered":"CMAu10"},"content":{"rendered":"<p>La nouvelle \u00e9lectronique de commande CMA\u00b510 a \u00e9t\u00e9 sp\u00e9cialement d\u00e9velopp\u00e9e pour la commande d&rsquo;actionneurs magn\u00e9tiques lin\u00e9aires de petite taille, tels que le <a href=\"https:\/\/cedrat-technologies.com\/fr\/produit\/mica20cs-fb\/\">MICA20CS<\/a>, ainsi que des Fast Steering Mirrors magn\u00e9tiques de petite taille, tels que <a href=\"https:\/\/cedrat-technologies.com\/fr\/produit\/m-fsm62\/\">M-FSM62<\/a>.<\/p>\n","protected":false},"excerpt":{"rendered":"<p>La nouvelle \u00e9lectronique de commande CMA\u00b510 a \u00e9t\u00e9 sp\u00e9cialement d\u00e9velopp\u00e9e pour la commande d&rsquo;actionneurs magn\u00e9tiques lin\u00e9aires de petite taille, tels que le MICA20CS, ainsi que des Fast Steering Mirrors magn\u00e9tiques de petite taille, tels que M-FSM62.<\/p>\n","protected":false},"featured_media":8259,"comment_status":"closed","ping_status":"closed","template":"","meta":{"_acf_changed":false,"_seopress_robots_primary_cat":"none","_seopress_titles_title":"","_seopress_titles_desc":"","_seopress_robots_index":""},"product_brand":[],"product_cat":[1368,1367],"product_tag":[],"class_list":{"0":"post-4615","1":"product","2":"type-product","3":"status-publish","4":"has-post-thumbnail","6":"product_cat-amplificateurs-standalone-magnetiques-controleurs-magnetiques","7":"product_cat-controleurs-magnetiques","8":"pa_charge-de-sortie-max-illimitee","9":"pa_decalage-de-courant-de-sortie-5-ma","10":"pa_statut-standard","12":"first","13":"instock","14":"product-type-simple"},"acf":[],"_links":{"self":[{"href":"https:\/\/cedrat-technologies.com\/fr\/wp-json\/wp\/v2\/product\/4615","targetHints":{"allow":["GET"]}}],"collection":[{"href":"https:\/\/cedrat-technologies.com\/fr\/wp-json\/wp\/v2\/product"}],"about":[{"href":"https:\/\/cedrat-technologies.com\/fr\/wp-json\/wp\/v2\/types\/product"}],"replies":[{"embeddable":true,"href":"https:\/\/cedrat-technologies.com\/fr\/wp-json\/wp\/v2\/comments?post=4615"}],"version-history":[{"count":0,"href":"https:\/\/cedrat-technologies.com\/fr\/wp-json\/wp\/v2\/product\/4615\/revisions"}],"wp:featuredmedia":[{"embeddable":true,"href":"https:\/\/cedrat-technologies.com\/fr\/wp-json\/wp\/v2\/media\/8259"}],"wp:attachment":[{"href":"https:\/\/cedrat-technologies.com\/fr\/wp-json\/wp\/v2\/media?parent=4615"}],"wp:term":[{"taxonomy":"product_brand","embeddable":true,"href":"https:\/\/cedrat-technologies.com\/fr\/wp-json\/wp\/v2\/product_brand?post=4615"},{"taxonomy":"product_cat","embeddable":true,"href":"https:\/\/cedrat-technologies.com\/fr\/wp-json\/wp\/v2\/product_cat?post=4615"},{"taxonomy":"product_tag","embeddable":true,"href":"https:\/\/cedrat-technologies.com\/fr\/wp-json\/wp\/v2\/product_tag?post=4615"}],"curies":[{"name":"wp","href":"https:\/\/api.w.org\/{rel}","templated":true}]}}