{"id":4607,"date":"2023-05-09T09:33:50","date_gmt":"2023-05-09T07:33:50","guid":{"rendered":"http:\/\/cedrat-technologies.com\/produit\/mcsa48\/"},"modified":"2023-08-21T13:56:03","modified_gmt":"2023-08-21T11:56:03","slug":"mcsa480","status":"publish","type":"product","link":"https:\/\/cedrat-technologies.com\/fr\/produit\/mcsa480\/","title":{"rendered":"MCSA480"},"content":{"rendered":"<p>Le MCSA480 est un amplificateur \u00e0 d\u00e9coupage compact \u00e0 2 voies, con\u00e7u pour les m\u00e9canismes de type M-FSM. Il poss\u00e8de un contr\u00f4leur de courant \u00e0 large bande et utilise une source de courant continu externe. Il peut \u00eatre contr\u00f4l\u00e9 en boucle ferm\u00e9e via 2 entr\u00e9es analogiques pour les consignes et 2 entr\u00e9es analogiques pour les capteurs de position.<\/p>\n","protected":false},"excerpt":{"rendered":"<p>Le MCSA480 est un amplificateur \u00e0 d\u00e9coupage compact \u00e0 2 voies, con\u00e7u pour les m\u00e9canismes de type M-FSM. Il poss\u00e8de un contr\u00f4leur de courant \u00e0 large bande et utilise une source de courant continu externe. Il peut \u00eatre contr\u00f4l\u00e9 en boucle ferm\u00e9e via 2 entr\u00e9es analogiques pour les consignes et 2 entr\u00e9es analogiques pour les &#8230; <a title=\"MCSA480\" class=\"read-more\" href=\"https:\/\/cedrat-technologies.com\/fr\/produit\/mcsa480\/\" aria-label=\"En savoir plus sur MCSA480\">Lire la suite<\/a><\/p>\n","protected":false},"featured_media":8257,"comment_status":"closed","ping_status":"closed","template":"","meta":{"_acf_changed":false,"_seopress_robots_primary_cat":"none","_seopress_titles_title":"","_seopress_titles_desc":"","_seopress_robots_index":""},"product_brand":[],"product_cat":[1368,1367],"product_tag":[],"class_list":{"0":"post-4607","1":"product","2":"type-product","3":"status-publish","4":"has-post-thumbnail","6":"product_cat-amplificateurs-standalone-magnetiques-controleurs-magnetiques","7":"product_cat-controleurs-magnetiques","8":"pa_puissance-de-sortie-48-96-w","9":"pa_statut-preliminaire","10":"pa_tension-dalimentation-24-48-vdc","12":"first","13":"instock","14":"product-type-simple"},"acf":[],"_links":{"self":[{"href":"https:\/\/cedrat-technologies.com\/fr\/wp-json\/wp\/v2\/product\/4607","targetHints":{"allow":["GET"]}}],"collection":[{"href":"https:\/\/cedrat-technologies.com\/fr\/wp-json\/wp\/v2\/product"}],"about":[{"href":"https:\/\/cedrat-technologies.com\/fr\/wp-json\/wp\/v2\/types\/product"}],"replies":[{"embeddable":true,"href":"https:\/\/cedrat-technologies.com\/fr\/wp-json\/wp\/v2\/comments?post=4607"}],"version-history":[{"count":0,"href":"https:\/\/cedrat-technologies.com\/fr\/wp-json\/wp\/v2\/product\/4607\/revisions"}],"wp:featuredmedia":[{"embeddable":true,"href":"https:\/\/cedrat-technologies.com\/fr\/wp-json\/wp\/v2\/media\/8257"}],"wp:attachment":[{"href":"https:\/\/cedrat-technologies.com\/fr\/wp-json\/wp\/v2\/media?parent=4607"}],"wp:term":[{"taxonomy":"product_brand","embeddable":true,"href":"https:\/\/cedrat-technologies.com\/fr\/wp-json\/wp\/v2\/product_brand?post=4607"},{"taxonomy":"product_cat","embeddable":true,"href":"https:\/\/cedrat-technologies.com\/fr\/wp-json\/wp\/v2\/product_cat?post=4607"},{"taxonomy":"product_tag","embeddable":true,"href":"https:\/\/cedrat-technologies.com\/fr\/wp-json\/wp\/v2\/product_tag?post=4607"}],"curies":[{"name":"wp","href":"https:\/\/api.w.org\/{rel}","templated":true}]}}