{"id":4599,"date":"2023-05-09T09:33:50","date_gmt":"2023-05-09T07:33:50","guid":{"rendered":"http:\/\/cedrat-technologies.com\/produit\/uc55\/"},"modified":"2025-02-14T09:32:50","modified_gmt":"2025-02-14T08:32:50","slug":"uc55","status":"publish","type":"product","link":"https:\/\/cedrat-technologies.com\/fr\/produit\/uc55\/","title":{"rendered":"UC55"},"content":{"rendered":"<p>La carte UC55 a le m\u00eame format que la UC45, mais elle dispose d\u2019un taux de contr\u00f4le plus \u00e9lev\u00e9 et il existe en trois versions diff\u00e9rentes : un canal, deux canaux et trois canaux. En un canal, le taux de contr\u00f4le est de 30kSps, en deux canaux, 15kSps, et en trois canaux, 10kSps. Les cartes UC55 peuvent \u00e9galement \u00eatre empil\u00e9es pour g\u00e9rer plusieurs canaux de commande ind\u00e9pendants \u00e0 haute fr\u00e9quence (jusqu\u2019\u00e0 3).<\/p>\n","protected":false},"excerpt":{"rendered":"<p>La carte UC55 a le m\u00eame format que la UC45, mais elle dispose d\u2019un taux de contr\u00f4le plus \u00e9lev\u00e9 et il existe en trois versions diff\u00e9rentes : un canal, deux canaux et trois canaux. En un canal, le taux de contr\u00f4le est de 30kSps, en deux canaux, 15kSps, et en trois canaux, 10kSps. Les cartes &#8230; <a title=\"UC55\" class=\"read-more\" href=\"https:\/\/cedrat-technologies.com\/fr\/produit\/uc55\/\" aria-label=\"En savoir plus sur UC55\">Lire la suite<\/a><\/p>\n","protected":false},"featured_media":8255,"comment_status":"closed","ping_status":"closed","template":"","meta":{"_acf_changed":false,"_seopress_robots_primary_cat":"none","_seopress_titles_title":"","_seopress_titles_desc":"","_seopress_robots_index":""},"product_brand":[],"product_cat":[1366,1360],"product_tag":[],"class_list":{"0":"post-4599","1":"product","2":"type-product","3":"status-publish","4":"has-post-thumbnail","6":"product_cat-controleurs-digitaux-controleurs-piezo","7":"product_cat-controleurs-piezo","8":"pa_frequence-dechantillonnage-10-15-30-ksps","9":"pa_interface-informatique-usb-type-b","10":"pa_statut-standard","12":"first","13":"instock","14":"product-type-simple"},"acf":[],"_links":{"self":[{"href":"https:\/\/cedrat-technologies.com\/fr\/wp-json\/wp\/v2\/product\/4599","targetHints":{"allow":["GET"]}}],"collection":[{"href":"https:\/\/cedrat-technologies.com\/fr\/wp-json\/wp\/v2\/product"}],"about":[{"href":"https:\/\/cedrat-technologies.com\/fr\/wp-json\/wp\/v2\/types\/product"}],"replies":[{"embeddable":true,"href":"https:\/\/cedrat-technologies.com\/fr\/wp-json\/wp\/v2\/comments?post=4599"}],"version-history":[{"count":0,"href":"https:\/\/cedrat-technologies.com\/fr\/wp-json\/wp\/v2\/product\/4599\/revisions"}],"wp:featuredmedia":[{"embeddable":true,"href":"https:\/\/cedrat-technologies.com\/fr\/wp-json\/wp\/v2\/media\/8255"}],"wp:attachment":[{"href":"https:\/\/cedrat-technologies.com\/fr\/wp-json\/wp\/v2\/media?parent=4599"}],"wp:term":[{"taxonomy":"product_brand","embeddable":true,"href":"https:\/\/cedrat-technologies.com\/fr\/wp-json\/wp\/v2\/product_brand?post=4599"},{"taxonomy":"product_cat","embeddable":true,"href":"https:\/\/cedrat-technologies.com\/fr\/wp-json\/wp\/v2\/product_cat?post=4599"},{"taxonomy":"product_tag","embeddable":true,"href":"https:\/\/cedrat-technologies.com\/fr\/wp-json\/wp\/v2\/product_tag?post=4599"}],"curies":[{"name":"wp","href":"https:\/\/api.w.org\/{rel}","templated":true}]}}