{"id":4591,"date":"2023-05-09T09:33:50","date_gmt":"2023-05-09T07:33:50","guid":{"rendered":"http:\/\/cedrat-technologies.com\/produit\/sp75a\/"},"modified":"2025-02-14T09:42:56","modified_gmt":"2025-02-14T08:42:56","slug":"sp75a","status":"publish","type":"product","link":"https:\/\/cedrat-technologies.com\/fr\/produit\/sp75a\/","title":{"rendered":"SP75A"},"content":{"rendered":"<p>Le SP75 est un amplificateur bipolaire (-20 \/ +150 V) de puissance de commutation pour la conduite d\u2019actionneurs pi\u00e9zo\u00e9lectriques \u00e0 basse tension, contr\u00f4l\u00e9 par un signal TTL. Il est particuli\u00e8rement adapt\u00e9 \u00e0 la conduite d&rsquo;obturateurs comme le FPS.<\/p>\n","protected":false},"excerpt":{"rendered":"<p>Le SP75 est un amplificateur bipolaire (-20 \/ +150 V) de puissance de commutation pour la conduite d\u2019actionneurs pi\u00e9zo\u00e9lectriques \u00e0 basse tension, contr\u00f4l\u00e9 par un signal TTL. Il est particuli\u00e8rement adapt\u00e9 \u00e0 la conduite d&rsquo;obturateurs comme le FPS.<\/p>\n","protected":false},"featured_media":8253,"comment_status":"closed","ping_status":"closed","template":"","meta":{"_acf_changed":false,"_seopress_robots_primary_cat":"none","_seopress_titles_title":"","_seopress_titles_desc":"","_seopress_robots_index":""},"product_brand":[],"product_cat":[1363,1360],"product_tag":[],"class_list":{"0":"post-4591","1":"product","2":"type-product","3":"status-publish","4":"has-post-thumbnail","6":"product_cat-amplificateurs-lineaires-controleurs-piezo","7":"product_cat-controleurs-piezo","8":"pa_courant-moyen-de-sortie-360-ma","9":"pa_nombre-de-canaux-1-2-fr","10":"pa_options-disponibles-servo-controlleur-numerique-communication-rs422","11":"pa_snr-85-db","12":"pa_statut-standard","14":"first","15":"instock","16":"product-type-simple"},"acf":[],"_links":{"self":[{"href":"https:\/\/cedrat-technologies.com\/fr\/wp-json\/wp\/v2\/product\/4591","targetHints":{"allow":["GET"]}}],"collection":[{"href":"https:\/\/cedrat-technologies.com\/fr\/wp-json\/wp\/v2\/product"}],"about":[{"href":"https:\/\/cedrat-technologies.com\/fr\/wp-json\/wp\/v2\/types\/product"}],"replies":[{"embeddable":true,"href":"https:\/\/cedrat-technologies.com\/fr\/wp-json\/wp\/v2\/comments?post=4591"}],"version-history":[{"count":0,"href":"https:\/\/cedrat-technologies.com\/fr\/wp-json\/wp\/v2\/product\/4591\/revisions"}],"wp:featuredmedia":[{"embeddable":true,"href":"https:\/\/cedrat-technologies.com\/fr\/wp-json\/wp\/v2\/media\/8253"}],"wp:attachment":[{"href":"https:\/\/cedrat-technologies.com\/fr\/wp-json\/wp\/v2\/media?parent=4591"}],"wp:term":[{"taxonomy":"product_brand","embeddable":true,"href":"https:\/\/cedrat-technologies.com\/fr\/wp-json\/wp\/v2\/product_brand?post=4591"},{"taxonomy":"product_cat","embeddable":true,"href":"https:\/\/cedrat-technologies.com\/fr\/wp-json\/wp\/v2\/product_cat?post=4591"},{"taxonomy":"product_tag","embeddable":true,"href":"https:\/\/cedrat-technologies.com\/fr\/wp-json\/wp\/v2\/product_tag?post=4591"}],"curies":[{"name":"wp","href":"https:\/\/api.w.org\/{rel}","templated":true}]}}