{"id":4586,"date":"2023-05-09T09:33:50","date_gmt":"2023-05-09T07:33:50","guid":{"rendered":"http:\/\/cedrat-technologies.com\/produit\/sa75d\/"},"modified":"2025-02-14T09:42:45","modified_gmt":"2025-02-14T08:42:45","slug":"sa75d","status":"publish","type":"product","link":"https:\/\/cedrat-technologies.com\/fr\/produit\/sa75d\/","title":{"rendered":"SA75D"},"content":{"rendered":"<p>L\u2019amplificateur de puissance de commutation SA75D est l\u2019amplificateur le plus puissant fonctionnant en mode continu sur le march\u00e9, con\u00e7u pour entra\u00eener des charges capacitives \u00e9lev\u00e9es comme des actionneurs pi\u00e9zo\u00e9lectriques dans des conditions dynamiques.<\/p>\n","protected":false},"excerpt":{"rendered":"<p>L\u2019amplificateur de puissance de commutation SA75D est l\u2019amplificateur le plus puissant fonctionnant en mode continu sur le march\u00e9, con\u00e7u pour entra\u00eener des charges capacitives \u00e9lev\u00e9es comme des actionneurs pi\u00e9zo\u00e9lectriques dans des conditions dynamiques.<\/p>\n","protected":false},"featured_media":8251,"comment_status":"closed","ping_status":"closed","template":"","meta":{"_acf_changed":false,"_seopress_robots_primary_cat":"none","_seopress_titles_title":"","_seopress_titles_desc":"","_seopress_robots_index":""},"product_brand":[],"product_cat":[1363,1360],"product_tag":[],"class_list":{"0":"post-4586","1":"product","2":"type-product","3":"status-publish","4":"has-post-thumbnail","6":"product_cat-amplificateurs-lineaires-controleurs-piezo","7":"product_cat-controleurs-piezo","8":"pa_courant-moyen-de-sortie-20-a","9":"pa_facteur-de-gain-293","10":"pa_nombre-de-canaux-300","11":"pa_options-disponibles-servo-controlleur-numerique-multi-sortie","12":"pa_snr-60-db","13":"pa_statut-standard","15":"first","16":"instock","17":"product-type-simple"},"acf":[],"_links":{"self":[{"href":"https:\/\/cedrat-technologies.com\/fr\/wp-json\/wp\/v2\/product\/4586","targetHints":{"allow":["GET"]}}],"collection":[{"href":"https:\/\/cedrat-technologies.com\/fr\/wp-json\/wp\/v2\/product"}],"about":[{"href":"https:\/\/cedrat-technologies.com\/fr\/wp-json\/wp\/v2\/types\/product"}],"replies":[{"embeddable":true,"href":"https:\/\/cedrat-technologies.com\/fr\/wp-json\/wp\/v2\/comments?post=4586"}],"version-history":[{"count":0,"href":"https:\/\/cedrat-technologies.com\/fr\/wp-json\/wp\/v2\/product\/4586\/revisions"}],"wp:featuredmedia":[{"embeddable":true,"href":"https:\/\/cedrat-technologies.com\/fr\/wp-json\/wp\/v2\/media\/8251"}],"wp:attachment":[{"href":"https:\/\/cedrat-technologies.com\/fr\/wp-json\/wp\/v2\/media?parent=4586"}],"wp:term":[{"taxonomy":"product_brand","embeddable":true,"href":"https:\/\/cedrat-technologies.com\/fr\/wp-json\/wp\/v2\/product_brand?post=4586"},{"taxonomy":"product_cat","embeddable":true,"href":"https:\/\/cedrat-technologies.com\/fr\/wp-json\/wp\/v2\/product_cat?post=4586"},{"taxonomy":"product_tag","embeddable":true,"href":"https:\/\/cedrat-technologies.com\/fr\/wp-json\/wp\/v2\/product_tag?post=4586"}],"curies":[{"name":"wp","href":"https:\/\/api.w.org\/{rel}","templated":true}]}}