{"id":4565,"date":"2023-05-09T09:33:50","date_gmt":"2023-05-09T07:33:50","guid":{"rendered":"http:\/\/cedrat-technologies.com\/produit\/la75c\/"},"modified":"2025-02-14T09:41:50","modified_gmt":"2025-02-14T08:41:50","slug":"la75c","status":"publish","type":"product","link":"https:\/\/cedrat-technologies.com\/fr\/produit\/la75c\/","title":{"rendered":"LA75C"},"content":{"rendered":"<p>Le LA75C est la carte amplificateur lin\u00e9aire la plus puissante, offrant un faible bruit et un courant \u00e9lev\u00e9 pour des applications de mouvement dynamiques et pr\u00e9cises.<\/p>\n","protected":false},"excerpt":{"rendered":"<p>Le LA75C est la carte amplificateur lin\u00e9aire la plus puissante, offrant un faible bruit et un courant \u00e9lev\u00e9 pour des applications de mouvement dynamiques et pr\u00e9cises.<\/p>\n","protected":false},"featured_media":8249,"comment_status":"closed","ping_status":"closed","template":"","meta":{"_acf_changed":false,"_seopress_robots_primary_cat":"none","_seopress_titles_title":"","_seopress_titles_desc":"","_seopress_robots_index":""},"product_brand":[],"product_cat":[1363,1360],"product_tag":[],"class_list":{"0":"post-4565","1":"product","2":"type-product","3":"status-publish","4":"has-post-thumbnail","6":"product_cat-amplificateurs-lineaires-controleurs-piezo","7":"product_cat-controleurs-piezo","8":"pa_courant-moyen-de-sortie-2400-ma","9":"pa_facteur-de-gain-293","10":"pa_nombre-de-canaux-300","11":"pa_options-disponibles-servo-controlleur-numerique","12":"pa_snr-85-db","13":"pa_statut-standard","15":"first","16":"instock","17":"product-type-simple"},"acf":[],"_links":{"self":[{"href":"https:\/\/cedrat-technologies.com\/fr\/wp-json\/wp\/v2\/product\/4565","targetHints":{"allow":["GET"]}}],"collection":[{"href":"https:\/\/cedrat-technologies.com\/fr\/wp-json\/wp\/v2\/product"}],"about":[{"href":"https:\/\/cedrat-technologies.com\/fr\/wp-json\/wp\/v2\/types\/product"}],"replies":[{"embeddable":true,"href":"https:\/\/cedrat-technologies.com\/fr\/wp-json\/wp\/v2\/comments?post=4565"}],"version-history":[{"count":0,"href":"https:\/\/cedrat-technologies.com\/fr\/wp-json\/wp\/v2\/product\/4565\/revisions"}],"wp:featuredmedia":[{"embeddable":true,"href":"https:\/\/cedrat-technologies.com\/fr\/wp-json\/wp\/v2\/media\/8249"}],"wp:attachment":[{"href":"https:\/\/cedrat-technologies.com\/fr\/wp-json\/wp\/v2\/media?parent=4565"}],"wp:term":[{"taxonomy":"product_brand","embeddable":true,"href":"https:\/\/cedrat-technologies.com\/fr\/wp-json\/wp\/v2\/product_brand?post=4565"},{"taxonomy":"product_cat","embeddable":true,"href":"https:\/\/cedrat-technologies.com\/fr\/wp-json\/wp\/v2\/product_cat?post=4565"},{"taxonomy":"product_tag","embeddable":true,"href":"https:\/\/cedrat-technologies.com\/fr\/wp-json\/wp\/v2\/product_tag?post=4565"}],"curies":[{"name":"wp","href":"https:\/\/api.w.org\/{rel}","templated":true}]}}