{"id":4557,"date":"2023-05-09T09:33:50","date_gmt":"2023-05-09T07:33:50","guid":{"rendered":"http:\/\/cedrat-technologies.com\/produit\/la75b\/"},"modified":"2023-08-08T14:01:34","modified_gmt":"2023-08-08T12:01:34","slug":"la75b","status":"publish","type":"product","link":"https:\/\/cedrat-technologies.com\/fr\/produit\/la75b\/","title":{"rendered":"LA75B"},"content":{"rendered":"<p>L\u2019amplificateur lin\u00e9aire LA75B est con\u00e7u pour piloter des charges capacitives comme des actionneurs pi\u00e9zo\u00e9lectriques avec un bruit extr\u00eamement faible. Le LA75B est un amplificateur de grande puissance.<\/p>\n","protected":false},"excerpt":{"rendered":"<p>L\u2019amplificateur lin\u00e9aire LA75B est con\u00e7u pour piloter des charges capacitives comme des actionneurs pi\u00e9zo\u00e9lectriques avec un bruit extr\u00eamement faible. Le LA75B est un amplificateur de grande puissance.<\/p>\n","protected":false},"featured_media":8247,"comment_status":"closed","ping_status":"closed","template":"","meta":{"_acf_changed":false,"_seopress_robots_primary_cat":"none","_seopress_titles_title":"","_seopress_titles_desc":"","_seopress_robots_index":""},"product_brand":[],"product_cat":[1363,1360],"product_tag":[],"class_list":{"0":"post-4557","1":"product","2":"type-product","3":"status-publish","4":"has-post-thumbnail","6":"product_cat-amplificateurs-lineaires-controleurs-piezo","7":"product_cat-controleurs-piezo","8":"pa_courant-moyen-de-sortie-360-ma","9":"pa_facteur-de-gain-293","10":"pa_nombre-de-canaux-1-2-fr","11":"pa_options-disponibles-push-pull-servo-controlleur-numerique","12":"pa_snr-85-db","13":"pa_statut-standard","15":"first","16":"instock","17":"product-type-simple"},"acf":[],"_links":{"self":[{"href":"https:\/\/cedrat-technologies.com\/fr\/wp-json\/wp\/v2\/product\/4557","targetHints":{"allow":["GET"]}}],"collection":[{"href":"https:\/\/cedrat-technologies.com\/fr\/wp-json\/wp\/v2\/product"}],"about":[{"href":"https:\/\/cedrat-technologies.com\/fr\/wp-json\/wp\/v2\/types\/product"}],"replies":[{"embeddable":true,"href":"https:\/\/cedrat-technologies.com\/fr\/wp-json\/wp\/v2\/comments?post=4557"}],"version-history":[{"count":0,"href":"https:\/\/cedrat-technologies.com\/fr\/wp-json\/wp\/v2\/product\/4557\/revisions"}],"wp:featuredmedia":[{"embeddable":true,"href":"https:\/\/cedrat-technologies.com\/fr\/wp-json\/wp\/v2\/media\/8247"}],"wp:attachment":[{"href":"https:\/\/cedrat-technologies.com\/fr\/wp-json\/wp\/v2\/media?parent=4557"}],"wp:term":[{"taxonomy":"product_brand","embeddable":true,"href":"https:\/\/cedrat-technologies.com\/fr\/wp-json\/wp\/v2\/product_brand?post=4557"},{"taxonomy":"product_cat","embeddable":true,"href":"https:\/\/cedrat-technologies.com\/fr\/wp-json\/wp\/v2\/product_cat?post=4557"},{"taxonomy":"product_tag","embeddable":true,"href":"https:\/\/cedrat-technologies.com\/fr\/wp-json\/wp\/v2\/product_tag?post=4557"}],"curies":[{"name":"wp","href":"https:\/\/api.w.org\/{rel}","templated":true}]}}