{"id":4533,"date":"2023-05-09T09:33:50","date_gmt":"2023-05-09T07:33:50","guid":{"rendered":"http:\/\/cedrat-technologies.com\/produit\/rk84f4u-2lc75c\/"},"modified":"2025-02-14T11:31:07","modified_gmt":"2025-02-14T10:31:07","slug":"rk84f4u-2lc75c","status":"publish","type":"product","link":"https:\/\/cedrat-technologies.com\/fr\/produit\/rk84f4u-2lc75c\/","title":{"rendered":"RK84F4U-2LC75C"},"content":{"rendered":"<p>Pour l\u2019entra\u00eenement et le contr\u00f4le des actionneurs pi\u00e9zo entre -20 et 150V, le sous-rack RK84F4U-2LC75C comprend un sous-rack 19\u00a0\u00bbRK84F4U et 2 cartes de convertisseur AC-DC LC75C. La solution propos\u00e9e est pr\u00eate pour l\u2019int\u00e9gration des armoires.<\/p>\n","protected":false},"excerpt":{"rendered":"<p>Pour l\u2019entra\u00eenement et le contr\u00f4le des actionneurs pi\u00e9zo entre -20 et 150V, le sous-rack RK84F4U-2LC75C comprend un sous-rack 19\u00a0\u00bbRK84F4U et 2 cartes de convertisseur AC-DC LC75C. La solution propos\u00e9e est pr\u00eate pour l\u2019int\u00e9gration des armoires.<\/p>\n","protected":false},"featured_media":8241,"comment_status":"closed","ping_status":"closed","template":"","meta":{"_acf_changed":false,"_seopress_robots_primary_cat":"none","_seopress_titles_title":"","_seopress_titles_desc":"","_seopress_robots_index":""},"product_brand":[],"product_cat":[1360,1362],"product_tag":[],"class_list":{"0":"post-4533","1":"product","2":"type-product","3":"status-publish","4":"has-post-thumbnail","6":"product_cat-controleurs-piezo","7":"product_cat-racks-electroniques-controleurs-piezo","8":"pa_carte-conditionneur-max-288","9":"pa_carte-pilote-max-287","10":"pa_courant-max-51-a","11":"pa_statut-standard","13":"first","14":"instock","15":"product-type-simple"},"acf":[],"_links":{"self":[{"href":"https:\/\/cedrat-technologies.com\/fr\/wp-json\/wp\/v2\/product\/4533","targetHints":{"allow":["GET"]}}],"collection":[{"href":"https:\/\/cedrat-technologies.com\/fr\/wp-json\/wp\/v2\/product"}],"about":[{"href":"https:\/\/cedrat-technologies.com\/fr\/wp-json\/wp\/v2\/types\/product"}],"replies":[{"embeddable":true,"href":"https:\/\/cedrat-technologies.com\/fr\/wp-json\/wp\/v2\/comments?post=4533"}],"version-history":[{"count":0,"href":"https:\/\/cedrat-technologies.com\/fr\/wp-json\/wp\/v2\/product\/4533\/revisions"}],"wp:featuredmedia":[{"embeddable":true,"href":"https:\/\/cedrat-technologies.com\/fr\/wp-json\/wp\/v2\/media\/8241"}],"wp:attachment":[{"href":"https:\/\/cedrat-technologies.com\/fr\/wp-json\/wp\/v2\/media?parent=4533"}],"wp:term":[{"taxonomy":"product_brand","embeddable":true,"href":"https:\/\/cedrat-technologies.com\/fr\/wp-json\/wp\/v2\/product_brand?post=4533"},{"taxonomy":"product_cat","embeddable":true,"href":"https:\/\/cedrat-technologies.com\/fr\/wp-json\/wp\/v2\/product_cat?post=4533"},{"taxonomy":"product_tag","embeddable":true,"href":"https:\/\/cedrat-technologies.com\/fr\/wp-json\/wp\/v2\/product_tag?post=4533"}],"curies":[{"name":"wp","href":"https:\/\/api.w.org\/{rel}","templated":true}]}}