{"id":4525,"date":"2023-05-09T09:33:25","date_gmt":"2023-05-09T07:33:25","guid":{"rendered":"http:\/\/cedrat-technologies.com\/produit\/rk84f4u-1lc75c\/"},"modified":"2025-02-14T11:31:15","modified_gmt":"2025-02-14T10:31:15","slug":"rk84f4u-1lc75c","status":"publish","type":"product","link":"https:\/\/cedrat-technologies.com\/fr\/produit\/rk84f4u-1lc75c\/","title":{"rendered":"RK84F4U-1LC75C"},"content":{"rendered":"<p>Pour l\u2019entra\u00eenement et le contr\u00f4le des actionneurs pi\u00e9zo entre -20 et 150 V, la solution RK84F4U-1LC75C comprend un sous-rack 19&prime; &lsquo;RK84F4U et une carte de convertisseur AC-DC LC75C. La solution propos\u00e9e est pr\u00eate pour l\u2019int\u00e9gration des armoires.<\/p>\n","protected":false},"excerpt":{"rendered":"<p>Pour l\u2019entra\u00eenement et le contr\u00f4le des actionneurs pi\u00e9zo entre -20 et 150 V, la solution RK84F4U-1LC75C comprend un sous-rack 19&prime; &lsquo;RK84F4U et une carte de convertisseur AC-DC LC75C. La solution propos\u00e9e est pr\u00eate pour l\u2019int\u00e9gration des armoires.<\/p>\n","protected":false},"featured_media":8239,"comment_status":"closed","ping_status":"closed","template":"","meta":{"_acf_changed":false,"_seopress_robots_primary_cat":"none","_seopress_titles_title":"","_seopress_titles_desc":"","_seopress_robots_index":""},"product_brand":[],"product_cat":[1360,1362],"product_tag":[],"class_list":{"0":"post-4525","1":"product","2":"type-product","3":"status-publish","4":"has-post-thumbnail","6":"product_cat-controleurs-piezo","7":"product_cat-racks-electroniques-controleurs-piezo","8":"pa_courant-max-255-a","9":"pa_statut-standard","11":"first","12":"instock","13":"product-type-simple"},"acf":[],"_links":{"self":[{"href":"https:\/\/cedrat-technologies.com\/fr\/wp-json\/wp\/v2\/product\/4525","targetHints":{"allow":["GET"]}}],"collection":[{"href":"https:\/\/cedrat-technologies.com\/fr\/wp-json\/wp\/v2\/product"}],"about":[{"href":"https:\/\/cedrat-technologies.com\/fr\/wp-json\/wp\/v2\/types\/product"}],"replies":[{"embeddable":true,"href":"https:\/\/cedrat-technologies.com\/fr\/wp-json\/wp\/v2\/comments?post=4525"}],"version-history":[{"count":0,"href":"https:\/\/cedrat-technologies.com\/fr\/wp-json\/wp\/v2\/product\/4525\/revisions"}],"wp:featuredmedia":[{"embeddable":true,"href":"https:\/\/cedrat-technologies.com\/fr\/wp-json\/wp\/v2\/media\/8239"}],"wp:attachment":[{"href":"https:\/\/cedrat-technologies.com\/fr\/wp-json\/wp\/v2\/media?parent=4525"}],"wp:term":[{"taxonomy":"product_brand","embeddable":true,"href":"https:\/\/cedrat-technologies.com\/fr\/wp-json\/wp\/v2\/product_brand?post=4525"},{"taxonomy":"product_cat","embeddable":true,"href":"https:\/\/cedrat-technologies.com\/fr\/wp-json\/wp\/v2\/product_cat?post=4525"},{"taxonomy":"product_tag","embeddable":true,"href":"https:\/\/cedrat-technologies.com\/fr\/wp-json\/wp\/v2\/product_tag?post=4525"}],"curies":[{"name":"wp","href":"https:\/\/api.w.org\/{rel}","templated":true}]}}