{"id":4517,"date":"2023-05-09T09:33:25","date_gmt":"2023-05-09T07:33:25","guid":{"rendered":"http:\/\/cedrat-technologies.com\/produit\/rk84f4u-1lc75b\/"},"modified":"2025-02-14T11:31:13","modified_gmt":"2025-02-14T10:31:13","slug":"rk84f4u-1lc75b","status":"publish","type":"product","link":"https:\/\/cedrat-technologies.com\/fr\/produit\/rk84f4u-1lc75b\/","title":{"rendered":"RK84F4U-1LC75B"},"content":{"rendered":"<p>Pour l\u2019entra\u00eenement et le contr\u00f4le des actionneurs pi\u00e9zo entre -20 et 150V, la solution RK84F4U-LC75B comprend un rack RK84F4U de 84\u201d et un convertisseur AC-DC LC75B.<\/p>\n","protected":false},"excerpt":{"rendered":"<p>Pour l\u2019entra\u00eenement et le contr\u00f4le des actionneurs pi\u00e9zo entre -20 et 150V, la solution RK84F4U-LC75B comprend un rack RK84F4U de 84\u201d et un convertisseur AC-DC LC75B.<\/p>\n","protected":false},"featured_media":8237,"comment_status":"closed","ping_status":"closed","template":"","meta":{"_acf_changed":false,"_seopress_robots_primary_cat":"none","_seopress_titles_title":"","_seopress_titles_desc":"","_seopress_robots_index":""},"product_brand":[],"product_cat":[1360,1362],"product_tag":[],"class_list":{"0":"post-4517","1":"product","2":"type-product","3":"status-publish","4":"has-post-thumbnail","6":"product_cat-controleurs-piezo","7":"product_cat-racks-electroniques-controleurs-piezo","8":"pa_courant-max-075-a","9":"pa_statut-standard","11":"first","12":"instock","13":"product-type-simple"},"acf":[],"_links":{"self":[{"href":"https:\/\/cedrat-technologies.com\/fr\/wp-json\/wp\/v2\/product\/4517","targetHints":{"allow":["GET"]}}],"collection":[{"href":"https:\/\/cedrat-technologies.com\/fr\/wp-json\/wp\/v2\/product"}],"about":[{"href":"https:\/\/cedrat-technologies.com\/fr\/wp-json\/wp\/v2\/types\/product"}],"replies":[{"embeddable":true,"href":"https:\/\/cedrat-technologies.com\/fr\/wp-json\/wp\/v2\/comments?post=4517"}],"version-history":[{"count":0,"href":"https:\/\/cedrat-technologies.com\/fr\/wp-json\/wp\/v2\/product\/4517\/revisions"}],"wp:featuredmedia":[{"embeddable":true,"href":"https:\/\/cedrat-technologies.com\/fr\/wp-json\/wp\/v2\/media\/8237"}],"wp:attachment":[{"href":"https:\/\/cedrat-technologies.com\/fr\/wp-json\/wp\/v2\/media?parent=4517"}],"wp:term":[{"taxonomy":"product_brand","embeddable":true,"href":"https:\/\/cedrat-technologies.com\/fr\/wp-json\/wp\/v2\/product_brand?post=4517"},{"taxonomy":"product_cat","embeddable":true,"href":"https:\/\/cedrat-technologies.com\/fr\/wp-json\/wp\/v2\/product_cat?post=4517"},{"taxonomy":"product_tag","embeddable":true,"href":"https:\/\/cedrat-technologies.com\/fr\/wp-json\/wp\/v2\/product_tag?post=4517"}],"curies":[{"name":"wp","href":"https:\/\/api.w.org\/{rel}","templated":true}]}}