{"id":4493,"date":"2023-05-09T09:33:25","date_gmt":"2023-05-09T07:33:25","guid":{"rendered":"http:\/\/cedrat-technologies.com\/produit\/ccbu40\/"},"modified":"2025-06-16T15:57:49","modified_gmt":"2025-06-16T13:57:49","slug":"ccbu40","status":"publish","type":"product","link":"https:\/\/cedrat-technologies.com\/fr\/produit\/ccbu40\/","title":{"rendered":"CCBu40"},"content":{"rendered":"<p>La carte contr\u00f4leur compacte CCbu40 est un contr\u00f4leur tout-en-un int\u00e9gr\u00e9 pour les actionneurs pi\u00e9zo\u00e9lectriques. Il dispose de tout pour conduire et contr\u00f4ler un m\u00e9canisme pi\u00e9zo-2 axes en boucle de position. En standard, son conditionneur SG double canal int\u00e9gr\u00e9 permet de lire la position des deux axes du m\u00e9canisme. Un puissant processeur r\u00e9alise le contr\u00f4le en boucle ferm\u00e9e \u00e0 une vitesse de rafra\u00eechissement \u00e9lev\u00e9e, et le contr\u00f4leur peut \u00eatre r\u00e9gl\u00e9 par l\u2019utilisateur avec l\u2019interface HDPM45. Gr\u00e2ce \u00e0 une conception compacte, il est appropri\u00e9 pour les applications int\u00e9gr\u00e9es ou des applications industrielles o\u00f9 le volume est un probl\u00e8me. L\u2019interface utilisateur graphique pour modifier les param\u00e8tres du CCbu40 est similaire aux contr\u00f4leurs num\u00e9riques UC qui peuvent \u00eatre t\u00e9l\u00e9charg\u00e9s sur la page d\u00e9di\u00e9e.<\/p>\n","protected":false},"excerpt":{"rendered":"<p>La carte contr\u00f4leur compacte CCbu40 est un contr\u00f4leur tout-en-un int\u00e9gr\u00e9 pour les actionneurs pi\u00e9zo\u00e9lectriques. Il dispose de tout pour conduire et contr\u00f4ler un m\u00e9canisme pi\u00e9zo-2 axes en boucle de position. En standard, son conditionneur SG double canal int\u00e9gr\u00e9 permet de lire la position des deux axes du m\u00e9canisme. Un puissant processeur r\u00e9alise le contr\u00f4le en &#8230; <a title=\"CCBu40\" class=\"read-more\" href=\"https:\/\/cedrat-technologies.com\/fr\/produit\/ccbu40\/\" aria-label=\"En savoir plus sur CCBu40\">Lire la suite<\/a><\/p>\n","protected":false},"featured_media":8231,"comment_status":"closed","ping_status":"closed","template":"","meta":{"_acf_changed":false,"_seopress_robots_primary_cat":"none","_seopress_titles_title":"","_seopress_titles_desc":"","_seopress_robots_index":""},"product_brand":[],"product_cat":[1361,1360],"product_tag":[],"class_list":{"0":"post-4493","1":"product","2":"type-product","3":"status-publish","4":"has-post-thumbnail","6":"product_cat-amplificateurs-standalone-piezo-controleurs-piezo","7":"product_cat-controleurs-piezo","8":"pa_nombre-de-canaux-275","9":"pa_option-push-pull-oui","10":"pa_options-disponibles-capteur-analogue-dentree-0-5v-controleur-avance","11":"pa_plage-de-tension-de-sortie-20-150-v","12":"pa_statut-standard","14":"first","15":"instock","16":"product-type-simple"},"acf":[],"_links":{"self":[{"href":"https:\/\/cedrat-technologies.com\/fr\/wp-json\/wp\/v2\/product\/4493","targetHints":{"allow":["GET"]}}],"collection":[{"href":"https:\/\/cedrat-technologies.com\/fr\/wp-json\/wp\/v2\/product"}],"about":[{"href":"https:\/\/cedrat-technologies.com\/fr\/wp-json\/wp\/v2\/types\/product"}],"replies":[{"embeddable":true,"href":"https:\/\/cedrat-technologies.com\/fr\/wp-json\/wp\/v2\/comments?post=4493"}],"version-history":[{"count":0,"href":"https:\/\/cedrat-technologies.com\/fr\/wp-json\/wp\/v2\/product\/4493\/revisions"}],"wp:featuredmedia":[{"embeddable":true,"href":"https:\/\/cedrat-technologies.com\/fr\/wp-json\/wp\/v2\/media\/8231"}],"wp:attachment":[{"href":"https:\/\/cedrat-technologies.com\/fr\/wp-json\/wp\/v2\/media?parent=4493"}],"wp:term":[{"taxonomy":"product_brand","embeddable":true,"href":"https:\/\/cedrat-technologies.com\/fr\/wp-json\/wp\/v2\/product_brand?post=4493"},{"taxonomy":"product_cat","embeddable":true,"href":"https:\/\/cedrat-technologies.com\/fr\/wp-json\/wp\/v2\/product_cat?post=4493"},{"taxonomy":"product_tag","embeddable":true,"href":"https:\/\/cedrat-technologies.com\/fr\/wp-json\/wp\/v2\/product_tag?post=4493"}],"curies":[{"name":"wp","href":"https:\/\/api.w.org\/{rel}","templated":true}]}}