{"id":4471,"date":"2023-05-09T09:33:25","date_gmt":"2023-05-09T07:33:25","guid":{"rendered":"http:\/\/cedrat-technologies.com\/produit\/cau10\/"},"modified":"2025-06-16T15:32:46","modified_gmt":"2025-06-16T13:32:46","slug":"cau10","status":"publish","type":"product","link":"https:\/\/cedrat-technologies.com\/fr\/produit\/cau10\/","title":{"rendered":"CAu10"},"content":{"rendered":"<p>Le Cau10 est un amplificateur lin\u00e9aire unipolaire (5V..150V) miniature avec un faible bruit et des fonctionnalit\u00e9s \u00e0 faible co\u00fbt. Un convertisseur num\u00e9rique-analogique SPI est capable de convertir des mots de 10 bits en signal analogique pour l\u2019amplificateur lin\u00e9aire. Des entr\u00e9es optionnelles peuvent \u00eatre connect\u00e9es si n\u00e9cessaire pour shunter le bus SPI et envoyer directement l\u2019ordre analogique sur les amplificateurs lin\u00e9aires.<\/p>\n","protected":false},"excerpt":{"rendered":"<p>Le Cau10 est un amplificateur lin\u00e9aire unipolaire (5V..150V) miniature avec un faible bruit et des fonctionnalit\u00e9s \u00e0 faible co\u00fbt. Un convertisseur num\u00e9rique-analogique SPI est capable de convertir des mots de 10 bits en signal analogique pour l\u2019amplificateur lin\u00e9aire. Des entr\u00e9es optionnelles peuvent \u00eatre connect\u00e9es si n\u00e9cessaire pour shunter le bus SPI et envoyer directement l\u2019ordre &#8230; <a title=\"CAu10\" class=\"read-more\" href=\"https:\/\/cedrat-technologies.com\/fr\/produit\/cau10\/\" aria-label=\"En savoir plus sur CAu10\">Lire la suite<\/a><\/p>\n","protected":false},"featured_media":8227,"comment_status":"closed","ping_status":"closed","template":"","meta":{"_acf_changed":false,"_seopress_robots_primary_cat":"none","_seopress_titles_title":"","_seopress_titles_desc":"","_seopress_robots_index":""},"product_brand":[],"product_cat":[1361,1360],"product_tag":[],"class_list":{"0":"post-4471","1":"product","2":"type-product","3":"status-publish","4":"has-post-thumbnail","6":"product_cat-amplificateurs-standalone-piezo-controleurs-piezo","7":"product_cat-controleurs-piezo","8":"pa_nombre-de-canaux-275","9":"pa_option-push-pull-oui","10":"pa_plage-de-tension-de-sortie-5-150-v","11":"pa_statut-standard","13":"first","14":"instock","15":"product-type-simple"},"acf":[],"_links":{"self":[{"href":"https:\/\/cedrat-technologies.com\/fr\/wp-json\/wp\/v2\/product\/4471","targetHints":{"allow":["GET"]}}],"collection":[{"href":"https:\/\/cedrat-technologies.com\/fr\/wp-json\/wp\/v2\/product"}],"about":[{"href":"https:\/\/cedrat-technologies.com\/fr\/wp-json\/wp\/v2\/types\/product"}],"replies":[{"embeddable":true,"href":"https:\/\/cedrat-technologies.com\/fr\/wp-json\/wp\/v2\/comments?post=4471"}],"version-history":[{"count":0,"href":"https:\/\/cedrat-technologies.com\/fr\/wp-json\/wp\/v2\/product\/4471\/revisions"}],"wp:featuredmedia":[{"embeddable":true,"href":"https:\/\/cedrat-technologies.com\/fr\/wp-json\/wp\/v2\/media\/8227"}],"wp:attachment":[{"href":"https:\/\/cedrat-technologies.com\/fr\/wp-json\/wp\/v2\/media?parent=4471"}],"wp:term":[{"taxonomy":"product_brand","embeddable":true,"href":"https:\/\/cedrat-technologies.com\/fr\/wp-json\/wp\/v2\/product_brand?post=4471"},{"taxonomy":"product_cat","embeddable":true,"href":"https:\/\/cedrat-technologies.com\/fr\/wp-json\/wp\/v2\/product_cat?post=4471"},{"taxonomy":"product_tag","embeddable":true,"href":"https:\/\/cedrat-technologies.com\/fr\/wp-json\/wp\/v2\/product_tag?post=4471"}],"curies":[{"name":"wp","href":"https:\/\/api.w.org\/{rel}","templated":true}]}}