{"id":4444,"date":"2023-05-09T09:33:25","date_gmt":"2023-05-09T07:33:25","guid":{"rendered":"http:\/\/cedrat-technologies.com\/produit\/mica300cm\/"},"modified":"2025-05-06T15:54:31","modified_gmt":"2025-05-06T13:54:31","slug":"mica300cm-fb","status":"publish","type":"product","link":"https:\/\/cedrat-technologies.com\/fr\/produit\/mica300cm-fb\/","title":{"rendered":"MICA300CM-FB"},"content":{"rendered":"<p>Le MICA300CM-FB d\u00e9livre une force continue de 220 N avec une course de 8 mm, ce qui le rend id\u00e9al pour les applications dynamiques n\u00e9cessitant une puissance \u00e9lev\u00e9e dans un design compact. Son palier flexible sans frottement garantit une longue dur\u00e9e de vie et une grande pr\u00e9cision, tandis que son faible \u00e9chauffement am\u00e9liore sa fiabilit\u00e9. Compatible avec l&rsquo;amplificateur <a href=\"https:\/\/cedrat-technologies.com\/fr\/produit\/mcsa480\/\">MCSA480<\/a> de CTEC et les \u00e9lectroniques de puissance standard.<\/p>\n<p>&nbsp;<\/p>\n","protected":false},"excerpt":{"rendered":"<p>Le MICA300CM-FB d\u00e9livre une force continue de 220 N avec une course de 8 mm, ce qui le rend id\u00e9al pour les applications dynamiques n\u00e9cessitant une puissance \u00e9lev\u00e9e dans un design compact. Son palier flexible sans frottement garantit une longue dur\u00e9e de vie et une grande pr\u00e9cision, tandis que son faible \u00e9chauffement am\u00e9liore sa fiabilit\u00e9. &#8230; <a title=\"MICA300CM-FB\" class=\"read-more\" href=\"https:\/\/cedrat-technologies.com\/fr\/produit\/mica300cm-fb\/\" aria-label=\"En savoir plus sur MICA300CM-FB\">Lire la suite<\/a><\/p>\n","protected":false},"featured_media":8221,"comment_status":"closed","ping_status":"closed","template":"","meta":{"_acf_changed":false,"_seopress_robots_primary_cat":"none","_seopress_titles_title":"","_seopress_titles_desc":"","_seopress_robots_index":""},"product_brand":[],"product_cat":[1358,2443],"product_tag":[],"class_list":{"0":"post-4444","1":"product","2":"type-product","3":"status-publish","4":"has-post-thumbnail","6":"product_cat-actionneurs-magnetiques","7":"product_cat-actionneurs-magnetiques-lineaires-fr","8":"pa_statut-standard","9":"pa_stroke-peak-to-peak-8-mm","11":"first","12":"instock","13":"product-type-simple"},"acf":[],"_links":{"self":[{"href":"https:\/\/cedrat-technologies.com\/fr\/wp-json\/wp\/v2\/product\/4444","targetHints":{"allow":["GET"]}}],"collection":[{"href":"https:\/\/cedrat-technologies.com\/fr\/wp-json\/wp\/v2\/product"}],"about":[{"href":"https:\/\/cedrat-technologies.com\/fr\/wp-json\/wp\/v2\/types\/product"}],"replies":[{"embeddable":true,"href":"https:\/\/cedrat-technologies.com\/fr\/wp-json\/wp\/v2\/comments?post=4444"}],"version-history":[{"count":0,"href":"https:\/\/cedrat-technologies.com\/fr\/wp-json\/wp\/v2\/product\/4444\/revisions"}],"wp:featuredmedia":[{"embeddable":true,"href":"https:\/\/cedrat-technologies.com\/fr\/wp-json\/wp\/v2\/media\/8221"}],"wp:attachment":[{"href":"https:\/\/cedrat-technologies.com\/fr\/wp-json\/wp\/v2\/media?parent=4444"}],"wp:term":[{"taxonomy":"product_brand","embeddable":true,"href":"https:\/\/cedrat-technologies.com\/fr\/wp-json\/wp\/v2\/product_brand?post=4444"},{"taxonomy":"product_cat","embeddable":true,"href":"https:\/\/cedrat-technologies.com\/fr\/wp-json\/wp\/v2\/product_cat?post=4444"},{"taxonomy":"product_tag","embeddable":true,"href":"https:\/\/cedrat-technologies.com\/fr\/wp-json\/wp\/v2\/product_tag?post=4444"}],"curies":[{"name":"wp","href":"https:\/\/api.w.org\/{rel}","templated":true}]}}