{"id":4433,"date":"2023-05-09T09:33:25","date_gmt":"2023-05-09T07:33:25","guid":{"rendered":"http:\/\/cedrat-technologies.com\/produit\/mica20s\/"},"modified":"2025-05-06T15:45:33","modified_gmt":"2025-05-06T13:45:33","slug":"mica20cs-fb","status":"publish","type":"product","link":"https:\/\/cedrat-technologies.com\/fr\/produit\/mica20cs-fb\/","title":{"rendered":"MICA20CS-FB"},"content":{"rendered":"<p>Le MICA20CS-FB fournit une force continue de 50 N avec une course de 4 mm, offrant une haute r\u00e9solution et une grande efficacit\u00e9 dans un faible encombrement. Son palier flexible garantit un fonctionnement sans entretien, tandis que la gestion thermique optimis\u00e9e am\u00e9liore la stabilit\u00e9. Il fonctionne parfaitement avec l&rsquo;amplificateur <a href=\"https:\/\/cedrat-technologies.com\/produit\/mcsa480\/\">MCSA480<\/a> de CTEC et d&rsquo;autres pilotes standard.<\/p>\n","protected":false},"excerpt":{"rendered":"<p>Le MICA20CS-FB fournit une force continue de 50 N avec une course de 4 mm, offrant une haute r\u00e9solution et une grande efficacit\u00e9 dans un faible encombrement. Son palier flexible garantit un fonctionnement sans entretien, tandis que la gestion thermique optimis\u00e9e am\u00e9liore la stabilit\u00e9. Il fonctionne parfaitement avec l&rsquo;amplificateur MCSA480 de CTEC et d&rsquo;autres pilotes &#8230; <a title=\"MICA20CS-FB\" class=\"read-more\" href=\"https:\/\/cedrat-technologies.com\/fr\/produit\/mica20cs-fb\/\" aria-label=\"En savoir plus sur MICA20CS-FB\">Lire la suite<\/a><\/p>\n","protected":false},"featured_media":8219,"comment_status":"closed","ping_status":"closed","template":"","meta":{"_acf_changed":false,"_seopress_robots_primary_cat":"none","_seopress_titles_title":"","_seopress_titles_desc":"","_seopress_robots_index":""},"product_brand":[],"product_cat":[1358,2443],"product_tag":[],"class_list":{"0":"post-4433","1":"product","2":"type-product","3":"status-publish","4":"has-post-thumbnail","6":"product_cat-actionneurs-magnetiques","7":"product_cat-actionneurs-magnetiques-lineaires-fr","8":"pa_statut-standard","9":"pa_stroke-peak-to-peak-4-mm","11":"first","12":"instock","13":"product-type-simple"},"acf":[],"_links":{"self":[{"href":"https:\/\/cedrat-technologies.com\/fr\/wp-json\/wp\/v2\/product\/4433","targetHints":{"allow":["GET"]}}],"collection":[{"href":"https:\/\/cedrat-technologies.com\/fr\/wp-json\/wp\/v2\/product"}],"about":[{"href":"https:\/\/cedrat-technologies.com\/fr\/wp-json\/wp\/v2\/types\/product"}],"replies":[{"embeddable":true,"href":"https:\/\/cedrat-technologies.com\/fr\/wp-json\/wp\/v2\/comments?post=4433"}],"version-history":[{"count":0,"href":"https:\/\/cedrat-technologies.com\/fr\/wp-json\/wp\/v2\/product\/4433\/revisions"}],"wp:featuredmedia":[{"embeddable":true,"href":"https:\/\/cedrat-technologies.com\/fr\/wp-json\/wp\/v2\/media\/8219"}],"wp:attachment":[{"href":"https:\/\/cedrat-technologies.com\/fr\/wp-json\/wp\/v2\/media?parent=4433"}],"wp:term":[{"taxonomy":"product_brand","embeddable":true,"href":"https:\/\/cedrat-technologies.com\/fr\/wp-json\/wp\/v2\/product_brand?post=4433"},{"taxonomy":"product_cat","embeddable":true,"href":"https:\/\/cedrat-technologies.com\/fr\/wp-json\/wp\/v2\/product_cat?post=4433"},{"taxonomy":"product_tag","embeddable":true,"href":"https:\/\/cedrat-technologies.com\/fr\/wp-json\/wp\/v2\/product_tag?post=4433"}],"curies":[{"name":"wp","href":"https:\/\/api.w.org\/{rel}","templated":true}]}}