{"id":4425,"date":"2023-05-09T09:33:25","date_gmt":"2023-05-09T07:33:25","guid":{"rendered":"http:\/\/cedrat-technologies.com\/produit\/spc45\/"},"modified":"2025-02-14T13:25:32","modified_gmt":"2025-02-14T12:25:32","slug":"spc45","status":"publish","type":"product","link":"https:\/\/cedrat-technologies.com\/fr\/produit\/spc45\/","title":{"rendered":"SPC45"},"content":{"rendered":"<p>Le Step Piezo Controller SPC45 est la carte pilote des Spa30uxs. Il comprend des fonctions de contr\u00f4le, des interfaces num\u00e9riques et analogiques et des ports de communication s\u00e9rie. Le SPC45 est aliment\u00e9 par le convertisseur CA\/CC standard fourni (12 V \u00e0 24 V).<\/p>\n","protected":false},"excerpt":{"rendered":"<p>Le Step Piezo Controller SPC45 est la carte pilote des Spa30uxs. Il comprend des fonctions de contr\u00f4le, des interfaces num\u00e9riques et analogiques et des ports de communication s\u00e9rie. Le SPC45 est aliment\u00e9 par le convertisseur CA\/CC standard fourni (12 V \u00e0 24 V).<\/p>\n","protected":false},"featured_media":7744,"comment_status":"closed","ping_status":"closed","template":"","meta":{"_acf_changed":false,"_seopress_robots_primary_cat":"none","_seopress_titles_title":"","_seopress_titles_desc":"","_seopress_robots_index":""},"product_brand":[],"product_cat":[1357,1354],"product_tag":[],"class_list":{"0":"post-4425","1":"product","2":"type-product","3":"status-publish","4":"has-post-thumbnail","6":"product_cat-controleurs-de-moteurs-piezo-moteurs-piezo","7":"product_cat-moteurs-piezo","8":"pa_courant-de-sortie-max-5ma","9":"pa_nombre-de-canaux-de-controle-344","11":"first","12":"instock","13":"product-type-simple"},"acf":[],"_links":{"self":[{"href":"https:\/\/cedrat-technologies.com\/fr\/wp-json\/wp\/v2\/product\/4425","targetHints":{"allow":["GET"]}}],"collection":[{"href":"https:\/\/cedrat-technologies.com\/fr\/wp-json\/wp\/v2\/product"}],"about":[{"href":"https:\/\/cedrat-technologies.com\/fr\/wp-json\/wp\/v2\/types\/product"}],"replies":[{"embeddable":true,"href":"https:\/\/cedrat-technologies.com\/fr\/wp-json\/wp\/v2\/comments?post=4425"}],"version-history":[{"count":0,"href":"https:\/\/cedrat-technologies.com\/fr\/wp-json\/wp\/v2\/product\/4425\/revisions"}],"wp:featuredmedia":[{"embeddable":true,"href":"https:\/\/cedrat-technologies.com\/fr\/wp-json\/wp\/v2\/media\/7744"}],"wp:attachment":[{"href":"https:\/\/cedrat-technologies.com\/fr\/wp-json\/wp\/v2\/media?parent=4425"}],"wp:term":[{"taxonomy":"product_brand","embeddable":true,"href":"https:\/\/cedrat-technologies.com\/fr\/wp-json\/wp\/v2\/product_brand?post=4425"},{"taxonomy":"product_cat","embeddable":true,"href":"https:\/\/cedrat-technologies.com\/fr\/wp-json\/wp\/v2\/product_cat?post=4425"},{"taxonomy":"product_tag","embeddable":true,"href":"https:\/\/cedrat-technologies.com\/fr\/wp-json\/wp\/v2\/product_tag?post=4425"}],"curies":[{"name":"wp","href":"https:\/\/api.w.org\/{rel}","templated":true}]}}