{"id":4401,"date":"2023-05-09T09:33:25","date_gmt":"2023-05-09T07:33:25","guid":{"rendered":"http:\/\/cedrat-technologies.com\/produit\/rspa30xs\/"},"modified":"2025-02-14T13:30:15","modified_gmt":"2025-02-14T12:30:15","slug":"rspa30xs","status":"publish","type":"product","link":"https:\/\/cedrat-technologies.com\/fr\/produit\/rspa30xs\/","title":{"rendered":"RSPA30XS"},"content":{"rendered":"<p>Les actionneurs pi\u00e9zo\u00e9lectriques rotatifs \u00e0 pas (RSPA) sont de nouveaux moteurs pi\u00e9zo\u00e9lectriques rotatifs \u00e0 course longue pour des applications de positionnement micro\/nano b\u00e9n\u00e9ficiant de l\u2019h\u00e9ritage APA\u00ae. Ils op\u00e8rent par accumulation de petites marches.<\/p>\n","protected":false},"excerpt":{"rendered":"<p>Les actionneurs pi\u00e9zo\u00e9lectriques rotatifs \u00e0 pas (RSPA) sont de nouveaux moteurs pi\u00e9zo\u00e9lectriques rotatifs \u00e0 course longue pour des applications de positionnement micro\/nano b\u00e9n\u00e9ficiant de l\u2019h\u00e9ritage APA\u00ae. Ils op\u00e8rent par accumulation de petites marches.<\/p>\n","protected":false},"featured_media":8213,"comment_status":"closed","ping_status":"closed","template":"","meta":{"_acf_changed":false,"_seopress_robots_primary_cat":"none","_seopress_titles_title":"","_seopress_titles_desc":"","_seopress_robots_index":""},"product_brand":[],"product_cat":[1355,1354],"product_tag":[],"class_list":{"0":"post-4401","1":"product","2":"type-product","3":"status-publish","4":"has-post-thumbnail","6":"product_cat-actionneurs-piezo-pas-a-pas-moteurs-piezo","7":"product_cat-moteurs-piezo","8":"pa_force-motrice-maximale-133-nmm","9":"pa_mass-3-g","10":"pa_statut-preliminaire","11":"pa_vitesse-maximale-65-rpm","13":"first","14":"instock","15":"product-type-simple"},"acf":[],"_links":{"self":[{"href":"https:\/\/cedrat-technologies.com\/fr\/wp-json\/wp\/v2\/product\/4401","targetHints":{"allow":["GET"]}}],"collection":[{"href":"https:\/\/cedrat-technologies.com\/fr\/wp-json\/wp\/v2\/product"}],"about":[{"href":"https:\/\/cedrat-technologies.com\/fr\/wp-json\/wp\/v2\/types\/product"}],"replies":[{"embeddable":true,"href":"https:\/\/cedrat-technologies.com\/fr\/wp-json\/wp\/v2\/comments?post=4401"}],"version-history":[{"count":0,"href":"https:\/\/cedrat-technologies.com\/fr\/wp-json\/wp\/v2\/product\/4401\/revisions"}],"wp:featuredmedia":[{"embeddable":true,"href":"https:\/\/cedrat-technologies.com\/fr\/wp-json\/wp\/v2\/media\/8213"}],"wp:attachment":[{"href":"https:\/\/cedrat-technologies.com\/fr\/wp-json\/wp\/v2\/media?parent=4401"}],"wp:term":[{"taxonomy":"product_brand","embeddable":true,"href":"https:\/\/cedrat-technologies.com\/fr\/wp-json\/wp\/v2\/product_brand?post=4401"},{"taxonomy":"product_cat","embeddable":true,"href":"https:\/\/cedrat-technologies.com\/fr\/wp-json\/wp\/v2\/product_cat?post=4401"},{"taxonomy":"product_tag","embeddable":true,"href":"https:\/\/cedrat-technologies.com\/fr\/wp-json\/wp\/v2\/product_tag?post=4401"}],"curies":[{"name":"wp","href":"https:\/\/api.w.org\/{rel}","templated":true}]}}