{"id":4393,"date":"2023-05-09T09:33:25","date_gmt":"2023-05-09T07:33:25","guid":{"rendered":"http:\/\/cedrat-technologies.com\/produit\/lspa35xs\/"},"modified":"2025-02-14T13:29:57","modified_gmt":"2025-02-14T12:29:57","slug":"lspa35xs","status":"publish","type":"product","link":"https:\/\/cedrat-technologies.com\/fr\/produit\/lspa35xs\/","title":{"rendered":"LSPA35XS"},"content":{"rendered":"<p>L\u2019actionneur pi\u00e9zo\u00e9lectrique \u00e0 pas lin\u00e9aire LSPA35XS est un micromoteur pi\u00e9zo\u00e9lectrique lin\u00e9aire \u00e0 haute densit\u00e9 de force.<\/p>\n","protected":false},"excerpt":{"rendered":"<p>L\u2019actionneur pi\u00e9zo\u00e9lectrique \u00e0 pas lin\u00e9aire LSPA35XS est un micromoteur pi\u00e9zo\u00e9lectrique lin\u00e9aire \u00e0 haute densit\u00e9 de force.<\/p>\n","protected":false},"featured_media":8211,"comment_status":"closed","ping_status":"closed","template":"","meta":{"_acf_changed":false,"_seopress_robots_primary_cat":"none","_seopress_titles_title":"","_seopress_titles_desc":"","_seopress_robots_index":""},"product_brand":[],"product_cat":[1355,1354],"product_tag":[],"class_list":{"0":"post-4393","1":"product","2":"type-product","3":"status-publish","4":"has-post-thumbnail","6":"product_cat-actionneurs-piezo-pas-a-pas-moteurs-piezo","7":"product_cat-moteurs-piezo","8":"pa_force-motrice-maximale-1-n","9":"pa_mass-5-g","10":"pa_options-disponibles-amagnetique","11":"pa_statut-prototype-2","12":"pa_vitesse-maximale-30-mm-s","14":"first","15":"instock","16":"product-type-simple"},"acf":[],"_links":{"self":[{"href":"https:\/\/cedrat-technologies.com\/fr\/wp-json\/wp\/v2\/product\/4393","targetHints":{"allow":["GET"]}}],"collection":[{"href":"https:\/\/cedrat-technologies.com\/fr\/wp-json\/wp\/v2\/product"}],"about":[{"href":"https:\/\/cedrat-technologies.com\/fr\/wp-json\/wp\/v2\/types\/product"}],"replies":[{"embeddable":true,"href":"https:\/\/cedrat-technologies.com\/fr\/wp-json\/wp\/v2\/comments?post=4393"}],"version-history":[{"count":0,"href":"https:\/\/cedrat-technologies.com\/fr\/wp-json\/wp\/v2\/product\/4393\/revisions"}],"wp:featuredmedia":[{"embeddable":true,"href":"https:\/\/cedrat-technologies.com\/fr\/wp-json\/wp\/v2\/media\/8211"}],"wp:attachment":[{"href":"https:\/\/cedrat-technologies.com\/fr\/wp-json\/wp\/v2\/media?parent=4393"}],"wp:term":[{"taxonomy":"product_brand","embeddable":true,"href":"https:\/\/cedrat-technologies.com\/fr\/wp-json\/wp\/v2\/product_brand?post=4393"},{"taxonomy":"product_cat","embeddable":true,"href":"https:\/\/cedrat-technologies.com\/fr\/wp-json\/wp\/v2\/product_cat?post=4393"},{"taxonomy":"product_tag","embeddable":true,"href":"https:\/\/cedrat-technologies.com\/fr\/wp-json\/wp\/v2\/product_tag?post=4393"}],"curies":[{"name":"wp","href":"https:\/\/api.w.org\/{rel}","templated":true}]}}