{"id":4385,"date":"2023-05-09T09:33:25","date_gmt":"2023-05-09T07:33:25","guid":{"rendered":"http:\/\/cedrat-technologies.com\/produit\/lspa30uxs\/"},"modified":"2025-02-14T13:30:00","modified_gmt":"2025-02-14T12:30:00","slug":"lspa30uxs","status":"publish","type":"product","link":"https:\/\/cedrat-technologies.com\/fr\/produit\/lspa30uxs\/","title":{"rendered":"LSPA30uXS"},"content":{"rendered":"<p>Le micromoteur pi\u00e9zo\u00e9lectrique lin\u00e9aire \u00ab\u00a0Linear Stepping Actuator\u00a0\u00bb Lspa30uxs est un micromoteur pi\u00e9zo\u00e9lectrique lin\u00e9aire \u00e0 haute densit\u00e9 de force.<\/p>\n","protected":false},"excerpt":{"rendered":"<p>Le micromoteur pi\u00e9zo\u00e9lectrique lin\u00e9aire \u00ab\u00a0Linear Stepping Actuator\u00a0\u00bb Lspa30uxs est un micromoteur pi\u00e9zo\u00e9lectrique lin\u00e9aire \u00e0 haute densit\u00e9 de force.<\/p>\n","protected":false},"featured_media":8209,"comment_status":"closed","ping_status":"closed","template":"","meta":{"_acf_changed":false,"_seopress_robots_primary_cat":"none","_seopress_titles_title":"","_seopress_titles_desc":"","_seopress_robots_index":""},"product_brand":[],"product_cat":[1355,1354],"product_tag":[],"class_list":{"0":"post-4385","1":"product","2":"type-product","3":"status-publish","4":"has-post-thumbnail","6":"product_cat-actionneurs-piezo-pas-a-pas-moteurs-piezo","7":"product_cat-moteurs-piezo","8":"pa_force-motrice-maximale-03-n","9":"pa_mass-19-g","10":"pa_options-disponibles-amagnetique-compatibilite-irm","11":"pa_statut-prototype","12":"pa_vitesse-maximale-70-mm-s","14":"first","15":"instock","16":"product-type-simple"},"acf":[],"_links":{"self":[{"href":"https:\/\/cedrat-technologies.com\/fr\/wp-json\/wp\/v2\/product\/4385","targetHints":{"allow":["GET"]}}],"collection":[{"href":"https:\/\/cedrat-technologies.com\/fr\/wp-json\/wp\/v2\/product"}],"about":[{"href":"https:\/\/cedrat-technologies.com\/fr\/wp-json\/wp\/v2\/types\/product"}],"replies":[{"embeddable":true,"href":"https:\/\/cedrat-technologies.com\/fr\/wp-json\/wp\/v2\/comments?post=4385"}],"version-history":[{"count":0,"href":"https:\/\/cedrat-technologies.com\/fr\/wp-json\/wp\/v2\/product\/4385\/revisions"}],"wp:featuredmedia":[{"embeddable":true,"href":"https:\/\/cedrat-technologies.com\/fr\/wp-json\/wp\/v2\/media\/8209"}],"wp:attachment":[{"href":"https:\/\/cedrat-technologies.com\/fr\/wp-json\/wp\/v2\/media?parent=4385"}],"wp:term":[{"taxonomy":"product_brand","embeddable":true,"href":"https:\/\/cedrat-technologies.com\/fr\/wp-json\/wp\/v2\/product_brand?post=4385"},{"taxonomy":"product_cat","embeddable":true,"href":"https:\/\/cedrat-technologies.com\/fr\/wp-json\/wp\/v2\/product_cat?post=4385"},{"taxonomy":"product_tag","embeddable":true,"href":"https:\/\/cedrat-technologies.com\/fr\/wp-json\/wp\/v2\/product_tag?post=4385"}],"curies":[{"name":"wp","href":"https:\/\/api.w.org\/{rel}","templated":true}]}}