{"id":4344,"date":"2023-05-09T09:32:52","date_gmt":"2023-05-09T07:32:52","guid":{"rendered":"http:\/\/cedrat-technologies.com\/produit\/fspa35xs\/"},"modified":"2025-02-14T13:23:20","modified_gmt":"2025-02-14T12:23:20","slug":"fspa35xs","status":"publish","type":"product","link":"https:\/\/cedrat-technologies.com\/fr\/produit\/fspa35xs\/","title":{"rendered":"FSPA35XS"},"content":{"rendered":"<p>L\u2019actionneur pi\u00e9zo \u00e0 pas fin (FSPA35XS) est un actionneur brevet\u00e9 qui combine la technologie SPA et la r\u00e9duction m\u00e9canique. Des tailles de pas inf\u00e9rieures \u00e0 100 nm sont r\u00e9alisables en d\u00e9placement fin. La vitesse maximale typique pour ce FSPA est de 200 um\/s.<\/p>\n","protected":false},"excerpt":{"rendered":"<p>L\u2019actionneur pi\u00e9zo \u00e0 pas fin (FSPA35XS) est un actionneur brevet\u00e9 qui combine la technologie SPA et la r\u00e9duction m\u00e9canique. Des tailles de pas inf\u00e9rieures \u00e0 100 nm sont r\u00e9alisables en d\u00e9placement fin. La vitesse maximale typique pour ce FSPA est de 200 um\/s.<\/p>\n","protected":false},"featured_media":8201,"comment_status":"closed","ping_status":"closed","template":"","meta":{"_acf_changed":false,"_seopress_robots_primary_cat":"none","_seopress_titles_title":"","_seopress_titles_desc":"","_seopress_robots_index":""},"product_brand":[],"product_cat":[1355,1354],"product_tag":[],"class_list":{"0":"post-4344","1":"product","2":"type-product","3":"status-publish","4":"has-post-thumbnail","6":"product_cat-actionneurs-piezo-pas-a-pas-moteurs-piezo","7":"product_cat-moteurs-piezo","8":"pa_force-dactionnement-100-n","9":"pa_options-disponibles-micro-nano-positionnement-mecanisme-de-verrouillage","10":"pa_plage-de-deplacement-5-mm","11":"pa_statut-preliminaire","12":"pa_typical-lifetime-100-cycles","14":"first","15":"instock","16":"product-type-simple"},"acf":[],"_links":{"self":[{"href":"https:\/\/cedrat-technologies.com\/fr\/wp-json\/wp\/v2\/product\/4344","targetHints":{"allow":["GET"]}}],"collection":[{"href":"https:\/\/cedrat-technologies.com\/fr\/wp-json\/wp\/v2\/product"}],"about":[{"href":"https:\/\/cedrat-technologies.com\/fr\/wp-json\/wp\/v2\/types\/product"}],"replies":[{"embeddable":true,"href":"https:\/\/cedrat-technologies.com\/fr\/wp-json\/wp\/v2\/comments?post=4344"}],"version-history":[{"count":0,"href":"https:\/\/cedrat-technologies.com\/fr\/wp-json\/wp\/v2\/product\/4344\/revisions"}],"wp:featuredmedia":[{"embeddable":true,"href":"https:\/\/cedrat-technologies.com\/fr\/wp-json\/wp\/v2\/media\/8201"}],"wp:attachment":[{"href":"https:\/\/cedrat-technologies.com\/fr\/wp-json\/wp\/v2\/media?parent=4344"}],"wp:term":[{"taxonomy":"product_brand","embeddable":true,"href":"https:\/\/cedrat-technologies.com\/fr\/wp-json\/wp\/v2\/product_brand?post=4344"},{"taxonomy":"product_cat","embeddable":true,"href":"https:\/\/cedrat-technologies.com\/fr\/wp-json\/wp\/v2\/product_cat?post=4344"},{"taxonomy":"product_tag","embeddable":true,"href":"https:\/\/cedrat-technologies.com\/fr\/wp-json\/wp\/v2\/product_tag?post=4344"}],"curies":[{"name":"wp","href":"https:\/\/api.w.org\/{rel}","templated":true}]}}