{"id":4328,"date":"2023-05-09T09:32:52","date_gmt":"2023-05-09T07:32:52","guid":{"rendered":"http:\/\/cedrat-technologies.com\/produit\/vacuum-box\/"},"modified":"2023-08-23T12:39:09","modified_gmt":"2023-08-23T10:39:09","slug":"vacuum-box","status":"publish","type":"product","link":"https:\/\/cedrat-technologies.com\/fr\/produit\/vacuum-box\/","title":{"rendered":"Vacuum Box"},"content":{"rendered":"<p>CTEC a d\u00e9velopp\u00e9 une solution enti\u00e8rement int\u00e9grable sous vide pour ses shutters FPS et FAPS. Le shutter est mont\u00e9 \u00e0 l\u2019int\u00e9rieur de la boite avec une alimentation par c\u00e2ble sous vide. Le shutter peut \u00eatre sorti puis replac\u00e9 sans retirer la Vacuum Box du faisceau.<\/p>\n","protected":false},"excerpt":{"rendered":"<p>CTEC a d\u00e9velopp\u00e9 une solution enti\u00e8rement int\u00e9grable sous vide pour ses shutters FPS et FAPS. Le shutter est mont\u00e9 \u00e0 l\u2019int\u00e9rieur de la boite avec une alimentation par c\u00e2ble sous vide. Le shutter peut \u00eatre sorti puis replac\u00e9 sans retirer la Vacuum Box du faisceau.<\/p>\n","protected":false},"featured_media":8197,"comment_status":"closed","ping_status":"closed","template":"","meta":{"_acf_changed":false,"_seopress_robots_primary_cat":"none","_seopress_titles_title":"","_seopress_titles_desc":"","_seopress_robots_index":""},"product_brand":[],"product_cat":[1347,1353],"product_tag":[],"class_list":{"0":"post-4328","1":"product","2":"type-product","3":"status-publish","4":"has-post-thumbnail","6":"product_cat-actionneurs-piezo","7":"product_cat-obturateurs-piezo-rapides","8":"pa_dimensions-93mm105mm144mm","9":"pa_interface-de-verrouillage-kf40","10":"pa_mass-13-kg-fr","11":"pa_statut-standard","13":"first","14":"instock","15":"product-type-simple"},"acf":[],"_links":{"self":[{"href":"https:\/\/cedrat-technologies.com\/fr\/wp-json\/wp\/v2\/product\/4328","targetHints":{"allow":["GET"]}}],"collection":[{"href":"https:\/\/cedrat-technologies.com\/fr\/wp-json\/wp\/v2\/product"}],"about":[{"href":"https:\/\/cedrat-technologies.com\/fr\/wp-json\/wp\/v2\/types\/product"}],"replies":[{"embeddable":true,"href":"https:\/\/cedrat-technologies.com\/fr\/wp-json\/wp\/v2\/comments?post=4328"}],"version-history":[{"count":0,"href":"https:\/\/cedrat-technologies.com\/fr\/wp-json\/wp\/v2\/product\/4328\/revisions"}],"wp:featuredmedia":[{"embeddable":true,"href":"https:\/\/cedrat-technologies.com\/fr\/wp-json\/wp\/v2\/media\/8197"}],"wp:attachment":[{"href":"https:\/\/cedrat-technologies.com\/fr\/wp-json\/wp\/v2\/media?parent=4328"}],"wp:term":[{"taxonomy":"product_brand","embeddable":true,"href":"https:\/\/cedrat-technologies.com\/fr\/wp-json\/wp\/v2\/product_brand?post=4328"},{"taxonomy":"product_cat","embeddable":true,"href":"https:\/\/cedrat-technologies.com\/fr\/wp-json\/wp\/v2\/product_cat?post=4328"},{"taxonomy":"product_tag","embeddable":true,"href":"https:\/\/cedrat-technologies.com\/fr\/wp-json\/wp\/v2\/product_tag?post=4328"}],"curies":[{"name":"wp","href":"https:\/\/api.w.org\/{rel}","templated":true}]}}