{"id":4317,"date":"2023-05-09T09:32:52","date_gmt":"2023-05-09T07:32:52","guid":{"rendered":"http:\/\/cedrat-technologies.com\/produit\/faps400m\/"},"modified":"2025-02-14T11:25:56","modified_gmt":"2025-02-14T10:25:56","slug":"faps400m","status":"publish","type":"product","link":"https:\/\/cedrat-technologies.com\/fr\/produit\/faps400m\/","title":{"rendered":"FAPS400M"},"content":{"rendered":"<p>Le FAPS400M est un shutter rapide pour faisceau \u00e0 rayons X offrant la plus grande ouverture de la gamme des Shutters de Cedrat Technologies avec une course sup\u00e9rieure \u00e0 3mm et un temps de r\u00e9ponse court inf\u00e9rieur \u00e0 8 ms. Il est compos\u00e9 de 2 APA400M actionnant un amplificateur m\u00e9canique ou \u00ab bras de levier \u00bb. Tous les FAPS400M int\u00e8grent des t\u00eates optiques en Tungst\u00e8ne.<\/p>\n","protected":false},"excerpt":{"rendered":"<p>Le FAPS400M est un shutter rapide pour faisceau \u00e0 rayons X offrant la plus grande ouverture de la gamme des Shutters de Cedrat Technologies avec une course sup\u00e9rieure \u00e0 3mm et un temps de r\u00e9ponse court inf\u00e9rieur \u00e0 8 ms. Il est compos\u00e9 de 2 APA400M actionnant un amplificateur m\u00e9canique ou \u00ab bras de levier &#8230; <a title=\"FAPS400M\" class=\"read-more\" href=\"https:\/\/cedrat-technologies.com\/fr\/produit\/faps400m\/\" aria-label=\"En savoir plus sur FAPS400M\">Lire la suite<\/a><\/p>\n","protected":false},"featured_media":8195,"comment_status":"closed","ping_status":"closed","template":"","meta":{"_acf_changed":false,"_seopress_robots_primary_cat":"none","_seopress_titles_title":"","_seopress_titles_desc":"","_seopress_robots_index":""},"product_brand":[],"product_cat":[1347,1353],"product_tag":[],"class_list":{"0":"post-4317","1":"product","2":"type-product","3":"status-publish","4":"has-post-thumbnail","6":"product_cat-actionneurs-piezo","7":"product_cat-obturateurs-piezo-rapides","8":"pa_diametre-maximum-du-faisceau-30-mm","9":"pa_dimensions-73mm54mm65mm","10":"pa_mass-152-g","11":"pa_options-disponibles-compatibilite-uhv","12":"pa_statut-standard","13":"pa_temps-douverture-fermeture-8-ms","15":"first","16":"instock","17":"product-type-simple"},"acf":[],"_links":{"self":[{"href":"https:\/\/cedrat-technologies.com\/fr\/wp-json\/wp\/v2\/product\/4317","targetHints":{"allow":["GET"]}}],"collection":[{"href":"https:\/\/cedrat-technologies.com\/fr\/wp-json\/wp\/v2\/product"}],"about":[{"href":"https:\/\/cedrat-technologies.com\/fr\/wp-json\/wp\/v2\/types\/product"}],"replies":[{"embeddable":true,"href":"https:\/\/cedrat-technologies.com\/fr\/wp-json\/wp\/v2\/comments?post=4317"}],"version-history":[{"count":0,"href":"https:\/\/cedrat-technologies.com\/fr\/wp-json\/wp\/v2\/product\/4317\/revisions"}],"wp:featuredmedia":[{"embeddable":true,"href":"https:\/\/cedrat-technologies.com\/fr\/wp-json\/wp\/v2\/media\/8195"}],"wp:attachment":[{"href":"https:\/\/cedrat-technologies.com\/fr\/wp-json\/wp\/v2\/media?parent=4317"}],"wp:term":[{"taxonomy":"product_brand","embeddable":true,"href":"https:\/\/cedrat-technologies.com\/fr\/wp-json\/wp\/v2\/product_brand?post=4317"},{"taxonomy":"product_cat","embeddable":true,"href":"https:\/\/cedrat-technologies.com\/fr\/wp-json\/wp\/v2\/product_cat?post=4317"},{"taxonomy":"product_tag","embeddable":true,"href":"https:\/\/cedrat-technologies.com\/fr\/wp-json\/wp\/v2\/product_tag?post=4317"}],"curies":[{"name":"wp","href":"https:\/\/api.w.org\/{rel}","templated":true}]}}