{"id":4300,"date":"2023-05-09T09:32:52","date_gmt":"2023-05-09T07:32:52","guid":{"rendered":"http:\/\/cedrat-technologies.com\/produit\/fps900ms\/"},"modified":"2025-02-14T11:25:44","modified_gmt":"2025-02-14T10:25:44","slug":"fps900m","status":"publish","type":"product","link":"https:\/\/cedrat-technologies.com\/fr\/produit\/fps900m\/","title":{"rendered":"FPS900M"},"content":{"rendered":"<p>Le FPS900M (d\u00e9riv\u00e9 du FPS200M et du FPS400M) est compos\u00e9 d\u2019Actionneurs Piezo Amplifi\u00e9s APA900M, avec une t\u00eate optique d\u00e9di\u00e9e. Le FPS900M est compact, stable et offre une plus grande course que les autres FPS. Il int\u00e8gre des t\u00eates optiques en Tungst\u00e8ne.<\/p>\n","protected":false},"excerpt":{"rendered":"<p>Le FPS900M (d\u00e9riv\u00e9 du FPS200M et du FPS400M) est compos\u00e9 d\u2019Actionneurs Piezo Amplifi\u00e9s APA900M, avec une t\u00eate optique d\u00e9di\u00e9e. Le FPS900M est compact, stable et offre une plus grande course que les autres FPS. Il int\u00e8gre des t\u00eates optiques en Tungst\u00e8ne.<\/p>\n","protected":false},"featured_media":8193,"comment_status":"closed","ping_status":"closed","template":"","meta":{"_acf_changed":false,"_seopress_robots_primary_cat":"none","_seopress_titles_title":"","_seopress_titles_desc":"","_seopress_robots_index":""},"product_brand":[],"product_cat":[1347,1353],"product_tag":[],"class_list":{"0":"post-4300","1":"product","2":"type-product","3":"status-publish","4":"has-post-thumbnail","6":"product_cat-actionneurs-piezo","7":"product_cat-obturateurs-piezo-rapides","8":"pa_diametre-maximum-du-faisceau-11-mm","9":"pa_dimensions-60mm44mm23mm","10":"pa_mass-82-g","11":"pa_options-disponibles-compatibilite-uhv","12":"pa_statut-standard","13":"pa_temps-douverture-fermeture-10-ms","15":"first","16":"instock","17":"product-type-simple"},"acf":[],"_links":{"self":[{"href":"https:\/\/cedrat-technologies.com\/fr\/wp-json\/wp\/v2\/product\/4300","targetHints":{"allow":["GET"]}}],"collection":[{"href":"https:\/\/cedrat-technologies.com\/fr\/wp-json\/wp\/v2\/product"}],"about":[{"href":"https:\/\/cedrat-technologies.com\/fr\/wp-json\/wp\/v2\/types\/product"}],"replies":[{"embeddable":true,"href":"https:\/\/cedrat-technologies.com\/fr\/wp-json\/wp\/v2\/comments?post=4300"}],"version-history":[{"count":0,"href":"https:\/\/cedrat-technologies.com\/fr\/wp-json\/wp\/v2\/product\/4300\/revisions"}],"wp:featuredmedia":[{"embeddable":true,"href":"https:\/\/cedrat-technologies.com\/fr\/wp-json\/wp\/v2\/media\/8193"}],"wp:attachment":[{"href":"https:\/\/cedrat-technologies.com\/fr\/wp-json\/wp\/v2\/media?parent=4300"}],"wp:term":[{"taxonomy":"product_brand","embeddable":true,"href":"https:\/\/cedrat-technologies.com\/fr\/wp-json\/wp\/v2\/product_brand?post=4300"},{"taxonomy":"product_cat","embeddable":true,"href":"https:\/\/cedrat-technologies.com\/fr\/wp-json\/wp\/v2\/product_cat?post=4300"},{"taxonomy":"product_tag","embeddable":true,"href":"https:\/\/cedrat-technologies.com\/fr\/wp-json\/wp\/v2\/product_tag?post=4300"}],"curies":[{"name":"wp","href":"https:\/\/api.w.org\/{rel}","templated":true}]}}