{"id":4292,"date":"2023-05-09T09:32:52","date_gmt":"2023-05-09T07:32:52","guid":{"rendered":"http:\/\/cedrat-technologies.com\/produit\/fps400m\/"},"modified":"2025-02-14T11:25:24","modified_gmt":"2025-02-14T10:25:24","slug":"fps400m","status":"publish","type":"product","link":"https:\/\/cedrat-technologies.com\/fr\/produit\/fps400m\/","title":{"rendered":"FPS400M"},"content":{"rendered":"<p>Le FPS400M (d\u00e9riv\u00e9 du FPS200M) est compos\u00e9 d\u2019Actionneurs Piezo Amplifi\u00e9s APA400M avec une t\u00eate optique d\u00e9di\u00e9e. Le FPS400M est compact, stable et offre une plus grande course que le FPS200M. Il int\u00e8gre des t\u00eates optiques en Tungst\u00e8ne.<\/p>\n","protected":false},"excerpt":{"rendered":"<p>Le FPS400M (d\u00e9riv\u00e9 du FPS200M) est compos\u00e9 d\u2019Actionneurs Piezo Amplifi\u00e9s APA400M avec une t\u00eate optique d\u00e9di\u00e9e. Le FPS400M est compact, stable et offre une plus grande course que le FPS200M. Il int\u00e8gre des t\u00eates optiques en Tungst\u00e8ne.<\/p>\n","protected":false},"featured_media":8191,"comment_status":"closed","ping_status":"closed","template":"","meta":{"_acf_changed":false,"_seopress_robots_primary_cat":"none","_seopress_titles_title":"","_seopress_titles_desc":"","_seopress_robots_index":""},"product_brand":[],"product_cat":[1347,1353],"product_tag":[],"class_list":{"0":"post-4292","1":"product","2":"type-product","3":"status-publish","4":"has-post-thumbnail","6":"product_cat-actionneurs-piezo","7":"product_cat-obturateurs-piezo-rapides","8":"pa_diametre-maximum-du-faisceau-07-mm","9":"pa_dimensions-60mm44mm21mm","10":"pa_mass-84-g","11":"pa_options-disponibles-compatibilite-uhv","12":"pa_statut-standard","13":"pa_temps-douverture-fermeture-4-ms","15":"first","16":"instock","17":"product-type-simple"},"acf":[],"_links":{"self":[{"href":"https:\/\/cedrat-technologies.com\/fr\/wp-json\/wp\/v2\/product\/4292","targetHints":{"allow":["GET"]}}],"collection":[{"href":"https:\/\/cedrat-technologies.com\/fr\/wp-json\/wp\/v2\/product"}],"about":[{"href":"https:\/\/cedrat-technologies.com\/fr\/wp-json\/wp\/v2\/types\/product"}],"replies":[{"embeddable":true,"href":"https:\/\/cedrat-technologies.com\/fr\/wp-json\/wp\/v2\/comments?post=4292"}],"version-history":[{"count":0,"href":"https:\/\/cedrat-technologies.com\/fr\/wp-json\/wp\/v2\/product\/4292\/revisions"}],"wp:featuredmedia":[{"embeddable":true,"href":"https:\/\/cedrat-technologies.com\/fr\/wp-json\/wp\/v2\/media\/8191"}],"wp:attachment":[{"href":"https:\/\/cedrat-technologies.com\/fr\/wp-json\/wp\/v2\/media?parent=4292"}],"wp:term":[{"taxonomy":"product_brand","embeddable":true,"href":"https:\/\/cedrat-technologies.com\/fr\/wp-json\/wp\/v2\/product_brand?post=4292"},{"taxonomy":"product_cat","embeddable":true,"href":"https:\/\/cedrat-technologies.com\/fr\/wp-json\/wp\/v2\/product_cat?post=4292"},{"taxonomy":"product_tag","embeddable":true,"href":"https:\/\/cedrat-technologies.com\/fr\/wp-json\/wp\/v2\/product_tag?post=4292"}],"curies":[{"name":"wp","href":"https:\/\/api.w.org\/{rel}","templated":true}]}}