{"id":4236,"date":"2023-05-09T09:32:52","date_gmt":"2023-05-09T07:32:52","guid":{"rendered":"http:\/\/cedrat-technologies.com\/produit\/xy25xs\/"},"modified":"2023-08-08T09:33:15","modified_gmt":"2023-08-08T07:33:15","slug":"xy25xs","status":"publish","type":"product","link":"https:\/\/cedrat-technologies.com\/fr\/produit\/xy25xs\/","title":{"rendered":"XY25XS"},"content":{"rendered":"<p>La platine pi\u00e9zo\u00e9lectrique XY25XS est bas\u00e9e sur les actionneurs de type APA 25XS. Cette platine de taille compact convient particuli\u00e8rement aux syst\u00e8mes int\u00e9gr\u00e9s pour le positionnement de fibres, le microscan de lentilles et de d\u00e9tecteurs CCD ou CMOS.<\/p>\n","protected":false},"excerpt":{"rendered":"<p>La platine pi\u00e9zo\u00e9lectrique XY25XS est bas\u00e9e sur les actionneurs de type APA 25XS. Cette platine de taille compact convient particuli\u00e8rement aux syst\u00e8mes int\u00e9gr\u00e9s pour le positionnement de fibres, le microscan de lentilles et de d\u00e9tecteurs CCD ou CMOS.<\/p>\n","protected":false},"featured_media":8183,"comment_status":"closed","ping_status":"closed","template":"","meta":{"_acf_changed":false,"_seopress_robots_primary_cat":"none","_seopress_titles_title":"","_seopress_titles_desc":"","_seopress_robots_index":""},"product_brand":[],"product_cat":[1347,1352],"product_tag":[],"class_list":{"0":"post-4236","1":"product","2":"type-product","3":"status-publish","4":"has-post-thumbnail","6":"product_cat-actionneurs-piezo","7":"product_cat-platines-piezo-actionneurs-piezo","8":"pa_dimensions-50mm550mm19mm","9":"pa_options-disponibles-jauge-de-contrainte-compatibilite-vide","10":"pa_statut-standard","11":"pa_temps-de-reponse-017ms","13":"first","14":"instock","15":"product-type-simple"},"acf":[],"_links":{"self":[{"href":"https:\/\/cedrat-technologies.com\/fr\/wp-json\/wp\/v2\/product\/4236","targetHints":{"allow":["GET"]}}],"collection":[{"href":"https:\/\/cedrat-technologies.com\/fr\/wp-json\/wp\/v2\/product"}],"about":[{"href":"https:\/\/cedrat-technologies.com\/fr\/wp-json\/wp\/v2\/types\/product"}],"replies":[{"embeddable":true,"href":"https:\/\/cedrat-technologies.com\/fr\/wp-json\/wp\/v2\/comments?post=4236"}],"version-history":[{"count":0,"href":"https:\/\/cedrat-technologies.com\/fr\/wp-json\/wp\/v2\/product\/4236\/revisions"}],"wp:featuredmedia":[{"embeddable":true,"href":"https:\/\/cedrat-technologies.com\/fr\/wp-json\/wp\/v2\/media\/8183"}],"wp:attachment":[{"href":"https:\/\/cedrat-technologies.com\/fr\/wp-json\/wp\/v2\/media?parent=4236"}],"wp:term":[{"taxonomy":"product_brand","embeddable":true,"href":"https:\/\/cedrat-technologies.com\/fr\/wp-json\/wp\/v2\/product_brand?post=4236"},{"taxonomy":"product_cat","embeddable":true,"href":"https:\/\/cedrat-technologies.com\/fr\/wp-json\/wp\/v2\/product_cat?post=4236"},{"taxonomy":"product_tag","embeddable":true,"href":"https:\/\/cedrat-technologies.com\/fr\/wp-json\/wp\/v2\/product_tag?post=4236"}],"curies":[{"name":"wp","href":"https:\/\/api.w.org\/{rel}","templated":true}]}}