{"id":4219,"date":"2023-05-09T09:32:52","date_gmt":"2023-05-09T07:32:52","guid":{"rendered":"http:\/\/cedrat-technologies.com\/produit\/x120s\/"},"modified":"2023-08-08T09:31:30","modified_gmt":"2023-08-08T07:31:30","slug":"x120s","status":"publish","type":"product","link":"https:\/\/cedrat-technologies.com\/fr\/produit\/x120s\/","title":{"rendered":"X120S"},"content":{"rendered":"<p>La platine pi\u00e9zo\u00e9lectrique X120S a une course allant jusqu\u2019\u00e0 110\u00b5m le long de l\u2019axe X et peut \u00eatre \u00e9quip\u00e9e de jauges de contrainte pour une pr\u00e9cision tr\u00e8s fine allant jusqu\u2019\u00e0 10 nm.<\/p>\n","protected":false},"excerpt":{"rendered":"<p>La platine pi\u00e9zo\u00e9lectrique X120S a une course allant jusqu\u2019\u00e0 110\u00b5m le long de l\u2019axe X et peut \u00eatre \u00e9quip\u00e9e de jauges de contrainte pour une pr\u00e9cision tr\u00e8s fine allant jusqu\u2019\u00e0 10 nm.<\/p>\n","protected":false},"featured_media":8181,"comment_status":"closed","ping_status":"closed","template":"","meta":{"_acf_changed":false,"_seopress_robots_primary_cat":"none","_seopress_titles_title":"","_seopress_titles_desc":"","_seopress_robots_index":""},"product_brand":[],"product_cat":[1347,1352],"product_tag":[],"class_list":{"0":"post-4219","1":"product","2":"type-product","3":"status-publish","4":"has-post-thumbnail","6":"product_cat-actionneurs-piezo","7":"product_cat-platines-piezo-actionneurs-piezo","8":"pa_dimensions-30mm30mm12mm","9":"pa_options-disponibles-jauge-de-contrainte-compatibilite-vide","10":"pa_statut-standard","11":"pa_temps-de-reponse-059-ms","13":"first","14":"instock","15":"product-type-simple"},"acf":[],"_links":{"self":[{"href":"https:\/\/cedrat-technologies.com\/fr\/wp-json\/wp\/v2\/product\/4219","targetHints":{"allow":["GET"]}}],"collection":[{"href":"https:\/\/cedrat-technologies.com\/fr\/wp-json\/wp\/v2\/product"}],"about":[{"href":"https:\/\/cedrat-technologies.com\/fr\/wp-json\/wp\/v2\/types\/product"}],"replies":[{"embeddable":true,"href":"https:\/\/cedrat-technologies.com\/fr\/wp-json\/wp\/v2\/comments?post=4219"}],"version-history":[{"count":0,"href":"https:\/\/cedrat-technologies.com\/fr\/wp-json\/wp\/v2\/product\/4219\/revisions"}],"wp:featuredmedia":[{"embeddable":true,"href":"https:\/\/cedrat-technologies.com\/fr\/wp-json\/wp\/v2\/media\/8181"}],"wp:attachment":[{"href":"https:\/\/cedrat-technologies.com\/fr\/wp-json\/wp\/v2\/media?parent=4219"}],"wp:term":[{"taxonomy":"product_brand","embeddable":true,"href":"https:\/\/cedrat-technologies.com\/fr\/wp-json\/wp\/v2\/product_brand?post=4219"},{"taxonomy":"product_cat","embeddable":true,"href":"https:\/\/cedrat-technologies.com\/fr\/wp-json\/wp\/v2\/product_cat?post=4219"},{"taxonomy":"product_tag","embeddable":true,"href":"https:\/\/cedrat-technologies.com\/fr\/wp-json\/wp\/v2\/product_tag?post=4219"}],"curies":[{"name":"wp","href":"https:\/\/api.w.org\/{rel}","templated":true}]}}