{"id":4191,"date":"2023-05-09T09:32:52","date_gmt":"2023-05-09T07:32:52","guid":{"rendered":"http:\/\/cedrat-technologies.com\/produit\/tt60sm-sg\/"},"modified":"2025-02-14T09:37:39","modified_gmt":"2025-02-14T08:37:39","slug":"tt60sm-sg","status":"publish","type":"product","link":"https:\/\/cedrat-technologies.com\/fr\/produit\/tt60sm-sg\/","title":{"rendered":"TT60SM-SG"},"content":{"rendered":"<p>Le m\u00e9canisme Tip Tilt 1 monoaxial est bas\u00e9 sur 2 actionneurs de type APA60SM. Deux types de mouvements peuvent \u00eatre g\u00e9n\u00e9r\u00e9s : translation et rotation. Seule la rotation est disponible en version standard.<\/p>\n","protected":false},"excerpt":{"rendered":"<p>Le m\u00e9canisme Tip Tilt 1 monoaxial est bas\u00e9 sur 2 actionneurs de type APA60SM. Deux types de mouvements peuvent \u00eatre g\u00e9n\u00e9r\u00e9s : translation et rotation. Seule la rotation est disponible en version standard.<\/p>\n","protected":false},"featured_media":25903,"comment_status":"closed","ping_status":"closed","template":"","meta":{"_acf_changed":false,"_seopress_robots_primary_cat":"none","_seopress_titles_title":"","_seopress_titles_desc":"","_seopress_robots_index":""},"product_brand":[],"product_cat":[198,1351],"product_tag":[],"class_list":{"0":"post-4191","1":"product","2":"type-product","3":"status-publish","4":"has-post-thumbnail","6":"product_cat-fast-steering-platforms","7":"product_cat-fast-steering-platforms-fast-steering-platforms","8":"pa_course-angulaire-max-20-mrad","9":"pa_dimensions-5525-mm","10":"pa_statut-standard","12":"first","13":"instock","14":"product-type-simple"},"acf":[],"_links":{"self":[{"href":"https:\/\/cedrat-technologies.com\/fr\/wp-json\/wp\/v2\/product\/4191","targetHints":{"allow":["GET"]}}],"collection":[{"href":"https:\/\/cedrat-technologies.com\/fr\/wp-json\/wp\/v2\/product"}],"about":[{"href":"https:\/\/cedrat-technologies.com\/fr\/wp-json\/wp\/v2\/types\/product"}],"replies":[{"embeddable":true,"href":"https:\/\/cedrat-technologies.com\/fr\/wp-json\/wp\/v2\/comments?post=4191"}],"version-history":[{"count":0,"href":"https:\/\/cedrat-technologies.com\/fr\/wp-json\/wp\/v2\/product\/4191\/revisions"}],"wp:featuredmedia":[{"embeddable":true,"href":"https:\/\/cedrat-technologies.com\/fr\/wp-json\/wp\/v2\/media\/25903"}],"wp:attachment":[{"href":"https:\/\/cedrat-technologies.com\/fr\/wp-json\/wp\/v2\/media?parent=4191"}],"wp:term":[{"taxonomy":"product_brand","embeddable":true,"href":"https:\/\/cedrat-technologies.com\/fr\/wp-json\/wp\/v2\/product_brand?post=4191"},{"taxonomy":"product_cat","embeddable":true,"href":"https:\/\/cedrat-technologies.com\/fr\/wp-json\/wp\/v2\/product_cat?post=4191"},{"taxonomy":"product_tag","embeddable":true,"href":"https:\/\/cedrat-technologies.com\/fr\/wp-json\/wp\/v2\/product_tag?post=4191"}],"curies":[{"name":"wp","href":"https:\/\/api.w.org\/{rel}","templated":true}]}}