{"id":4180,"date":"2023-05-09T09:32:52","date_gmt":"2023-05-09T07:32:52","guid":{"rendered":"http:\/\/cedrat-technologies.com\/produit\/dtt60sm-sg\/"},"modified":"2025-08-21T12:48:54","modified_gmt":"2025-08-21T10:48:54","slug":"dtt60sm-sg","status":"publish","type":"product","link":"https:\/\/cedrat-technologies.com\/fr\/produit\/dtt60sm-sg\/","title":{"rendered":"DTT60SM-SG"},"content":{"rendered":"<p>Le m\u00e9canisme Tipt Tilt DTT60SM-SG g\u00e9n\u00e8re 2 rotations autour des axes X et Y. Il inclut des capteurs de position \u00e0 jauges de contraintes (Strain Gauges, SG) avec leur carte de conditionnement int\u00e9gr\u00e9e, pour une plus grande r\u00e9solution et une plus grande robustesse en contr\u00f4le de position dans les applications embarqu\u00e9es et sur le terrain. L&rsquo;angle de d\u00e9flection optique peut atteindre 1,2 \u00b0 avec un miroir de 2 pouces de diam\u00e8tre.<\/p>\n","protected":false},"excerpt":{"rendered":"<p>Le m\u00e9canisme Tipt Tilt DTT60SM-SG g\u00e9n\u00e8re 2 rotations autour des axes X et Y. Il inclut des capteurs de position \u00e0 jauges de contraintes (Strain Gauges, SG) avec leur carte de conditionnement int\u00e9gr\u00e9e, pour une plus grande r\u00e9solution et une plus grande robustesse en contr\u00f4le de position dans les applications embarqu\u00e9es et sur le terrain. &#8230; <a title=\"DTT60SM-SG\" class=\"read-more\" href=\"https:\/\/cedrat-technologies.com\/fr\/produit\/dtt60sm-sg\/\" aria-label=\"En savoir plus sur DTT60SM-SG\">Lire la suite<\/a><\/p>\n","protected":false},"featured_media":29204,"comment_status":"closed","ping_status":"closed","template":"","meta":{"_acf_changed":false,"_seopress_robots_primary_cat":"none","_seopress_titles_title":"","_seopress_titles_desc":"","_seopress_robots_index":""},"product_brand":[],"product_cat":[198],"product_tag":[],"class_list":{"0":"post-4180","1":"product","2":"type-product","3":"status-publish","4":"has-post-thumbnail","6":"product_cat-fast-steering-platforms","7":"pa_course-angulaire-max-10-mrad","8":"pa_dimensions-o65mm-40-mm","9":"pa_statut-standard","10":"pa_unloaded-resonance-frequency-1750-fr","12":"first","13":"instock","14":"product-type-simple"},"acf":[],"_links":{"self":[{"href":"https:\/\/cedrat-technologies.com\/fr\/wp-json\/wp\/v2\/product\/4180","targetHints":{"allow":["GET"]}}],"collection":[{"href":"https:\/\/cedrat-technologies.com\/fr\/wp-json\/wp\/v2\/product"}],"about":[{"href":"https:\/\/cedrat-technologies.com\/fr\/wp-json\/wp\/v2\/types\/product"}],"replies":[{"embeddable":true,"href":"https:\/\/cedrat-technologies.com\/fr\/wp-json\/wp\/v2\/comments?post=4180"}],"version-history":[{"count":0,"href":"https:\/\/cedrat-technologies.com\/fr\/wp-json\/wp\/v2\/product\/4180\/revisions"}],"wp:featuredmedia":[{"embeddable":true,"href":"https:\/\/cedrat-technologies.com\/fr\/wp-json\/wp\/v2\/media\/29204"}],"wp:attachment":[{"href":"https:\/\/cedrat-technologies.com\/fr\/wp-json\/wp\/v2\/media?parent=4180"}],"wp:term":[{"taxonomy":"product_brand","embeddable":true,"href":"https:\/\/cedrat-technologies.com\/fr\/wp-json\/wp\/v2\/product_brand?post=4180"},{"taxonomy":"product_cat","embeddable":true,"href":"https:\/\/cedrat-technologies.com\/fr\/wp-json\/wp\/v2\/product_cat?post=4180"},{"taxonomy":"product_tag","embeddable":true,"href":"https:\/\/cedrat-technologies.com\/fr\/wp-json\/wp\/v2\/product_tag?post=4180"}],"curies":[{"name":"wp","href":"https:\/\/api.w.org\/{rel}","templated":true}]}}