{"id":4166,"date":"2023-05-09T09:32:52","date_gmt":"2023-05-09T07:32:52","guid":{"rendered":"http:\/\/cedrat-technologies.com\/produit\/dtt35xs-sg\/"},"modified":"2025-08-21T14:17:11","modified_gmt":"2025-08-21T12:17:11","slug":"dtt35xs-sg","status":"publish","type":"product","link":"https:\/\/cedrat-technologies.com\/fr\/produit\/dtt35xs-sg\/","title":{"rendered":"DTT35XS-SG"},"content":{"rendered":"<p>Le m\u00e9canisme dynamique Tip Tilt DTT35XS-SG est une plateforme pouvant faire basculer un miroir en verre le long de 2 axes orthogonaux avec une course angulaire de 5 mrad. Le DTT35XS-SG est \u00e9quip\u00e9 de jauges de contraintes (Strain Gauges, SG) et d&rsquo;une carte de conditionnement int\u00e9gr\u00e9e, pour un contr\u00f4le pr\u00e9cis en positionnement. Le DTT35XS-SG convient \u00e0 tout de type de miroir en verre de diam\u00e8tre inf\u00e9rieur \u00e0 30 mm.<\/p>\n","protected":false},"excerpt":{"rendered":"<p>Le m\u00e9canisme dynamique Tip Tilt DTT35XS-SG est une plateforme pouvant faire basculer un miroir en verre le long de 2 axes orthogonaux avec une course angulaire de 5 mrad. Le DTT35XS-SG est \u00e9quip\u00e9 de jauges de contraintes (Strain Gauges, SG) et d&rsquo;une carte de conditionnement int\u00e9gr\u00e9e, pour un contr\u00f4le pr\u00e9cis en positionnement. Le DTT35XS-SG convient &#8230; <a title=\"DTT35XS-SG\" class=\"read-more\" href=\"https:\/\/cedrat-technologies.com\/fr\/produit\/dtt35xs-sg\/\" aria-label=\"En savoir plus sur DTT35XS-SG\">Lire la suite<\/a><\/p>\n","protected":false},"featured_media":29206,"comment_status":"closed","ping_status":"closed","template":"","meta":{"_acf_changed":false,"_seopress_robots_primary_cat":"none","_seopress_titles_title":"","_seopress_titles_desc":"","_seopress_robots_index":""},"product_brand":[],"product_cat":[1351,198],"product_tag":[],"class_list":{"0":"post-4166","1":"product","2":"type-product","3":"status-publish","4":"has-post-thumbnail","6":"product_cat-fast-steering-platforms-fast-steering-platforms","7":"product_cat-fast-steering-platforms","8":"pa_course-angulaire-max-5-mrad","9":"pa_dimensions-o45mm22mm","10":"pa_statut-standard","12":"first","13":"instock","14":"product-type-simple"},"acf":[],"_links":{"self":[{"href":"https:\/\/cedrat-technologies.com\/fr\/wp-json\/wp\/v2\/product\/4166","targetHints":{"allow":["GET"]}}],"collection":[{"href":"https:\/\/cedrat-technologies.com\/fr\/wp-json\/wp\/v2\/product"}],"about":[{"href":"https:\/\/cedrat-technologies.com\/fr\/wp-json\/wp\/v2\/types\/product"}],"replies":[{"embeddable":true,"href":"https:\/\/cedrat-technologies.com\/fr\/wp-json\/wp\/v2\/comments?post=4166"}],"version-history":[{"count":0,"href":"https:\/\/cedrat-technologies.com\/fr\/wp-json\/wp\/v2\/product\/4166\/revisions"}],"wp:featuredmedia":[{"embeddable":true,"href":"https:\/\/cedrat-technologies.com\/fr\/wp-json\/wp\/v2\/media\/29206"}],"wp:attachment":[{"href":"https:\/\/cedrat-technologies.com\/fr\/wp-json\/wp\/v2\/media?parent=4166"}],"wp:term":[{"taxonomy":"product_brand","embeddable":true,"href":"https:\/\/cedrat-technologies.com\/fr\/wp-json\/wp\/v2\/product_brand?post=4166"},{"taxonomy":"product_cat","embeddable":true,"href":"https:\/\/cedrat-technologies.com\/fr\/wp-json\/wp\/v2\/product_cat?post=4166"},{"taxonomy":"product_tag","embeddable":true,"href":"https:\/\/cedrat-technologies.com\/fr\/wp-json\/wp\/v2\/product_tag?post=4166"}],"curies":[{"name":"wp","href":"https:\/\/api.w.org\/{rel}","templated":true}]}}