{"id":4155,"date":"2023-05-09T09:32:52","date_gmt":"2023-05-09T07:32:52","guid":{"rendered":"http:\/\/cedrat-technologies.com\/produit\/dtt15xs-sg\/"},"modified":"2025-02-14T09:38:17","modified_gmt":"2025-02-14T08:38:17","slug":"dtt15xs-sg","status":"publish","type":"product","link":"https:\/\/cedrat-technologies.com\/fr\/produit\/dtt15xs-sg\/","title":{"rendered":"DTT15XS-SG"},"content":{"rendered":"<p>Le m\u00e9canisme dynamique Tip Tilt DTT15XS-SG est une plateforme pouvant faire basculer un miroir en verre les long de 2 axes orthogonaux avec une course angulaire de 2 mrad. Le DTT15XS-SG est \u00e9quip\u00e9 de jauges de contraintes (Strain Gauges, SG) et d&rsquo;une carte de conditionnement int\u00e9gr\u00e9e, pour un contr\u00f4le pr\u00e9cis en positionnement. Le DTT15XS-SG convient \u00e0 tout de type de miroir en verre de diam\u00e8tre in\u00e9frieur \u00e0 40 mm.<\/p>\n","protected":false},"excerpt":{"rendered":"<p>Le m\u00e9canisme dynamique Tip Tilt DTT15XS-SG est une plateforme pouvant faire basculer un miroir en verre les long de 2 axes orthogonaux avec une course angulaire de 2 mrad. Le DTT15XS-SG est \u00e9quip\u00e9 de jauges de contraintes (Strain Gauges, SG) et d&rsquo;une carte de conditionnement int\u00e9gr\u00e9e, pour un contr\u00f4le pr\u00e9cis en positionnement. Le DTT15XS-SG convient &#8230; <a title=\"DTT15XS-SG\" class=\"read-more\" href=\"https:\/\/cedrat-technologies.com\/fr\/produit\/dtt15xs-sg\/\" aria-label=\"En savoir plus sur DTT15XS-SG\">Lire la suite<\/a><\/p>\n","protected":false},"featured_media":8171,"comment_status":"closed","ping_status":"closed","template":"","meta":{"_acf_changed":false,"_seopress_robots_primary_cat":"none","_seopress_titles_title":"","_seopress_titles_desc":"","_seopress_robots_index":""},"product_brand":[],"product_cat":[198,1351],"product_tag":[],"class_list":{"0":"post-4155","1":"product","2":"type-product","3":"status-publish","4":"has-post-thumbnail","6":"product_cat-fast-steering-platforms","7":"product_cat-fast-steering-platforms-fast-steering-platforms","8":"pa_course-angulaire-max-2-mrad","9":"pa_dimensions-40mm40mm24mm","10":"pa_statut-standard","12":"first","13":"instock","14":"product-type-simple"},"acf":[],"_links":{"self":[{"href":"https:\/\/cedrat-technologies.com\/fr\/wp-json\/wp\/v2\/product\/4155","targetHints":{"allow":["GET"]}}],"collection":[{"href":"https:\/\/cedrat-technologies.com\/fr\/wp-json\/wp\/v2\/product"}],"about":[{"href":"https:\/\/cedrat-technologies.com\/fr\/wp-json\/wp\/v2\/types\/product"}],"replies":[{"embeddable":true,"href":"https:\/\/cedrat-technologies.com\/fr\/wp-json\/wp\/v2\/comments?post=4155"}],"version-history":[{"count":0,"href":"https:\/\/cedrat-technologies.com\/fr\/wp-json\/wp\/v2\/product\/4155\/revisions"}],"wp:featuredmedia":[{"embeddable":true,"href":"https:\/\/cedrat-technologies.com\/fr\/wp-json\/wp\/v2\/media\/8171"}],"wp:attachment":[{"href":"https:\/\/cedrat-technologies.com\/fr\/wp-json\/wp\/v2\/media?parent=4155"}],"wp:term":[{"taxonomy":"product_brand","embeddable":true,"href":"https:\/\/cedrat-technologies.com\/fr\/wp-json\/wp\/v2\/product_brand?post=4155"},{"taxonomy":"product_cat","embeddable":true,"href":"https:\/\/cedrat-technologies.com\/fr\/wp-json\/wp\/v2\/product_cat?post=4155"},{"taxonomy":"product_tag","embeddable":true,"href":"https:\/\/cedrat-technologies.com\/fr\/wp-json\/wp\/v2\/product_tag?post=4155"}],"curies":[{"name":"wp","href":"https:\/\/api.w.org\/{rel}","templated":true}]}}