{"id":4147,"date":"2023-05-09T09:32:52","date_gmt":"2023-05-09T07:32:52","guid":{"rendered":"http:\/\/cedrat-technologies.com\/produit\/m-fsm62\/"},"modified":"2025-09-08T09:43:02","modified_gmt":"2025-09-08T07:43:02","slug":"m-fsm62","status":"publish","type":"product","link":"https:\/\/cedrat-technologies.com\/fr\/produit\/m-fsm62\/","title":{"rendered":"M-FSM62"},"content":{"rendered":"<p>Le M-FSM62 est un Fast Steering Mirror magn\u00e9tique avec une ouverture optique de + de 30 mm de diam\u00e8tre avec un substrat en SiC et une course angulaire de 140 mrad en boucle ouverte et de 120 mrad en boucle ferm\u00e9e. Le M-FSM62 peut \u00eatre \u00e9quip\u00e9 de capteurs \u00e0 courants de Foucault (Eddy Current Sensors, ECS) pour un contr\u00f4le pr\u00e9cis en positionnement.<\/p>\n","protected":false},"excerpt":{"rendered":"<p>Le M-FSM62 est un Fast Steering Mirror magn\u00e9tique avec une ouverture optique de + de 30 mm de diam\u00e8tre avec un substrat en SiC et une course angulaire de 140 mrad en boucle ouverte et de 120 mrad en boucle ferm\u00e9e. Le M-FSM62 peut \u00eatre \u00e9quip\u00e9 de capteurs \u00e0 courants de Foucault (Eddy Current Sensors, &#8230; <a title=\"M-FSM62\" class=\"read-more\" href=\"https:\/\/cedrat-technologies.com\/fr\/produit\/m-fsm62\/\" aria-label=\"En savoir plus sur M-FSM62\">Lire la suite<\/a><\/p>\n","protected":false},"featured_media":8169,"comment_status":"closed","ping_status":"closed","template":"","meta":{"_acf_changed":false,"_seopress_robots_primary_cat":"none","_seopress_titles_title":"","_seopress_titles_desc":"","_seopress_robots_index":""},"product_brand":[],"product_cat":[191,1350],"product_tag":[],"class_list":{"0":"post-4147","1":"product","2":"type-product","3":"status-publish","4":"has-post-thumbnail","6":"product_cat-fast-steering-mirrors","7":"product_cat-fast-steering-mirrors-fast-steering-mirrors","8":"pa_course-angulaire-max-140-mrad","9":"pa_dimensions-o62mm60mm","10":"pa_loaded-resonance-frequency-100-hz-fr-2","11":"pa_statut-standard","13":"first","14":"instock","15":"product-type-simple"},"acf":[],"_links":{"self":[{"href":"https:\/\/cedrat-technologies.com\/fr\/wp-json\/wp\/v2\/product\/4147","targetHints":{"allow":["GET"]}}],"collection":[{"href":"https:\/\/cedrat-technologies.com\/fr\/wp-json\/wp\/v2\/product"}],"about":[{"href":"https:\/\/cedrat-technologies.com\/fr\/wp-json\/wp\/v2\/types\/product"}],"replies":[{"embeddable":true,"href":"https:\/\/cedrat-technologies.com\/fr\/wp-json\/wp\/v2\/comments?post=4147"}],"version-history":[{"count":0,"href":"https:\/\/cedrat-technologies.com\/fr\/wp-json\/wp\/v2\/product\/4147\/revisions"}],"wp:featuredmedia":[{"embeddable":true,"href":"https:\/\/cedrat-technologies.com\/fr\/wp-json\/wp\/v2\/media\/8169"}],"wp:attachment":[{"href":"https:\/\/cedrat-technologies.com\/fr\/wp-json\/wp\/v2\/media?parent=4147"}],"wp:term":[{"taxonomy":"product_brand","embeddable":true,"href":"https:\/\/cedrat-technologies.com\/fr\/wp-json\/wp\/v2\/product_brand?post=4147"},{"taxonomy":"product_cat","embeddable":true,"href":"https:\/\/cedrat-technologies.com\/fr\/wp-json\/wp\/v2\/product_cat?post=4147"},{"taxonomy":"product_tag","embeddable":true,"href":"https:\/\/cedrat-technologies.com\/fr\/wp-json\/wp\/v2\/product_tag?post=4147"}],"curies":[{"name":"wp","href":"https:\/\/api.w.org\/{rel}","templated":true}]}}