{"id":4136,"date":"2023-05-09T09:32:52","date_gmt":"2023-05-09T07:32:52","guid":{"rendered":"http:\/\/cedrat-technologies.com\/produit\/m-fsm45\/"},"modified":"2025-02-14T09:29:19","modified_gmt":"2025-02-14T08:29:19","slug":"m-fsm45","status":"publish","type":"product","link":"https:\/\/cedrat-technologies.com\/fr\/produit\/m-fsm45\/","title":{"rendered":"M-FSM45"},"content":{"rendered":"<p>Le M-FSM45 est un Fast Steering Mirror magn\u00e9tique de +15 mm de diam\u00e8tre d&rsquo;ouverture utile (substrat en SiC, m\u00e9tallique ou en verre) avec une course angulaire de +50 mrad. Le M-FSM45 est \u00e9quip\u00e9 de capteurs de positionnement \u00e0 courants de Foucault (ECS) pour un contr\u00f4le pr\u00e9cis du positionnement. Il est qualifi\u00e9 pour la communication optique en espace libre.<\/p>\n","protected":false},"excerpt":{"rendered":"<p>Le M-FSM45 est un Fast Steering Mirror magn\u00e9tique de +15 mm de diam\u00e8tre d&rsquo;ouverture utile (substrat en SiC, m\u00e9tallique ou en verre) avec une course angulaire de +50 mrad. Le M-FSM45 est \u00e9quip\u00e9 de capteurs de positionnement \u00e0 courants de Foucault (ECS) pour un contr\u00f4le pr\u00e9cis du positionnement. Il est qualifi\u00e9 pour la communication optique &#8230; <a title=\"M-FSM45\" class=\"read-more\" href=\"https:\/\/cedrat-technologies.com\/fr\/produit\/m-fsm45\/\" aria-label=\"En savoir plus sur M-FSM45\">Lire la suite<\/a><\/p>\n","protected":false},"featured_media":4144,"comment_status":"closed","ping_status":"closed","template":"","meta":{"_acf_changed":false,"_seopress_robots_primary_cat":"none","_seopress_titles_title":"","_seopress_titles_desc":"","_seopress_robots_index":""},"product_brand":[],"product_cat":[1350,191],"product_tag":[],"class_list":{"0":"post-4136","1":"product","2":"type-product","3":"status-publish","4":"has-post-thumbnail","6":"product_cat-fast-steering-mirrors-fast-steering-mirrors","7":"product_cat-fast-steering-mirrors","8":"pa_course-angulaire-max-50-mrad","9":"pa_dimensions-o45mm40mm","10":"pa_loaded-resonance-frequency-100-hz-fr-2","11":"pa_statut-standard","13":"first","14":"instock","15":"product-type-simple"},"acf":[],"_links":{"self":[{"href":"https:\/\/cedrat-technologies.com\/fr\/wp-json\/wp\/v2\/product\/4136","targetHints":{"allow":["GET"]}}],"collection":[{"href":"https:\/\/cedrat-technologies.com\/fr\/wp-json\/wp\/v2\/product"}],"about":[{"href":"https:\/\/cedrat-technologies.com\/fr\/wp-json\/wp\/v2\/types\/product"}],"replies":[{"embeddable":true,"href":"https:\/\/cedrat-technologies.com\/fr\/wp-json\/wp\/v2\/comments?post=4136"}],"version-history":[{"count":0,"href":"https:\/\/cedrat-technologies.com\/fr\/wp-json\/wp\/v2\/product\/4136\/revisions"}],"wp:featuredmedia":[{"embeddable":true,"href":"https:\/\/cedrat-technologies.com\/fr\/wp-json\/wp\/v2\/media\/4144"}],"wp:attachment":[{"href":"https:\/\/cedrat-technologies.com\/fr\/wp-json\/wp\/v2\/media?parent=4136"}],"wp:term":[{"taxonomy":"product_brand","embeddable":true,"href":"https:\/\/cedrat-technologies.com\/fr\/wp-json\/wp\/v2\/product_brand?post=4136"},{"taxonomy":"product_cat","embeddable":true,"href":"https:\/\/cedrat-technologies.com\/fr\/wp-json\/wp\/v2\/product_cat?post=4136"},{"taxonomy":"product_tag","embeddable":true,"href":"https:\/\/cedrat-technologies.com\/fr\/wp-json\/wp\/v2\/product_tag?post=4136"}],"curies":[{"name":"wp","href":"https:\/\/api.w.org\/{rel}","templated":true}]}}