{"id":4128,"date":"2023-05-09T09:32:52","date_gmt":"2023-05-09T07:32:52","guid":{"rendered":"http:\/\/cedrat-technologies.com\/produit\/p-fsm150s\/"},"modified":"2025-06-16T08:37:48","modified_gmt":"2025-06-16T06:37:48","slug":"p-fsm150s","status":"publish","type":"product","link":"https:\/\/cedrat-technologies.com\/fr\/produit\/p-fsm150s\/","title":{"rendered":"P-FSM150S"},"content":{"rendered":"<p>Le P-FSM150S est un Fast Steering Mirror pi\u00e9zo\u00e9lectrique avec une ouverture optique de + de 15 mm de diam\u00e8tre (avec un substrat en SiC, m\u00e9tal ou verre) et une course angulaire de + de 18 mrad. Le P-FSM150S est \u00e9quip\u00e9 de jauges de contraintes (Strain Gauges, SG) pour un contr\u00f4le pr\u00e9cis en positionnement. Le P-FSM150S a \u00e9t\u00e9 qualifi\u00e9 pour les conditions environementales spatiales.<\/p>\n","protected":false},"excerpt":{"rendered":"<p>Le P-FSM150S est un Fast Steering Mirror pi\u00e9zo\u00e9lectrique avec une ouverture optique de + de 15 mm de diam\u00e8tre (avec un substrat en SiC, m\u00e9tal ou verre) et une course angulaire de + de 18 mrad. Le P-FSM150S est \u00e9quip\u00e9 de jauges de contraintes (Strain Gauges, SG) pour un contr\u00f4le pr\u00e9cis en positionnement. Le P-FSM150S &#8230; <a title=\"P-FSM150S\" class=\"read-more\" href=\"https:\/\/cedrat-technologies.com\/fr\/produit\/p-fsm150s\/\" aria-label=\"En savoir plus sur P-FSM150S\">Lire la suite<\/a><\/p>\n","protected":false},"featured_media":28853,"comment_status":"closed","ping_status":"closed","template":"","meta":{"_acf_changed":false,"_seopress_robots_primary_cat":"none","_seopress_titles_title":"","_seopress_titles_desc":"","_seopress_robots_index":""},"product_brand":[],"product_cat":[191,1350],"product_tag":[],"class_list":{"0":"post-4128","1":"product","2":"type-product","3":"status-publish","4":"has-post-thumbnail","6":"product_cat-fast-steering-mirrors","7":"product_cat-fast-steering-mirrors-fast-steering-mirrors","8":"pa_course-angulaire-max-18-mrad","9":"pa_dimensions-61mm63mmh30mm","10":"pa_loaded-resonance-frequency-700-hz-fr-2","11":"pa_statut-standard","13":"first","14":"instock","15":"product-type-simple"},"acf":[],"_links":{"self":[{"href":"https:\/\/cedrat-technologies.com\/fr\/wp-json\/wp\/v2\/product\/4128","targetHints":{"allow":["GET"]}}],"collection":[{"href":"https:\/\/cedrat-technologies.com\/fr\/wp-json\/wp\/v2\/product"}],"about":[{"href":"https:\/\/cedrat-technologies.com\/fr\/wp-json\/wp\/v2\/types\/product"}],"replies":[{"embeddable":true,"href":"https:\/\/cedrat-technologies.com\/fr\/wp-json\/wp\/v2\/comments?post=4128"}],"version-history":[{"count":0,"href":"https:\/\/cedrat-technologies.com\/fr\/wp-json\/wp\/v2\/product\/4128\/revisions"}],"wp:featuredmedia":[{"embeddable":true,"href":"https:\/\/cedrat-technologies.com\/fr\/wp-json\/wp\/v2\/media\/28853"}],"wp:attachment":[{"href":"https:\/\/cedrat-technologies.com\/fr\/wp-json\/wp\/v2\/media?parent=4128"}],"wp:term":[{"taxonomy":"product_brand","embeddable":true,"href":"https:\/\/cedrat-technologies.com\/fr\/wp-json\/wp\/v2\/product_brand?post=4128"},{"taxonomy":"product_cat","embeddable":true,"href":"https:\/\/cedrat-technologies.com\/fr\/wp-json\/wp\/v2\/product_cat?post=4128"},{"taxonomy":"product_tag","embeddable":true,"href":"https:\/\/cedrat-technologies.com\/fr\/wp-json\/wp\/v2\/product_tag?post=4128"}],"curies":[{"name":"wp","href":"https:\/\/api.w.org\/{rel}","templated":true}]}}