{"id":3933,"date":"2023-05-09T09:32:13","date_gmt":"2023-05-09T07:32:13","guid":{"rendered":"http:\/\/cedrat-technologies.com\/produit\/apa95ml\/"},"modified":"2025-02-14T11:03:14","modified_gmt":"2025-02-14T10:03:14","slug":"apa95ml","status":"publish","type":"product","link":"https:\/\/cedrat-technologies.com\/fr\/produit\/apa95ml\/","title":{"rendered":"APA95ML"},"content":{"rendered":"<p>Applications : Contr\u00f4le actif de vibration pour robots m\u00e9dicaux &#8211; Agitateurs haute fr\u00e9quence &#8211; Test de fatigue par frottement (fretting) &#8211; Positionneur qualifi\u00e9 pour le spatial<\/p>\n","protected":false},"excerpt":{"rendered":"<p>Applications : Contr\u00f4le actif de vibration pour robots m\u00e9dicaux &#8211; Agitateurs haute fr\u00e9quence &#8211; Test de fatigue par frottement (fretting) &#8211; Positionneur qualifi\u00e9 pour le spatial<\/p>\n","protected":false},"featured_media":3947,"comment_status":"closed","ping_status":"closed","template":"","meta":{"_acf_changed":false,"_seopress_robots_primary_cat":"none","_seopress_titles_title":"","_seopress_titles_desc":"","_seopress_robots_index":""},"product_brand":[],"product_cat":[1348,1347],"product_tag":[],"class_list":{"0":"post-3933","1":"product","2":"type-product","3":"status-publish","4":"has-post-thumbnail","6":"product_cat-actionneur-piezo-amplifie-actionneurs-piezo","7":"product_cat-actionneurs-piezo","8":"pa_capacite-105","9":"pa_course-nominale-153","10":"pa_force-bloquee-152","11":"pa_frequence-de-resonance-1725","12":"pa_options-disponibles-jauge-de-contrainte-compatibilite-vide","13":"pa_raideur-154","14":"pa_statut-standard","16":"first","17":"instock","18":"product-type-simple"},"acf":[],"_links":{"self":[{"href":"https:\/\/cedrat-technologies.com\/fr\/wp-json\/wp\/v2\/product\/3933","targetHints":{"allow":["GET"]}}],"collection":[{"href":"https:\/\/cedrat-technologies.com\/fr\/wp-json\/wp\/v2\/product"}],"about":[{"href":"https:\/\/cedrat-technologies.com\/fr\/wp-json\/wp\/v2\/types\/product"}],"replies":[{"embeddable":true,"href":"https:\/\/cedrat-technologies.com\/fr\/wp-json\/wp\/v2\/comments?post=3933"}],"version-history":[{"count":0,"href":"https:\/\/cedrat-technologies.com\/fr\/wp-json\/wp\/v2\/product\/3933\/revisions"}],"wp:featuredmedia":[{"embeddable":true,"href":"https:\/\/cedrat-technologies.com\/fr\/wp-json\/wp\/v2\/media\/3947"}],"wp:attachment":[{"href":"https:\/\/cedrat-technologies.com\/fr\/wp-json\/wp\/v2\/media?parent=3933"}],"wp:term":[{"taxonomy":"product_brand","embeddable":true,"href":"https:\/\/cedrat-technologies.com\/fr\/wp-json\/wp\/v2\/product_brand?post=3933"},{"taxonomy":"product_cat","embeddable":true,"href":"https:\/\/cedrat-technologies.com\/fr\/wp-json\/wp\/v2\/product_cat?post=3933"},{"taxonomy":"product_tag","embeddable":true,"href":"https:\/\/cedrat-technologies.com\/fr\/wp-json\/wp\/v2\/product_tag?post=3933"}],"curies":[{"name":"wp","href":"https:\/\/api.w.org\/{rel}","templated":true}]}}