{"id":3761,"date":"2023-05-09T09:31:34","date_gmt":"2023-05-09T07:31:34","guid":{"rendered":"http:\/\/cedrat-technologies.com\/produit\/apa40sm\/"},"modified":"2025-02-14T11:03:19","modified_gmt":"2025-02-14T10:03:19","slug":"apa40sm","status":"publish","type":"product","link":"https:\/\/cedrat-technologies.com\/fr\/produit\/apa40sm\/","title":{"rendered":"APA40SM"},"content":{"rendered":"<p>Applications : R\u00e9cup\u00e9rateur de choc d&rsquo;\u00e9nergie dans les interrupteurs sans fil &#8211; Cyclage de mat\u00e9riaux sous contrainte &#8211; Injecteurs<\/p>\n","protected":false},"excerpt":{"rendered":"<p>Applications : R\u00e9cup\u00e9rateur de choc d&rsquo;\u00e9nergie dans les interrupteurs sans fil &#8211; Cyclage de mat\u00e9riaux sous contrainte &#8211; Injecteurs<\/p>\n","protected":false},"featured_media":3775,"comment_status":"closed","ping_status":"closed","template":"","meta":{"_acf_changed":false,"_seopress_robots_primary_cat":"none","_seopress_titles_title":"","_seopress_titles_desc":"","_seopress_robots_index":""},"product_brand":[],"product_cat":[1348,1347],"product_tag":[],"class_list":{"0":"post-3761","1":"product","2":"type-product","3":"status-publish","4":"has-post-thumbnail","6":"product_cat-actionneur-piezo-amplifie-actionneurs-piezo","7":"product_cat-actionneurs-piezo","8":"pa_capacite-85","9":"pa_course-nominale-119","10":"pa_force-bloquee-118","11":"pa_frequence-de-resonance-1714","12":"pa_options-disponibles-jauge-de-contrainte-compatibilite-vide","13":"pa_raideur-120","14":"pa_statut-standard","16":"first","17":"instock","18":"product-type-simple"},"acf":[],"_links":{"self":[{"href":"https:\/\/cedrat-technologies.com\/fr\/wp-json\/wp\/v2\/product\/3761","targetHints":{"allow":["GET"]}}],"collection":[{"href":"https:\/\/cedrat-technologies.com\/fr\/wp-json\/wp\/v2\/product"}],"about":[{"href":"https:\/\/cedrat-technologies.com\/fr\/wp-json\/wp\/v2\/types\/product"}],"replies":[{"embeddable":true,"href":"https:\/\/cedrat-technologies.com\/fr\/wp-json\/wp\/v2\/comments?post=3761"}],"version-history":[{"count":0,"href":"https:\/\/cedrat-technologies.com\/fr\/wp-json\/wp\/v2\/product\/3761\/revisions"}],"wp:featuredmedia":[{"embeddable":true,"href":"https:\/\/cedrat-technologies.com\/fr\/wp-json\/wp\/v2\/media\/3775"}],"wp:attachment":[{"href":"https:\/\/cedrat-technologies.com\/fr\/wp-json\/wp\/v2\/media?parent=3761"}],"wp:term":[{"taxonomy":"product_brand","embeddable":true,"href":"https:\/\/cedrat-technologies.com\/fr\/wp-json\/wp\/v2\/product_brand?post=3761"},{"taxonomy":"product_cat","embeddable":true,"href":"https:\/\/cedrat-technologies.com\/fr\/wp-json\/wp\/v2\/product_cat?post=3761"},{"taxonomy":"product_tag","embeddable":true,"href":"https:\/\/cedrat-technologies.com\/fr\/wp-json\/wp\/v2\/product_tag?post=3761"}],"curies":[{"name":"wp","href":"https:\/\/api.w.org\/{rel}","templated":true}]}}