{"id":3617,"date":"2023-05-09T09:31:34","date_gmt":"2023-05-09T07:31:34","guid":{"rendered":"http:\/\/cedrat-technologies.com\/produit\/apa600mml\/"},"modified":"2025-02-14T11:03:45","modified_gmt":"2025-02-14T10:03:45","slug":"apa600mml","status":"publish","type":"product","link":"https:\/\/cedrat-technologies.com\/fr\/produit\/apa600mml\/","title":{"rendered":"APA600MML"},"content":{"rendered":"<p>Applications : Stabilisation active d&rsquo;une balance de Watt &#8211; Agitateurs haute fr\u00e9quence &#8211; Elasto-IRM &#8211; Modulation de cavit\u00e9 dans les interf\u00e9rom\u00e8tres \u00e0 longue base<\/p>\n","protected":false},"excerpt":{"rendered":"<p>Applications : Stabilisation active d&rsquo;une balance de Watt &#8211; Agitateurs haute fr\u00e9quence &#8211; Elasto-IRM &#8211; Modulation de cavit\u00e9 dans les interf\u00e9rom\u00e8tres \u00e0 longue base<\/p>\n","protected":false},"featured_media":3628,"comment_status":"closed","ping_status":"closed","template":"","meta":{"_acf_changed":false,"_seopress_robots_primary_cat":"none","_seopress_titles_title":"","_seopress_titles_desc":"","_seopress_robots_index":""},"product_brand":[],"product_cat":[1348,1347],"product_tag":[],"class_list":{"0":"post-3617","1":"product","2":"type-product","3":"status-publish","4":"has-post-thumbnail","6":"product_cat-actionneur-piezo-amplifie-actionneurs-piezo","7":"product_cat-actionneurs-piezo","8":"pa_capacite-93","9":"pa_course-nominale-94","10":"pa_force-bloquee-92","11":"pa_frequence-de-resonance-1705","12":"pa_options-disponibles-jauge-de-contrainte-coque-non-magnetique-compatibilite-vide","13":"pa_raideur-95","14":"pa_statut-standard","16":"first","17":"instock","18":"product-type-simple"},"acf":[],"_links":{"self":[{"href":"https:\/\/cedrat-technologies.com\/fr\/wp-json\/wp\/v2\/product\/3617","targetHints":{"allow":["GET"]}}],"collection":[{"href":"https:\/\/cedrat-technologies.com\/fr\/wp-json\/wp\/v2\/product"}],"about":[{"href":"https:\/\/cedrat-technologies.com\/fr\/wp-json\/wp\/v2\/types\/product"}],"replies":[{"embeddable":true,"href":"https:\/\/cedrat-technologies.com\/fr\/wp-json\/wp\/v2\/comments?post=3617"}],"version-history":[{"count":0,"href":"https:\/\/cedrat-technologies.com\/fr\/wp-json\/wp\/v2\/product\/3617\/revisions"}],"wp:featuredmedia":[{"embeddable":true,"href":"https:\/\/cedrat-technologies.com\/fr\/wp-json\/wp\/v2\/media\/3628"}],"wp:attachment":[{"href":"https:\/\/cedrat-technologies.com\/fr\/wp-json\/wp\/v2\/media?parent=3617"}],"wp:term":[{"taxonomy":"product_brand","embeddable":true,"href":"https:\/\/cedrat-technologies.com\/fr\/wp-json\/wp\/v2\/product_brand?post=3617"},{"taxonomy":"product_cat","embeddable":true,"href":"https:\/\/cedrat-technologies.com\/fr\/wp-json\/wp\/v2\/product_cat?post=3617"},{"taxonomy":"product_tag","embeddable":true,"href":"https:\/\/cedrat-technologies.com\/fr\/wp-json\/wp\/v2\/product_tag?post=3617"}],"curies":[{"name":"wp","href":"https:\/\/api.w.org\/{rel}","templated":true}]}}