{"id":3569,"date":"2023-05-09T09:31:34","date_gmt":"2023-05-09T07:31:34","guid":{"rendered":"http:\/\/cedrat-technologies.com\/produit\/apa400m\/"},"modified":"2025-02-14T11:03:34","modified_gmt":"2025-02-14T10:03:34","slug":"apa400m","status":"publish","type":"product","link":"https:\/\/cedrat-technologies.com\/fr\/produit\/apa400m\/","title":{"rendered":"APA400M"},"content":{"rendered":"<p>Applications : Pinces pour syst\u00e8mes d&rsquo;alimentation de fils &#8211; Positionneur pour microscope invers\u00e9 &#8211; Technologie de retour haptique pour \u00e9cran tactile &#8211; R\u00e9cup\u00e9rateurs d&rsquo;\u00e9nergie<\/p>\n","protected":false},"excerpt":{"rendered":"<p>Applications : Pinces pour syst\u00e8mes d&rsquo;alimentation de fils &#8211; Positionneur pour microscope invers\u00e9 &#8211; Technologie de retour haptique pour \u00e9cran tactile &#8211; R\u00e9cup\u00e9rateurs d&rsquo;\u00e9nergie<\/p>\n","protected":false},"featured_media":8085,"comment_status":"closed","ping_status":"closed","template":"","meta":{"_acf_changed":false,"_seopress_robots_primary_cat":"none","_seopress_titles_title":"","_seopress_titles_desc":"","_seopress_robots_index":""},"product_brand":[],"product_cat":[1348,1347],"product_tag":[],"class_list":{"0":"post-3569","1":"product","2":"type-product","3":"status-publish","4":"has-post-thumbnail","6":"product_cat-actionneur-piezo-amplifie-actionneurs-piezo","7":"product_cat-actionneurs-piezo","8":"pa_capacite-72","9":"pa_course-nominale-82","10":"pa_force-bloquee-74","11":"pa_frequence-de-resonance-1702","12":"pa_options-disponibles-jauge-de-contrainte-compatibilite-vide","13":"pa_raideur-83","14":"pa_statut-standard","16":"first","17":"instock","18":"product-type-simple"},"acf":[],"_links":{"self":[{"href":"https:\/\/cedrat-technologies.com\/fr\/wp-json\/wp\/v2\/product\/3569","targetHints":{"allow":["GET"]}}],"collection":[{"href":"https:\/\/cedrat-technologies.com\/fr\/wp-json\/wp\/v2\/product"}],"about":[{"href":"https:\/\/cedrat-technologies.com\/fr\/wp-json\/wp\/v2\/types\/product"}],"replies":[{"embeddable":true,"href":"https:\/\/cedrat-technologies.com\/fr\/wp-json\/wp\/v2\/comments?post=3569"}],"version-history":[{"count":0,"href":"https:\/\/cedrat-technologies.com\/fr\/wp-json\/wp\/v2\/product\/3569\/revisions"}],"wp:featuredmedia":[{"embeddable":true,"href":"https:\/\/cedrat-technologies.com\/fr\/wp-json\/wp\/v2\/media\/8085"}],"wp:attachment":[{"href":"https:\/\/cedrat-technologies.com\/fr\/wp-json\/wp\/v2\/media?parent=3569"}],"wp:term":[{"taxonomy":"product_brand","embeddable":true,"href":"https:\/\/cedrat-technologies.com\/fr\/wp-json\/wp\/v2\/product_brand?post=3569"},{"taxonomy":"product_cat","embeddable":true,"href":"https:\/\/cedrat-technologies.com\/fr\/wp-json\/wp\/v2\/product_cat?post=3569"},{"taxonomy":"product_tag","embeddable":true,"href":"https:\/\/cedrat-technologies.com\/fr\/wp-json\/wp\/v2\/product_tag?post=3569"}],"curies":[{"name":"wp","href":"https:\/\/api.w.org\/{rel}","templated":true}]}}