{"id":3541,"date":"2023-05-09T09:31:34","date_gmt":"2023-05-09T07:31:34","guid":{"rendered":"http:\/\/cedrat-technologies.com\/produit\/apa600m\/"},"modified":"2025-02-14T11:03:28","modified_gmt":"2025-02-14T10:03:28","slug":"apa600m","status":"publish","type":"product","link":"https:\/\/cedrat-technologies.com\/fr\/produit\/apa600m\/","title":{"rendered":"APA600M"},"content":{"rendered":"<p>Applications : Pinces pour syst\u00e8mes d&rsquo;alimentation de fils &#8211; Positionneur pour microscope invers\u00e9 &#8211; Technologie de retour haptique pour \u00e9cran tactile &#8211; R\u00e9cup\u00e9rateurs d&rsquo;\u00e9nergie<\/p>\n","protected":false},"excerpt":{"rendered":"<p>Applications : Pinces pour syst\u00e8mes d&rsquo;alimentation de fils &#8211; Positionneur pour microscope invers\u00e9 &#8211; Technologie de retour haptique pour \u00e9cran tactile &#8211; R\u00e9cup\u00e9rateurs d&rsquo;\u00e9nergie<\/p>\n","protected":false},"featured_media":3549,"comment_status":"closed","ping_status":"closed","template":"","meta":{"_acf_changed":false,"_seopress_robots_primary_cat":"none","_seopress_titles_title":"","_seopress_titles_desc":"","_seopress_robots_index":""},"product_brand":[],"product_cat":[1348,1347],"product_tag":[],"class_list":{"0":"post-3541","1":"product","2":"type-product","3":"status-publish","4":"has-post-thumbnail","6":"product_cat-actionneur-piezo-amplifie-actionneurs-piezo","7":"product_cat-actionneurs-piezo","8":"pa_capacite-72","9":"pa_course-nominale-75","10":"pa_force-bloquee-24-fr","11":"pa_frequence-de-resonance-1700","12":"pa_options-disponibles-jauge-de-contrainte-compatibilite-vide","13":"pa_raideur-76","14":"pa_statut-standard","16":"first","17":"instock","18":"product-type-simple"},"acf":[],"_links":{"self":[{"href":"https:\/\/cedrat-technologies.com\/fr\/wp-json\/wp\/v2\/product\/3541","targetHints":{"allow":["GET"]}}],"collection":[{"href":"https:\/\/cedrat-technologies.com\/fr\/wp-json\/wp\/v2\/product"}],"about":[{"href":"https:\/\/cedrat-technologies.com\/fr\/wp-json\/wp\/v2\/types\/product"}],"replies":[{"embeddable":true,"href":"https:\/\/cedrat-technologies.com\/fr\/wp-json\/wp\/v2\/comments?post=3541"}],"version-history":[{"count":0,"href":"https:\/\/cedrat-technologies.com\/fr\/wp-json\/wp\/v2\/product\/3541\/revisions"}],"wp:featuredmedia":[{"embeddable":true,"href":"https:\/\/cedrat-technologies.com\/fr\/wp-json\/wp\/v2\/media\/3549"}],"wp:attachment":[{"href":"https:\/\/cedrat-technologies.com\/fr\/wp-json\/wp\/v2\/media?parent=3541"}],"wp:term":[{"taxonomy":"product_brand","embeddable":true,"href":"https:\/\/cedrat-technologies.com\/fr\/wp-json\/wp\/v2\/product_brand?post=3541"},{"taxonomy":"product_cat","embeddable":true,"href":"https:\/\/cedrat-technologies.com\/fr\/wp-json\/wp\/v2\/product_cat?post=3541"},{"taxonomy":"product_tag","embeddable":true,"href":"https:\/\/cedrat-technologies.com\/fr\/wp-json\/wp\/v2\/product_tag?post=3541"}],"curies":[{"name":"wp","href":"https:\/\/api.w.org\/{rel}","templated":true}]}}