{"id":3507,"date":"2023-05-09T09:31:34","date_gmt":"2023-05-09T07:31:34","guid":{"rendered":"http:\/\/cedrat-technologies.com\/produit\/apa50xs\/"},"modified":"2025-02-14T11:03:19","modified_gmt":"2025-02-14T10:03:19","slug":"apa50xs","status":"publish","type":"product","link":"https:\/\/cedrat-technologies.com\/fr\/produit\/apa50xs\/","title":{"rendered":"APA50XS"},"content":{"rendered":"<p>Applications : M\u00e9canismes optiques miniatures &#8211; Contr\u00f4le dynamique de micro-vannes &#8211; Dispositifs orientables miniatures qualifi\u00e9s pour le spatial &#8211; Frein miniatures<\/p>\n","protected":false},"excerpt":{"rendered":"<p>Applications : M\u00e9canismes optiques miniatures &#8211; Contr\u00f4le dynamique de micro-vannes &#8211; Dispositifs orientables miniatures qualifi\u00e9s pour le spatial &#8211; Frein miniatures<\/p>\n","protected":false},"featured_media":3521,"comment_status":"closed","ping_status":"closed","template":"","meta":{"_acf_changed":false,"_seopress_robots_primary_cat":"none","_seopress_titles_title":"","_seopress_titles_desc":"","_seopress_robots_index":""},"product_brand":[],"product_cat":[1348,1347],"product_tag":[],"class_list":{"0":"post-3507","1":"product","2":"type-product","3":"status-publish","4":"has-post-thumbnail","6":"product_cat-actionneur-piezo-amplifie-actionneurs-piezo","7":"product_cat-actionneurs-piezo","8":"pa_capacite-68","9":"pa_course-nominale-69","10":"pa_force-bloquee-67","11":"pa_frequence-de-resonance-1698","12":"pa_options-disponibles-coque-non-magnetique-compatibilite-vide","13":"pa_raideur-70","14":"pa_statut-standard","16":"first","17":"instock","18":"product-type-simple"},"acf":[],"_links":{"self":[{"href":"https:\/\/cedrat-technologies.com\/fr\/wp-json\/wp\/v2\/product\/3507","targetHints":{"allow":["GET"]}}],"collection":[{"href":"https:\/\/cedrat-technologies.com\/fr\/wp-json\/wp\/v2\/product"}],"about":[{"href":"https:\/\/cedrat-technologies.com\/fr\/wp-json\/wp\/v2\/types\/product"}],"replies":[{"embeddable":true,"href":"https:\/\/cedrat-technologies.com\/fr\/wp-json\/wp\/v2\/comments?post=3507"}],"version-history":[{"count":0,"href":"https:\/\/cedrat-technologies.com\/fr\/wp-json\/wp\/v2\/product\/3507\/revisions"}],"wp:featuredmedia":[{"embeddable":true,"href":"https:\/\/cedrat-technologies.com\/fr\/wp-json\/wp\/v2\/media\/3521"}],"wp:attachment":[{"href":"https:\/\/cedrat-technologies.com\/fr\/wp-json\/wp\/v2\/media?parent=3507"}],"wp:term":[{"taxonomy":"product_brand","embeddable":true,"href":"https:\/\/cedrat-technologies.com\/fr\/wp-json\/wp\/v2\/product_brand?post=3507"},{"taxonomy":"product_cat","embeddable":true,"href":"https:\/\/cedrat-technologies.com\/fr\/wp-json\/wp\/v2\/product_cat?post=3507"},{"taxonomy":"product_tag","embeddable":true,"href":"https:\/\/cedrat-technologies.com\/fr\/wp-json\/wp\/v2\/product_tag?post=3507"}],"curies":[{"name":"wp","href":"https:\/\/api.w.org\/{rel}","templated":true}]}}