{"id":29132,"date":"2025-06-20T15:50:34","date_gmt":"2025-06-20T13:50:34","guid":{"rendered":"https:\/\/cedrat-technologies.com\/?post_type=product&#038;p=29132"},"modified":"2026-01-14T17:18:10","modified_gmt":"2026-01-14T16:18:10","slug":"pla05","status":"publish","type":"product","link":"https:\/\/cedrat-technologies.com\/fr\/produit\/pla05\/","title":{"rendered":"PLa05"},"content":{"rendered":"\t\t<div data-elementor-type=\"product-post\" data-elementor-id=\"29132\" class=\"elementor elementor-29132\" data-elementor-post-type=\"product\">\n\t\t\t\t<div class=\"elementor-element elementor-element-643a72cf e-flex e-con-boxed e-con e-parent\" data-id=\"643a72cf\" data-element_type=\"container\" data-e-type=\"container\">\n\t\t\t\t\t<div class=\"e-con-inner\">\n\t\t\t\t<div class=\"elementor-element elementor-element-533212e2 elementor-widget elementor-widget-text-editor\" data-id=\"533212e2\" data-element_type=\"widget\" data-e-type=\"widget\" data-widget_type=\"text-editor.default\">\n\t\t\t\t<div class=\"elementor-widget-container\">\n\t\t\t\t\t\t\t\t\t<p data-prosemirror-content-type=\"node\" data-prosemirror-node-name=\"paragraph\" data-prosemirror-node-block=\"true\" data-pm-slice=\"1 1 []\">L&rsquo;\u00e9lectronique de commande PLa05 constitue une nouvelle alternative \u00e0 l&rsquo;\u00e9lectronique LA75B\u00a0pour la commande d&rsquo;actionneurs pi\u00e9zo\u00e9lectriques. Forte de 20 ans de succ\u00e8s avec la LA75B, la PLa25 offre plusieurs avantages\u00a0: bien qu&rsquo;il s&rsquo;agisse d&rsquo;une \u00e9lectronique de puissance, la PLa05 est <strong>marqu\u00e9e CE<\/strong>, garantissant ainsi une solution s\u00fbre, efficace et polyvalente pour les applications de laboratoire ou industrielles. Plus compacte et plus facile \u00e0 int\u00e9grer que la LA75B, la PLa05 peut \u00eatre install\u00e9e dans une armoire tierce ou un bo\u00eetier de table. Les modules PLa05 peuvent \u00eatre combin\u00e9s en topologie ma\u00eetre\/esclave pour des configurations multicanaux ou push-pull. Elle d\u00e9livre un courant de 0,5\u00a0A en r\u00e9gime permanent\u00a0et un courant de cr\u00eate de 1\u00a0A, avec une plage de tension de 170\u00a0V. Cette tension, r\u00e9glable de -20\u00a0V \u00e0 150\u00a0V, est parfaitement adapt\u00e9e aux actionneurs et m\u00e9canismes pi\u00e9zo\u00e9lectriques CTEC. Leurs capacit\u00e9s dynamiques sont ainsi bien exploit\u00e9es\u00a0gr\u00e2ce aux courants maximums disponibles avec la PLa05. Son rapport signal\/bruit sup\u00e9rieur \u00e0 celui de la LA75B\u00a0assure une meilleure r\u00e9solution et une plus grande pr\u00e9cision. La s\u00e9rie PLA permet de combiner des drivers, des conditionneurs de capteurs, des contr\u00f4leurs et des modules de communication. Le nouveau contr\u00f4leur UC int\u00e8gre un r\u00e9gulateur PID et divers filtres de stabilisation, notamment des filtres coupe-bande pour att\u00e9nuer les probl\u00e8mes li\u00e9s aux fr\u00e9quences de r\u00e9sonance. Il offre \u00e9galement une vitesse de communication plus \u00e9lev\u00e9e. Enfin, et surtout, il est plus \u00e9conomique.<\/p>\t\t\t\t\t\t\t\t<\/div>\n\t\t\t\t<\/div>\n\t\t\t\t\t<\/div>\n\t\t\t\t<\/div>\n\t\t\t\t<\/div>\n\t\t","protected":false},"excerpt":{"rendered":"<p>L&rsquo;\u00e9lectronique de commande PLa05 constitue une nouvelle alternative \u00e0 l&rsquo;\u00e9lectronique LA75B\u00a0pour la commande d&rsquo;actionneurs pi\u00e9zo\u00e9lectriques. Forte de 20 ans de succ\u00e8s avec la LA75B, la PLa25 offre plusieurs avantages\u00a0: bien qu&rsquo;il s&rsquo;agisse d&rsquo;une \u00e9lectronique de puissance, la PLa05 est marqu\u00e9e CE, garantissant ainsi une solution s\u00fbre, efficace et polyvalente pour les applications de laboratoire ou &#8230; <a title=\"PLa05\" class=\"read-more\" href=\"https:\/\/cedrat-technologies.com\/fr\/produit\/pla05\/\" aria-label=\"En savoir plus sur PLa05\">Lire la suite<\/a><\/p>\n","protected":false},"featured_media":30685,"comment_status":"closed","ping_status":"closed","template":"","meta":{"_acf_changed":false,"_seopress_robots_primary_cat":"none","_seopress_titles_title":"Amplificateur Lin\u00e9aire %%post_title%% %%sep%% %%sitetitle%%","_seopress_titles_desc":"","_seopress_robots_index":""},"product_brand":[],"product_cat":[1360,2471],"product_tag":[],"class_list":{"0":"post-29132","1":"product","2":"type-product","3":"status-publish","4":"has-post-thumbnail","6":"product_cat-controleurs-piezo","7":"product_cat-gamme-pla","8":"pa_courant-de-sortie-max-1-a-fr","9":"pa_plage-de-tension-de-sortie-20-150-v","11":"first","12":"instock","13":"shipping-taxable","14":"product-type-simple"},"acf":[],"_links":{"self":[{"href":"https:\/\/cedrat-technologies.com\/fr\/wp-json\/wp\/v2\/product\/29132","targetHints":{"allow":["GET"]}}],"collection":[{"href":"https:\/\/cedrat-technologies.com\/fr\/wp-json\/wp\/v2\/product"}],"about":[{"href":"https:\/\/cedrat-technologies.com\/fr\/wp-json\/wp\/v2\/types\/product"}],"replies":[{"embeddable":true,"href":"https:\/\/cedrat-technologies.com\/fr\/wp-json\/wp\/v2\/comments?post=29132"}],"version-history":[{"count":0,"href":"https:\/\/cedrat-technologies.com\/fr\/wp-json\/wp\/v2\/product\/29132\/revisions"}],"wp:featuredmedia":[{"embeddable":true,"href":"https:\/\/cedrat-technologies.com\/fr\/wp-json\/wp\/v2\/media\/30685"}],"wp:attachment":[{"href":"https:\/\/cedrat-technologies.com\/fr\/wp-json\/wp\/v2\/media?parent=29132"}],"wp:term":[{"taxonomy":"product_brand","embeddable":true,"href":"https:\/\/cedrat-technologies.com\/fr\/wp-json\/wp\/v2\/product_brand?post=29132"},{"taxonomy":"product_cat","embeddable":true,"href":"https:\/\/cedrat-technologies.com\/fr\/wp-json\/wp\/v2\/product_cat?post=29132"},{"taxonomy":"product_tag","embeddable":true,"href":"https:\/\/cedrat-technologies.com\/fr\/wp-json\/wp\/v2\/product_tag?post=29132"}],"curies":[{"name":"wp","href":"https:\/\/api.w.org\/{rel}","templated":true}]}}