{"id":29118,"date":"2025-05-27T16:10:11","date_gmt":"2025-05-27T14:10:11","guid":{"rendered":"https:\/\/cedrat-technologies.com\/?post_type=product&#038;p=29118"},"modified":"2025-06-18T15:47:10","modified_gmt":"2025-06-18T13:47:10","slug":"effets-de-linjection-de-pointe-sur-un-moteur-turbofan-avec-des-actionneurs-non-invasifs-a-grande-vitesse","status":"publish","type":"product","link":"https:\/\/cedrat-technologies.com\/fr\/produit\/effets-de-linjection-de-pointe-sur-un-moteur-turbofan-avec-des-actionneurs-non-invasifs-a-grande-vitesse\/","title":{"rendered":"Effets de l&rsquo;injection de pointe sur un moteur turbofan avec des actionneurs non invasifs \u00e0 grande vitesse"},"content":{"rendered":"","protected":false},"excerpt":{"rendered":"<p>De nouveaux actionneurs pi\u00e9zo\u00e9lectriques ont \u00e9t\u00e9 con\u00e7us et fabriqu\u00e9s avec une nouvelle admission pour le moteur \u00e0 r\u00e9action Larzac 04 C5. Il poss\u00e8de des positions d&rsquo;injection non invasives qui n&rsquo;ont pas d&rsquo;effet mesurable sur le flux d&rsquo;air d&rsquo;admission lorsqu&rsquo;il est \u00e9teint. L&rsquo;objectif principal de la conception du syst\u00e8me \u00e9tait d&rsquo;obtenir une puissance \u00e9lev\u00e9e de l&rsquo;air inject\u00e9 et, par cons\u00e9quent, un SMI \u00e9lev\u00e9. Les r\u00e9sultats pr\u00e9sent\u00e9s permettent d&rsquo;obtenir un SMI maximum de 99%. Diverses conditions de fonctionnement du moteur et positions d&rsquo;injection ont \u00e9t\u00e9 test\u00e9es exp\u00e9rimentalement et discut\u00e9es en ce qui concerne le SMI. En outre, la relation complexe entre les gains de SMI et la consommation de carburant sp\u00e9cifique \u00e0 la pouss\u00e9e (TSFC) est explor\u00e9e dans une analyse d&rsquo;\u00e9quilibre de puissance, r\u00e9v\u00e9lant un compromis entre l&rsquo;am\u00e9lioration de la SMI et l&rsquo;augmentation de la consommation d&rsquo;\u00e9nergie.<\/p>\n","protected":false},"featured_media":29114,"comment_status":"closed","ping_status":"closed","template":"","meta":{"_acf_changed":false,"_seopress_robots_primary_cat":"","_seopress_titles_title":"","_seopress_titles_desc":"","_seopress_robots_index":"yes"},"product_brand":[],"product_cat":[1494,1394,1491,1396,1464],"product_tag":[],"class_list":{"0":"post-29118","1":"product","2":"type-product","3":"status-publish","4":"has-post-thumbnail","6":"product_cat-biomedical-assistance-personnelle-fr-2","7":"product_cat-dispositifs-electro-fluidique","8":"product_cat-domaine-fr","9":"product_cat-injecteur-fr","10":"product_cat-publications-fr","12":"first","13":"instock","14":"downloadable","15":"shipping-taxable","16":"purchasable","17":"product-type-simple"},"acf":[],"_links":{"self":[{"href":"https:\/\/cedrat-technologies.com\/fr\/wp-json\/wp\/v2\/product\/29118","targetHints":{"allow":["GET"]}}],"collection":[{"href":"https:\/\/cedrat-technologies.com\/fr\/wp-json\/wp\/v2\/product"}],"about":[{"href":"https:\/\/cedrat-technologies.com\/fr\/wp-json\/wp\/v2\/types\/product"}],"replies":[{"embeddable":true,"href":"https:\/\/cedrat-technologies.com\/fr\/wp-json\/wp\/v2\/comments?post=29118"}],"version-history":[{"count":0,"href":"https:\/\/cedrat-technologies.com\/fr\/wp-json\/wp\/v2\/product\/29118\/revisions"}],"wp:featuredmedia":[{"embeddable":true,"href":"https:\/\/cedrat-technologies.com\/fr\/wp-json\/wp\/v2\/media\/29114"}],"wp:attachment":[{"href":"https:\/\/cedrat-technologies.com\/fr\/wp-json\/wp\/v2\/media?parent=29118"}],"wp:term":[{"taxonomy":"product_brand","embeddable":true,"href":"https:\/\/cedrat-technologies.com\/fr\/wp-json\/wp\/v2\/product_brand?post=29118"},{"taxonomy":"product_cat","embeddable":true,"href":"https:\/\/cedrat-technologies.com\/fr\/wp-json\/wp\/v2\/product_cat?post=29118"},{"taxonomy":"product_tag","embeddable":true,"href":"https:\/\/cedrat-technologies.com\/fr\/wp-json\/wp\/v2\/product_tag?post=29118"}],"curies":[{"name":"wp","href":"https:\/\/api.w.org\/{rel}","templated":true}]}}