{"id":29045,"date":"2025-06-16T15:19:33","date_gmt":"2025-06-16T13:19:33","guid":{"rendered":"https:\/\/cedrat-technologies.com\/?post_type=product&#038;p=29045"},"modified":"2025-06-16T17:02:37","modified_gmt":"2025-06-16T15:02:37","slug":"ccbu20-ns","status":"publish","type":"product","link":"https:\/\/cedrat-technologies.com\/fr\/produit\/ccbu20-ns\/","title":{"rendered":"CCBu20-NS"},"content":{"rendered":"<p>La CCBu20-NS est une carte de commande compacte double axe, d\u00e9riv\u00e9e de la CCBu20, optimis\u00e9e pour les applications New Space. Con\u00e7ue pour r\u00e9sister aux contraintes du milieu spatial (radiations, vibrations), elle int\u00e8gre des amplificateurs lin\u00e9aires 170Vpp, un conditionneur de jauge de contrainte, une boucle ferm\u00e9e, des interfaces TM\/TC et une communication SPI rapide. Id\u00e9ale pour le pilotage d\u2019actionneurs piezo CTEC dans les petits satellites (DTT, FSM, APA\u00ae, etc.).<\/p>\n","protected":false},"excerpt":{"rendered":"<p>La CCBu20-NS est une carte de commande compacte double axe, d\u00e9riv\u00e9e de la CCBu20, optimis\u00e9e pour les applications New Space. Con\u00e7ue pour r\u00e9sister aux contraintes du milieu spatial (radiations, vibrations), elle int\u00e8gre des amplificateurs lin\u00e9aires 170Vpp, un conditionneur de jauge de contrainte, une boucle ferm\u00e9e, des interfaces TM\/TC et une communication SPI rapide. Id\u00e9ale pour &#8230; <a title=\"CCBu20-NS\" class=\"read-more\" href=\"https:\/\/cedrat-technologies.com\/fr\/produit\/ccbu20-ns\/\" aria-label=\"En savoir plus sur CCBu20-NS\">Lire la suite<\/a><\/p>\n","protected":false},"featured_media":29005,"comment_status":"closed","ping_status":"closed","template":"","meta":{"_acf_changed":false,"_seopress_robots_primary_cat":"none","_seopress_titles_title":"","_seopress_titles_desc":"","_seopress_robots_index":""},"product_brand":[],"product_cat":[1361,1360],"product_tag":[],"class_list":{"0":"post-29045","1":"product","2":"type-product","3":"status-publish","4":"has-post-thumbnail","6":"product_cat-amplificateurs-standalone-piezo-controleurs-piezo","7":"product_cat-controleurs-piezo","8":"pa_available-options-differentes-qualifications-spatiales","9":"pa_nombre-de-canaux-275","10":"pa_option-push-pull-inclue-non-optionnelle","11":"pa_plage-de-tension-de-sortie-20-150-v","12":"pa_statut-prototype","14":"first","15":"instock","16":"shipping-taxable","17":"product-type-simple"},"acf":[],"_links":{"self":[{"href":"https:\/\/cedrat-technologies.com\/fr\/wp-json\/wp\/v2\/product\/29045","targetHints":{"allow":["GET"]}}],"collection":[{"href":"https:\/\/cedrat-technologies.com\/fr\/wp-json\/wp\/v2\/product"}],"about":[{"href":"https:\/\/cedrat-technologies.com\/fr\/wp-json\/wp\/v2\/types\/product"}],"replies":[{"embeddable":true,"href":"https:\/\/cedrat-technologies.com\/fr\/wp-json\/wp\/v2\/comments?post=29045"}],"version-history":[{"count":0,"href":"https:\/\/cedrat-technologies.com\/fr\/wp-json\/wp\/v2\/product\/29045\/revisions"}],"wp:featuredmedia":[{"embeddable":true,"href":"https:\/\/cedrat-technologies.com\/fr\/wp-json\/wp\/v2\/media\/29005"}],"wp:attachment":[{"href":"https:\/\/cedrat-technologies.com\/fr\/wp-json\/wp\/v2\/media?parent=29045"}],"wp:term":[{"taxonomy":"product_brand","embeddable":true,"href":"https:\/\/cedrat-technologies.com\/fr\/wp-json\/wp\/v2\/product_brand?post=29045"},{"taxonomy":"product_cat","embeddable":true,"href":"https:\/\/cedrat-technologies.com\/fr\/wp-json\/wp\/v2\/product_cat?post=29045"},{"taxonomy":"product_tag","embeddable":true,"href":"https:\/\/cedrat-technologies.com\/fr\/wp-json\/wp\/v2\/product_tag?post=29045"}],"curies":[{"name":"wp","href":"https:\/\/api.w.org\/{rel}","templated":true}]}}