{"id":27241,"date":"2024-12-02T09:53:32","date_gmt":"2024-12-02T08:53:32","guid":{"rendered":"https:\/\/cedrat-technologies.com\/produit\/in-situ-monitoring-of-%ce%bcm-sized-electrochemically-generated-corrosion-pits-using-lamb-waves-managed-by-a-sparse-array-of-piezoelectric-transducers\/"},"modified":"2024-12-17T10:58:26","modified_gmt":"2024-12-17T09:58:26","slug":"in-situ-monitoring-of-%ce%bcm-sized-electrochemically-generated-corrosion-pits-using-lamb-waves-managed-by-a-sparse-array-of-piezoelectric-transducers","status":"publish","type":"product","link":"https:\/\/cedrat-technologies.com\/fr\/produit\/in-situ-monitoring-of-%ce%bcm-sized-electrochemically-generated-corrosion-pits-using-lamb-waves-managed-by-a-sparse-array-of-piezoelectric-transducers\/","title":{"rendered":"Surveillance in situ de puits de corrosion de taille microm\u00e9trique g\u00e9n\u00e9r\u00e9s par voie \u00e9lectrochimique \u00e0 l&rsquo;aide d&rsquo;ondes de Lamb g\u00e9r\u00e9es par un r\u00e9seau dispers\u00e9 de transducteurs pi\u00e9zo\u00e9lectriques"},"content":{"rendered":"","protected":false},"excerpt":{"rendered":"<p>La corrosion est une menace majeure dans l&rsquo;industrie a\u00e9ronautique, \u00e0 la fois en termes de s\u00e9curit\u00e9 et de co\u00fbt. Des solutions efficaces, polyvalentes et abordables pour la surveillance de la corrosion sont donc n\u00e9cessaires. Les ondes de Lamb ultrasoniques (LW) semblent \u00eatre tr\u00e8s efficaces pour la surveillance de la corrosion et peuvent \u00eatre rendues rentables et polyvalentes si elles sont \u00e9mises et re\u00e7ues par un r\u00e9seau peu dense d&rsquo;\u00e9l\u00e9ments pi\u00e9zo\u00e9lectriques (PZT). Une solution d&rsquo;ondes lumineuses reposant sur un r\u00e9seau \u00e9pars de PZT et permettant de surveiller la croissance de puits de corrosion de la taille d&rsquo;un \u03bcm sur une plaque d&rsquo;acier inoxydable 316L est \u00e9valu\u00e9e ici. Exp\u00e9rimentalement, la taille du puits de corrosion est contr\u00f4l\u00e9e \u00e9lectrochimiquement \u00e0 la fois par le potentiel \u00e9lectrique impos\u00e9 et par l&rsquo;injection d&rsquo;une solution corrosive de NaCl \u00e0 travers un capillaire situ\u00e9 \u00e0 l&#8217;emplacement souhait\u00e9 du puits. Parall\u00e8lement, la croissance du puits de corrosion est surveill\u00e9e in situ toutes les 10 s par l&rsquo;envoi et la mesure de LW \u00e0 l&rsquo;aide d&rsquo;un r\u00e9seau clairsem\u00e9 de 4 PZTs coll\u00e9s \u00e0 l&rsquo;arri\u00e8re de la plaque d&rsquo;acier subissant la corrosion. Comme information de base, le volume du puits de corrosion est estim\u00e9 comme le volume dissous \u00e9quilibrant les charges \u00e9lectroniques \u00e9chang\u00e9es pendant la corrosion. Le rayon de la fosse de corrosion est en outre v\u00e9rifi\u00e9 apr\u00e8s l&rsquo;exp\u00e9rience avec pr\u00e9cision au moyen d&rsquo;une mesure optique. Les signaux LW mesur\u00e9s sont ensuite post-trait\u00e9s afin de calculer une s\u00e9rie d&rsquo;indices de dommages synth\u00e9tiques (DI). Apr\u00e8s les \u00e9tapes de r\u00e9duction des dimensions, les valeurs DI obtenues sont en tr\u00e8s bonne corr\u00e9lation avec le rayon du puits de corrosion. En utilisant un mod\u00e8le lin\u00e9aire reliant ces valeurs DI au rayon du puits de corrosion, il est d\u00e9montr\u00e9 que les puits de corrosion de 30 \u03bcm \u00e0 150 \u03bcm peuvent \u00eatre d\u00e9tect\u00e9s et localis\u00e9s de mani\u00e8re fiable, et que leur taille \u00e0 venir peut \u00eatre extrapol\u00e9e. Deux exp\u00e9riences ind\u00e9pendantes ont \u00e9t\u00e9 r\u00e9alis\u00e9es afin d&rsquo;assurer la r\u00e9p\u00e9tabilit\u00e9 de l&rsquo;approche propos\u00e9e. Les LW g\u00e9r\u00e9es par un r\u00e9seau de PZT \u00e9pars semblent donc \u00eatre fiables et efficaces pour surveiller la croissance des puits de corrosion de taille microm\u00e9trique sur les plaques d&rsquo;acier 316L. Si elles sont int\u00e9gr\u00e9es dans des structures a\u00e9ronautiques, ces m\u00e9thodes pourraient constituer une alternative polyvalente et rentable aux proc\u00e9dures d&rsquo;entretien non destructif actuelles, qui n\u00e9cessitent beaucoup de temps et de main-d&rsquo;\u0153uvre.<\/p>\n","protected":false},"featured_media":27220,"comment_status":"closed","ping_status":"closed","template":"","meta":{"_acf_changed":false,"_seopress_robots_primary_cat":"none","_seopress_titles_title":"","_seopress_titles_desc":"","_seopress_robots_index":"yes"},"product_brand":[],"product_cat":[1464,1408],"product_tag":[],"class_list":{"0":"post-27241","1":"product","2":"type-product","3":"status-publish","4":"has-post-thumbnail","6":"product_cat-publications-fr","7":"product_cat-transducteurs-ndt-shm","9":"first","10":"instock","11":"downloadable","12":"shipping-taxable","13":"purchasable","14":"product-type-simple"},"acf":[],"_links":{"self":[{"href":"https:\/\/cedrat-technologies.com\/fr\/wp-json\/wp\/v2\/product\/27241","targetHints":{"allow":["GET"]}}],"collection":[{"href":"https:\/\/cedrat-technologies.com\/fr\/wp-json\/wp\/v2\/product"}],"about":[{"href":"https:\/\/cedrat-technologies.com\/fr\/wp-json\/wp\/v2\/types\/product"}],"replies":[{"embeddable":true,"href":"https:\/\/cedrat-technologies.com\/fr\/wp-json\/wp\/v2\/comments?post=27241"}],"version-history":[{"count":0,"href":"https:\/\/cedrat-technologies.com\/fr\/wp-json\/wp\/v2\/product\/27241\/revisions"}],"wp:featuredmedia":[{"embeddable":true,"href":"https:\/\/cedrat-technologies.com\/fr\/wp-json\/wp\/v2\/media\/27220"}],"wp:attachment":[{"href":"https:\/\/cedrat-technologies.com\/fr\/wp-json\/wp\/v2\/media?parent=27241"}],"wp:term":[{"taxonomy":"product_brand","embeddable":true,"href":"https:\/\/cedrat-technologies.com\/fr\/wp-json\/wp\/v2\/product_brand?post=27241"},{"taxonomy":"product_cat","embeddable":true,"href":"https:\/\/cedrat-technologies.com\/fr\/wp-json\/wp\/v2\/product_cat?post=27241"},{"taxonomy":"product_tag","embeddable":true,"href":"https:\/\/cedrat-technologies.com\/fr\/wp-json\/wp\/v2\/product_tag?post=27241"}],"curies":[{"name":"wp","href":"https:\/\/api.w.org\/{rel}","templated":true}]}}