{"id":27201,"date":"2024-11-25T15:44:34","date_gmt":"2024-11-25T14:44:34","guid":{"rendered":"https:\/\/cedrat-technologies.com\/produit\/magnetic-fast-steering-mirror-for-high-power-feeder-links-applications\/"},"modified":"2024-11-25T15:50:26","modified_gmt":"2024-11-25T14:50:26","slug":"magnetic-fast-steering-mirror-for-high-power-feeder-links-applications","status":"publish","type":"product","link":"https:\/\/cedrat-technologies.com\/fr\/produit\/magnetic-fast-steering-mirror-for-high-power-feeder-links-applications\/","title":{"rendered":"FSM Magn\u00e9tique pour les applications Feeder Links \u00e0 haute puissance"},"content":{"rendered":"","protected":false},"excerpt":{"rendered":"<p>Pour r\u00e9pondre aux exigences de performance des miroirs de pointage fin et \u00e0 orientation rapide pour les communications optiques spatiales, CEDRAT TECHNOLOGIES (CTEC) d\u00e9veloppe une gamme de miroirs magn\u00e9tiques \u00e0 orientation rapide (M-FSM), bas\u00e9e sur le m\u00e9canisme propri\u00e9taire MICA\u2122 d&rsquo;actionneurs magn\u00e9tiques \u00e0 paliers flexibles (Moving Iron Controllable Actuator), avec des capteurs \u00e0 courants de Foucault int\u00e9gr\u00e9s (ECS).<br \/>\nLa conception des FSM pr\u00e9vus pour les liaisons optiques intersatellites (OISL) dans les constellations spatiales \u00e0 grande \u00e9chelle est fortement ax\u00e9e sur la rentabilit\u00e9 obligatoire pour la production r\u00e9currente de grandes quantit\u00e9s, tandis que la conception des FSM pr\u00e9vus pour la communication par liaison de connexion est plut\u00f4t ax\u00e9e sur les exigences des lasers \u00e0 haute puissance avec un niveau \u00e9lev\u00e9 de redondance.<br \/>\nDans cette publication, le CTEC pr\u00e9sente les conceptions M-FSM45 et M-FSM45-HPL, ainsi que les r\u00e9sultats des tests, respectivement pour les communications optiques inter-satellites et de liaison de connexion.<\/p>\n","protected":false},"featured_media":26692,"comment_status":"closed","ping_status":"closed","template":"","meta":{"_acf_changed":false,"_seopress_robots_primary_cat":"none","_seopress_titles_title":"","_seopress_titles_desc":"","_seopress_robots_index":"yes"},"product_brand":[],"product_cat":[1491,1392,1495,1390,1464,2390],"product_tag":[],"class_list":{"0":"post-27201","1":"product","2":"type-product","3":"status-publish","4":"has-post-thumbnail","6":"product_cat-domaine-fr","7":"product_cat-fsm-plateformes-tip-tilt","8":"product_cat-instrumentation-optique-fr","9":"product_cat-mecanismes","10":"product_cat-publications-fr","11":"product_cat-space-fr","13":"first","14":"instock","15":"downloadable","16":"shipping-taxable","17":"purchasable","18":"product-type-simple"},"acf":[],"_links":{"self":[{"href":"https:\/\/cedrat-technologies.com\/fr\/wp-json\/wp\/v2\/product\/27201","targetHints":{"allow":["GET"]}}],"collection":[{"href":"https:\/\/cedrat-technologies.com\/fr\/wp-json\/wp\/v2\/product"}],"about":[{"href":"https:\/\/cedrat-technologies.com\/fr\/wp-json\/wp\/v2\/types\/product"}],"replies":[{"embeddable":true,"href":"https:\/\/cedrat-technologies.com\/fr\/wp-json\/wp\/v2\/comments?post=27201"}],"version-history":[{"count":0,"href":"https:\/\/cedrat-technologies.com\/fr\/wp-json\/wp\/v2\/product\/27201\/revisions"}],"wp:featuredmedia":[{"embeddable":true,"href":"https:\/\/cedrat-technologies.com\/fr\/wp-json\/wp\/v2\/media\/26692"}],"wp:attachment":[{"href":"https:\/\/cedrat-technologies.com\/fr\/wp-json\/wp\/v2\/media?parent=27201"}],"wp:term":[{"taxonomy":"product_brand","embeddable":true,"href":"https:\/\/cedrat-technologies.com\/fr\/wp-json\/wp\/v2\/product_brand?post=27201"},{"taxonomy":"product_cat","embeddable":true,"href":"https:\/\/cedrat-technologies.com\/fr\/wp-json\/wp\/v2\/product_cat?post=27201"},{"taxonomy":"product_tag","embeddable":true,"href":"https:\/\/cedrat-technologies.com\/fr\/wp-json\/wp\/v2\/product_tag?post=27201"}],"curies":[{"name":"wp","href":"https:\/\/api.w.org\/{rel}","templated":true}]}}