{"id":26761,"date":"2024-10-24T11:21:16","date_gmt":"2024-10-24T09:21:16","guid":{"rendered":"https:\/\/cedrat-technologies.com\/?post_type=product&#038;p=26761"},"modified":"2025-02-13T12:03:21","modified_gmt":"2025-02-13T11:03:21","slug":"m-fsm45-hpl","status":"publish","type":"product","link":"https:\/\/cedrat-technologies.com\/fr\/produit\/m-fsm45-hpl\/","title":{"rendered":"M-FSM45-HPL"},"content":{"rendered":"<p>Le M-FSM45-HPL est un Fast Steering Mirror magn\u00e9tique pour laser de haute puissance d&rsquo;une ouverture utile de +16 mm de diam\u00e8tre (substrat SiC, m\u00e9tallique ou en verre) avec une course angulaire de +90 mrad. Le M-FSM45-HPL est \u00e9quip\u00e9 de capteurs de positionnement \u00e0 courants de Foucault (ECS) pour un contr\u00f4le pr\u00e9cis du positionnement. Il est qualifi\u00e9 pour la communication optique Feeder-link, \u00e9tant optimis\u00e9 pour une puissance laser continue sous vide.<\/p>\n","protected":false},"excerpt":{"rendered":"<p>Le M-FSM45-HPL est un Fast Steering Mirror magn\u00e9tique pour laser de haute puissance d&rsquo;une ouverture utile de +16 mm de diam\u00e8tre (substrat SiC, m\u00e9tallique ou en verre) avec une course angulaire de +90 mrad. Le M-FSM45-HPL est \u00e9quip\u00e9 de capteurs de positionnement \u00e0 courants de Foucault (ECS) pour un contr\u00f4le pr\u00e9cis du positionnement. Il est &#8230; <a title=\"M-FSM45-HPL\" class=\"read-more\" href=\"https:\/\/cedrat-technologies.com\/fr\/produit\/m-fsm45-hpl\/\" aria-label=\"En savoir plus sur M-FSM45-HPL\">Lire la suite<\/a><\/p>\n","protected":false},"featured_media":26757,"comment_status":"closed","ping_status":"closed","template":"","meta":{"_acf_changed":false,"_seopress_robots_primary_cat":"none","_seopress_titles_title":"","_seopress_titles_desc":"","_seopress_robots_index":""},"product_brand":[],"product_cat":[191,1350],"product_tag":[],"class_list":{"0":"post-26761","1":"product","2":"type-product","3":"status-publish","4":"has-post-thumbnail","6":"product_cat-fast-steering-mirrors","7":"product_cat-fast-steering-mirrors-fast-steering-mirrors","8":"pa_course-angulaire-max-90-mrad","9":"pa_dimensions-45-60mm-fr","10":"pa_loaded-resonance-frequency-80-hz","11":"pa_statut-standard","13":"first","14":"instock","15":"shipping-taxable","16":"product-type-simple"},"acf":[],"_links":{"self":[{"href":"https:\/\/cedrat-technologies.com\/fr\/wp-json\/wp\/v2\/product\/26761","targetHints":{"allow":["GET"]}}],"collection":[{"href":"https:\/\/cedrat-technologies.com\/fr\/wp-json\/wp\/v2\/product"}],"about":[{"href":"https:\/\/cedrat-technologies.com\/fr\/wp-json\/wp\/v2\/types\/product"}],"replies":[{"embeddable":true,"href":"https:\/\/cedrat-technologies.com\/fr\/wp-json\/wp\/v2\/comments?post=26761"}],"version-history":[{"count":0,"href":"https:\/\/cedrat-technologies.com\/fr\/wp-json\/wp\/v2\/product\/26761\/revisions"}],"wp:featuredmedia":[{"embeddable":true,"href":"https:\/\/cedrat-technologies.com\/fr\/wp-json\/wp\/v2\/media\/26757"}],"wp:attachment":[{"href":"https:\/\/cedrat-technologies.com\/fr\/wp-json\/wp\/v2\/media?parent=26761"}],"wp:term":[{"taxonomy":"product_brand","embeddable":true,"href":"https:\/\/cedrat-technologies.com\/fr\/wp-json\/wp\/v2\/product_brand?post=26761"},{"taxonomy":"product_cat","embeddable":true,"href":"https:\/\/cedrat-technologies.com\/fr\/wp-json\/wp\/v2\/product_cat?post=26761"},{"taxonomy":"product_tag","embeddable":true,"href":"https:\/\/cedrat-technologies.com\/fr\/wp-json\/wp\/v2\/product_tag?post=26761"}],"curies":[{"name":"wp","href":"https:\/\/api.w.org\/{rel}","templated":true}]}}