{"id":26337,"date":"2024-06-14T13:46:38","date_gmt":"2024-06-14T11:46:38","guid":{"rendered":"https:\/\/cedrat-technologies.com\/produit\/a-wideband-vibration-energy-harvester-with-integrated-energy-management-designed-for-harsh-environment\/"},"modified":"2025-01-06T14:38:38","modified_gmt":"2025-01-06T13:38:38","slug":"a-wideband-vibration-energy-harvester-with-integrated-energy-management-designed-for-harsh-environment","status":"publish","type":"product","link":"https:\/\/cedrat-technologies.com\/fr\/produit\/a-wideband-vibration-energy-harvester-with-integrated-energy-management-designed-for-harsh-environment\/","title":{"rendered":"Un collecteur d&rsquo;\u00e9nergie vibratoire \u00e0 large bande avec gestion int\u00e9gr\u00e9e de l&rsquo;\u00e9nergie con\u00e7u pour les environnements difficiles."},"content":{"rendered":"","protected":false},"excerpt":{"rendered":"<p>Les collecteurs d&rsquo;\u00e9nergie bistables (BEH) sont des dispositifs bien adapt\u00e9s pour faire face \u00e0 la variation du spectre de fr\u00e9quence de la source de vibration. En effet, le mouvement non lin\u00e9aire de ce type de collecteur permet d&rsquo;atteindre une bande passante de r\u00e9colte allant jusqu&rsquo;\u00e0 50 % de la fr\u00e9quence de r\u00e9sonance, contre 1 \u00e0 2 % de la fr\u00e9quence de r\u00e9sonance pour les collecteurs d&rsquo;\u00e9nergie lin\u00e9aires conventionnels. CEDRAT TECHNOLOGIES propose une conception utilisant une barre flexible et la technologie APA\u00ae (Amplified Piezoelectric Actuator) bas\u00e9e sur une architecture brevet\u00e9e par l&rsquo;USMB. Le comportement non lin\u00e9aire d&rsquo;un tel type de capteur d&rsquo;\u00e9nergie a d\u00e9j\u00e0 \u00e9t\u00e9 \u00e9tudi\u00e9 dans la litt\u00e9rature et a donn\u00e9 des r\u00e9sultats prometteurs.<br \/>\nEn raison de l&rsquo;utilisation d&rsquo;une barre d\u00e9form\u00e9e, le capteur d&rsquo;\u00e9nergie bistable est tr\u00e8s sensible \u00e0 la dilatation thermique r\u00e9sultant d&rsquo;un environnement difficile. Dans cet article, une conception am\u00e9lior\u00e9e est propos\u00e9e pour g\u00e9rer la dilatation thermique et garantir les capacit\u00e9s de r\u00e9colte dans une large gamme de temp\u00e9ratures allant de -40\u00b0C \u00e0 +80\u00b0C.<\/p>\n<p>En outre, un circuit d&rsquo;extraction \u00e9lectronique a \u00e9t\u00e9 mis en \u0153uvre pour fournir une tension de sortie r\u00e9gul\u00e9e afin d&rsquo;alimenter un IoT. En outre, ce circuit \u00e9lectronique peut g\u00e9rer l&rsquo;exc\u00e8s spontan\u00e9 d&rsquo;\u00e9nergie en le stockant dans un supercondensateur ou une batterie, puis le restituer pour continuer \u00e0 alimenter l&rsquo;IdO lorsque le niveau de vibration diminue. Le BEH avec le circuit d&rsquo;extraction \u00e9lectronique peut g\u00e9n\u00e9rer une puissance de 8mW .<\/p>\n<p>La combinaison d&rsquo;un collecteur d&rsquo;\u00e9nergie bistable athermalis\u00e9 avec un circuit d&rsquo;extraction \u00e9lectronique augmente le niveau de pr\u00e9paration technologique pour \u00eatre int\u00e9gr\u00e9 dans un syst\u00e8me soumis \u00e0 un environnement difficile, comme les applications ferroviaires par exemple.<\/p>\n","protected":false},"featured_media":26126,"comment_status":"closed","ping_status":"closed","template":"","meta":{"_acf_changed":false,"_seopress_robots_primary_cat":"none","_seopress_titles_title":"","_seopress_titles_desc":"","_seopress_robots_index":"yes"},"product_brand":[],"product_cat":[1464,1415],"product_tag":[],"class_list":{"0":"post-26337","1":"product","2":"type-product","3":"status-publish","4":"has-post-thumbnail","6":"product_cat-publications-fr","7":"product_cat-recuperateur-denergie","9":"first","10":"instock","11":"downloadable","12":"shipping-taxable","13":"purchasable","14":"product-type-simple"},"acf":[],"_links":{"self":[{"href":"https:\/\/cedrat-technologies.com\/fr\/wp-json\/wp\/v2\/product\/26337","targetHints":{"allow":["GET"]}}],"collection":[{"href":"https:\/\/cedrat-technologies.com\/fr\/wp-json\/wp\/v2\/product"}],"about":[{"href":"https:\/\/cedrat-technologies.com\/fr\/wp-json\/wp\/v2\/types\/product"}],"replies":[{"embeddable":true,"href":"https:\/\/cedrat-technologies.com\/fr\/wp-json\/wp\/v2\/comments?post=26337"}],"version-history":[{"count":0,"href":"https:\/\/cedrat-technologies.com\/fr\/wp-json\/wp\/v2\/product\/26337\/revisions"}],"wp:featuredmedia":[{"embeddable":true,"href":"https:\/\/cedrat-technologies.com\/fr\/wp-json\/wp\/v2\/media\/26126"}],"wp:attachment":[{"href":"https:\/\/cedrat-technologies.com\/fr\/wp-json\/wp\/v2\/media?parent=26337"}],"wp:term":[{"taxonomy":"product_brand","embeddable":true,"href":"https:\/\/cedrat-technologies.com\/fr\/wp-json\/wp\/v2\/product_brand?post=26337"},{"taxonomy":"product_cat","embeddable":true,"href":"https:\/\/cedrat-technologies.com\/fr\/wp-json\/wp\/v2\/product_cat?post=26337"},{"taxonomy":"product_tag","embeddable":true,"href":"https:\/\/cedrat-technologies.com\/fr\/wp-json\/wp\/v2\/product_tag?post=26337"}],"curies":[{"name":"wp","href":"https:\/\/api.w.org\/{rel}","templated":true}]}}