{"id":26335,"date":"2024-06-14T15:21:06","date_gmt":"2024-06-14T13:21:06","guid":{"rendered":"https:\/\/cedrat-technologies.com\/produit\/improving-dynamic-accuracy-of-closed-loop-bandwidth-of-piezo-mechanisms-with-advanced-control-laws-and-embedded-eddy-current-position-sensors\/"},"modified":"2024-10-01T09:29:55","modified_gmt":"2024-10-01T07:29:55","slug":"improving-dynamic-accuracy-of-closed-loop-bandwidth-of-piezo-mechanisms-with-advanced-control-laws-and-embedded-eddy-current-position-sensors","status":"publish","type":"product","link":"https:\/\/cedrat-technologies.com\/fr\/produit\/improving-dynamic-accuracy-of-closed-loop-bandwidth-of-piezo-mechanisms-with-advanced-control-laws-and-embedded-eddy-current-position-sensors\/","title":{"rendered":"Am\u00e9lioration de la pr\u00e9cision dynamique de la bande passante en boucle ferm\u00e9e des m\u00e9canismes pi\u00e9zo\u00e9lectriques gr\u00e2ce \u00e0 des lois de commande avanc\u00e9es et \u00e0 des capteurs de position \u00e0 courants de Foucault int\u00e9gr\u00e9s"},"content":{"rendered":"","protected":false},"excerpt":{"rendered":"<p>Les miroirs \u00e0 orientation rapide (FSM) jouent un r\u00f4le important dans diverses applications optiques pour la stabilisation du faisceau, l&rsquo;am\u00e9lioration de la nettet\u00e9 de l&rsquo;image ou l&rsquo;orientation dynamique du faisceau. Ces applications exigent que le FSM ait une r\u00e9ponse pr\u00e9cise sur une large gamme de fr\u00e9quences, d&rsquo;o\u00f9 la n\u00e9cessit\u00e9 d&rsquo;un contr\u00f4leur dynamique. Mais le contr\u00f4leur est en fin de compte limit\u00e9, entre autres facteurs, par la performance du capteur : sa capacit\u00e9 \u00e0 mesurer avec pr\u00e9cision la valeur physique requise et avec une largeur de bande suffisante. Les capteurs de courants de Foucault compacts, dynamiques et pr\u00e9cis d\u00e9velopp\u00e9s par Cedrat Technologies, combin\u00e9s \u00e0 un contr\u00f4leur bas\u00e9 sur un mod\u00e8le, permettent d&rsquo;am\u00e9liorer la bande passante de deux fois et demie par rapport \u00e0 la technologie de d\u00e9tection actuelle, tout en \u00e9tant plus pr\u00e9cis dans l&rsquo;ensemble.<\/p>\n","protected":false},"featured_media":26133,"comment_status":"closed","ping_status":"closed","template":"","meta":{"_acf_changed":false,"_seopress_robots_primary_cat":"none","_seopress_titles_title":"","_seopress_titles_desc":"","_seopress_robots_index":"yes"},"product_brand":[],"product_cat":[1416,1392,1390,1404,1464,1403],"product_tag":[],"class_list":{"0":"post-26335","1":"product","2":"type-product","3":"status-publish","4":"has-post-thumbnail","6":"product_cat-capteurs-fr","7":"product_cat-fsm-plateformes-tip-tilt","8":"product_cat-mecanismes","9":"product_cat-pilotage-controle","10":"product_cat-publications-fr","11":"product_cat-systemes-mecatroniques","13":"first","14":"instock","15":"downloadable","16":"shipping-taxable","17":"purchasable","18":"product-type-simple"},"acf":[],"_links":{"self":[{"href":"https:\/\/cedrat-technologies.com\/fr\/wp-json\/wp\/v2\/product\/26335","targetHints":{"allow":["GET"]}}],"collection":[{"href":"https:\/\/cedrat-technologies.com\/fr\/wp-json\/wp\/v2\/product"}],"about":[{"href":"https:\/\/cedrat-technologies.com\/fr\/wp-json\/wp\/v2\/types\/product"}],"replies":[{"embeddable":true,"href":"https:\/\/cedrat-technologies.com\/fr\/wp-json\/wp\/v2\/comments?post=26335"}],"version-history":[{"count":0,"href":"https:\/\/cedrat-technologies.com\/fr\/wp-json\/wp\/v2\/product\/26335\/revisions"}],"wp:featuredmedia":[{"embeddable":true,"href":"https:\/\/cedrat-technologies.com\/fr\/wp-json\/wp\/v2\/media\/26133"}],"wp:attachment":[{"href":"https:\/\/cedrat-technologies.com\/fr\/wp-json\/wp\/v2\/media?parent=26335"}],"wp:term":[{"taxonomy":"product_brand","embeddable":true,"href":"https:\/\/cedrat-technologies.com\/fr\/wp-json\/wp\/v2\/product_brand?post=26335"},{"taxonomy":"product_cat","embeddable":true,"href":"https:\/\/cedrat-technologies.com\/fr\/wp-json\/wp\/v2\/product_cat?post=26335"},{"taxonomy":"product_tag","embeddable":true,"href":"https:\/\/cedrat-technologies.com\/fr\/wp-json\/wp\/v2\/product_tag?post=26335"}],"curies":[{"name":"wp","href":"https:\/\/api.w.org\/{rel}","templated":true}]}}