{"id":26332,"date":"2024-06-14T15:27:37","date_gmt":"2024-06-14T13:27:37","guid":{"rendered":"https:\/\/cedrat-technologies.com\/produit\/magnetic-fast-steering-mirror-for-inter-satellites-and-feeder-link-optical-communication\/"},"modified":"2024-10-01T09:27:01","modified_gmt":"2024-10-01T07:27:01","slug":"magnetic-fast-steering-mirror-for-inter-satellites-and-feeder-link-optical-communication","status":"publish","type":"product","link":"https:\/\/cedrat-technologies.com\/fr\/produit\/magnetic-fast-steering-mirror-for-inter-satellites-and-feeder-link-optical-communication\/","title":{"rendered":"FSM magn\u00e9tique pour les communications optiques intersatellites et par liaison de connexion"},"content":{"rendered":"","protected":false},"excerpt":{"rendered":"<p>Afin de r\u00e9pondre aux exigences de performance des miroirs de pointage fin et de direction rapide pour les communications optiques spatiales, CEDRAT TECHNOLOGIES (CTEC) d\u00e9veloppe une famille de FSM magn\u00e9tiques (M-FSM), bas\u00e9e sur le m\u00e9canisme propri\u00e9taire MICA\u2122 d&rsquo;actionneurs magn\u00e9tiques \u00e0 paliers flexibles (Moving Iron Controllable Actuator), avec des capteurs \u00e0 courants de Foucault int\u00e9gr\u00e9s (ECS).<br \/>\nLa conception des FSM pr\u00e9vus pour les liaisons optiques intersatellites (OISL) dans les constellations spatiales \u00e0 grande \u00e9chelle est fortement ax\u00e9e sur la rentabilit\u00e9 obligatoire pour la production r\u00e9currente de grandes quantit\u00e9s, tandis que la conception des FSM pr\u00e9vus pour la communication par liaison de connexion est plut\u00f4t ax\u00e9e sur les exigences des lasers \u00e0 haute puissance avec un niveau \u00e9lev\u00e9 de redondance.<br \/>\nDans cette publication, le CTEC pr\u00e9sente les conceptions M-FSM45 et M-FSM-HPL, ainsi que les r\u00e9sultats des tests, respectivement pour les communications optiques inter-satellites et de liaison de connexion.<\/p>\n","protected":false},"featured_media":26139,"comment_status":"closed","ping_status":"closed","template":"","meta":{"_acf_changed":false,"_seopress_robots_primary_cat":"none","_seopress_titles_title":"","_seopress_titles_desc":"","_seopress_robots_index":"yes"},"product_brand":[],"product_cat":[1491,1392,1495,1390,1464,1498,2390],"product_tag":[],"class_list":{"0":"post-26332","1":"product","2":"type-product","3":"status-publish","4":"has-post-thumbnail","6":"product_cat-domaine-fr","7":"product_cat-fsm-plateformes-tip-tilt","8":"product_cat-instrumentation-optique-fr","9":"product_cat-mecanismes","10":"product_cat-publications-fr","11":"product_cat-scientific-instrumentation-fr","12":"product_cat-space-fr","14":"first","15":"instock","16":"downloadable","17":"shipping-taxable","18":"purchasable","19":"product-type-simple"},"acf":[],"_links":{"self":[{"href":"https:\/\/cedrat-technologies.com\/fr\/wp-json\/wp\/v2\/product\/26332","targetHints":{"allow":["GET"]}}],"collection":[{"href":"https:\/\/cedrat-technologies.com\/fr\/wp-json\/wp\/v2\/product"}],"about":[{"href":"https:\/\/cedrat-technologies.com\/fr\/wp-json\/wp\/v2\/types\/product"}],"replies":[{"embeddable":true,"href":"https:\/\/cedrat-technologies.com\/fr\/wp-json\/wp\/v2\/comments?post=26332"}],"version-history":[{"count":0,"href":"https:\/\/cedrat-technologies.com\/fr\/wp-json\/wp\/v2\/product\/26332\/revisions"}],"wp:featuredmedia":[{"embeddable":true,"href":"https:\/\/cedrat-technologies.com\/fr\/wp-json\/wp\/v2\/media\/26139"}],"wp:attachment":[{"href":"https:\/\/cedrat-technologies.com\/fr\/wp-json\/wp\/v2\/media?parent=26332"}],"wp:term":[{"taxonomy":"product_brand","embeddable":true,"href":"https:\/\/cedrat-technologies.com\/fr\/wp-json\/wp\/v2\/product_brand?post=26332"},{"taxonomy":"product_cat","embeddable":true,"href":"https:\/\/cedrat-technologies.com\/fr\/wp-json\/wp\/v2\/product_cat?post=26332"},{"taxonomy":"product_tag","embeddable":true,"href":"https:\/\/cedrat-technologies.com\/fr\/wp-json\/wp\/v2\/product_tag?post=26332"}],"curies":[{"name":"wp","href":"https:\/\/api.w.org\/{rel}","templated":true}]}}